{"id":1095384,"date":"2026-04-07T17:42:22","date_gmt":"2026-04-07T15:42:22","guid":{"rendered":"https:\/\/www.claret.cat\/llibre\/sentir-los-colores-9791387869816\/"},"modified":"2026-04-24T10:18:47","modified_gmt":"2026-04-24T08:18:47","slug":"sentir-los-colores-9791387869816","status":"publish","type":"product","link":"https:\/\/www.claret.cat\/es\/libro\/sentir-los-colores-9791387869816\/","title":{"rendered":"SENTIR LOS COLORES"},"content":{"rendered":"<p>EL PARTIDO DURA 90 MINUTOS. LO QUE SIENTES, TODA UNA VIDA.\u00bfCu\u00e1l es el color de la ilusi\u00f3n? \u00bfY el de la alegr\u00eda, la tristeza o el coraje?<br \/> En Sentir los colores, Iker Ruiz del Barco (@elefutbol) nos invita a vivir el f\u00fatbol desde un lugar diferente: el de las emociones que se sienten dentro y fuera del campo.<br \/> A trav\u00e9s de las incre\u00edbles historias que te hicieron amar el f\u00fatbol, este libro recorre los colores de las camisetas, los escudos y las gradas para transformarlos en relatos sobre amistad, esfuerzo, miedo, respeto, rabia y superaci\u00f3n. Porque el f\u00fatbol es mucho m\u00e1s que ganar o perder, es todo lo que aprendemos y sentimos mientras jugamos, animamos o so\u00f1amos.<br \/> Un libro entretenido y cercano, ideal que demuestra que el f\u00fatbol se vive con el coraz\u00f3n\u2026 y que todos sentimos los colores a nuestra manera.<\/p>\n","protected":false},"excerpt":{"rendered":"<p>IKER RUIZ DEL BARCO (@ELEFUTBOL)<\/p>\n","protected":false},"featured_media":1095417,"template":"","meta":{"_acf_changed":false,"om_disable_all_campaigns":false,"rs_blank_template":"","rs_page_bg_color":"","slide_template_v7":"","inline_featured_image":false,"_monsterinsights_skip_tracking":false,"_monsterinsights_sitenote_active":false,"_monsterinsights_sitenote_note":"","_monsterinsights_sitenote_category":0},"product_brand":[],"product_cat":[546,96],"product_tag":[],"class_list":{"0":"post-1095384","1":"product","2":"type-product","3":"status-publish","4":"has-post-thumbnail","6":"product_cat-deportes","7":"product_cat-esports","9":"first","10":"instock","11":"taxable","12":"shipping-taxable","13":"purchasable","14":"product-type-simple"},"acf":{"autor":"IKER RUIZ DEL BARCO (@ELEFUTBOL)","codart":"138786981","libros-coleccion":"","ediciones":"1","encuadernacion":"R\u00fastica","fecha_de_publicacion":"01\/04\/2026","novedad":"1","paginas":"340","subtitulo":"EL PARTIDO DURA 90 MINUTOS. LO QUE SIENTES, TODA UNA VIDA.","orden":"0","portada":"0","idioma":"spa","booktrailer":"","resenas":"","editorial":[{"ID":6209,"post_author":"3","post_date":"2022-07-28 17:47:12","post_date_gmt":"2022-07-28 15:47:12","post_content":"","post_title":"Ediciones Temas de Hoy","post_excerpt":"","post_status":"publish","comment_status":"closed","ping_status":"closed","post_password":"","post_name":"ediciones-temas-de-hoy","to_ping":"","pinged":"","post_modified":"2022-07-28 17:47:12","post_modified_gmt":"2022-07-28 15:47:12","post_content_filtered":"","post_parent":0,"guid":"http:\/\/dev.claret.cat\/editorial\/ediciones-temas-de-hoy\/","menu_order":0,"post_type":"editorial","post_mime_type":"","comment_count":"0","filter":"raw"}]},"aioseo_notices":[],"_links":{"self":[{"href":"https:\/\/www.claret.cat\/es\/wp-json\/wp\/v2\/product\/1095384","targetHints":{"allow":["GET"]}}],"collection":[{"href":"https:\/\/www.claret.cat\/es\/wp-json\/wp\/v2\/product"}],"about":[{"href":"https:\/\/www.claret.cat\/es\/wp-json\/wp\/v2\/types\/product"}],"wp:featuredmedia":[{"embeddable":true,"href":"https:\/\/www.claret.cat\/es\/wp-json\/wp\/v2\/media\/1095417"}],"wp:attachment":[{"href":"https:\/\/www.claret.cat\/es\/wp-json\/wp\/v2\/media?parent=1095384"}],"wp:term":[{"taxonomy":"product_brand","embeddable":true,"href":"https:\/\/www.claret.cat\/es\/wp-json\/wp\/v2\/product_brand?post=1095384"},{"taxonomy":"product_cat","embeddable":true,"href":"https:\/\/www.claret.cat\/es\/wp-json\/wp\/v2\/product_cat?post=1095384"},{"taxonomy":"product_tag","embeddable":true,"href":"https:\/\/www.claret.cat\/es\/wp-json\/wp\/v2\/product_tag?post=1095384"}],"curies":[{"name":"wp","href":"https:\/\/api.w.org\/{rel}","templated":true}]}}