{"id":109540,"date":"2022-10-12T13:33:35","date_gmt":"2022-10-12T11:33:35","guid":{"rendered":"http:\/\/dev.claret.cat\/producte\/sin-miedo-2\/"},"modified":"2023-01-27T23:59:19","modified_gmt":"2023-01-27T22:59:19","slug":"sin-miedo-9788430623495","status":"publish","type":"product","link":"https:\/\/www.claret.cat\/es\/libro\/sin-miedo-9788430623495\/","title":{"rendered":"SIN MIEDO"},"content":{"rendered":"<p>\u00abLa violencia que vemos es una reacci\u00f3n frente a los progresos que  hemos hecho, y eso significa que debemos seguir avanzando y aceptar que  se trata de una lucha continuada, una lucha en la que los principios est\u00e1n de nuestro lado.\u00bb   Judith Butler, una de las fil\u00f3sofas m\u00e1s reconocidas del mundo por sus  contribuciones al feminismo, a la defensa de los derechos humanos y al  pensamiento pol\u00edtico, rastrea, en este nuevo libro, las formas de  resistencia a las m\u00faltiples modalidades de violencia -desde la tortura  por razones pol\u00edticas, los cr\u00edmenes contra mujeres, hasta la decisi\u00f3n de  negar los horrores del pasado,  el desprecio contra los migrantes o la desigualdad global- que caracteriza a nuestras sociedades  contempor\u00e1neas. Sin miedo recoge una serie de conferencias recientes de la autora  sobre justicia, memoria, duelo, cr\u00edtica y disidencia, en las que  formula, adem\u00e1s de sus inestimables reflexiones filos\u00f3ficas, un conjunto  de herramientas conceptuales con las que repensar la resistencia ante cualquier forma de opresi\u00f3n. Judith Butler, autora de reconocidos ensayos de pensamiento pol\u00edtico  como Marcos de guerra, Dar cuenta de s\u00ed mismo y Vida precaria, vuelve en  este nuevo libro a pensar y repensar en las formas de resistencia a las  m\u00faltiples modalidades de violencia. A partir de sus m\u00e1s recientes conferencias, Contra la violencia es un conjunto de reflexiones  sobre justicia, memoria, duelo y lamento, cr\u00edtica y disenso que ofrece,  adem\u00e1s de sus inestimables reflexiones filos\u00f3ficas, un conjunto de  herramientas conceptuales con las cuales resignificar la resistencia a toda forma de subyugaci\u00f3n.<\/p>\n","protected":false},"excerpt":{"rendered":"<p>BUTLER, JUDITH<\/p>\n","protected":false},"featured_media":109541,"template":"","meta":{"_acf_changed":false,"om_disable_all_campaigns":false,"rs_blank_template":"","rs_page_bg_color":"","slide_template_v7":"","inline_featured_image":false,"_monsterinsights_skip_tracking":false,"_monsterinsights_sitenote_active":false,"_monsterinsights_sitenote_note":"","_monsterinsights_sitenote_category":0},"product_brand":[],"product_cat":[120],"product_tag":[],"class_list":{"0":"post-109540","1":"product","2":"type-product","3":"status-publish","4":"has-post-thumbnail","6":"product_cat-politica","8":"first","9":"instock","10":"taxable","11":"shipping-taxable","12":"purchasable","13":"product-type-simple"},"acf":{"editorial":[{"ID":6372,"post_author":"3","post_date":"2022-07-28 17:50:47","post_date_gmt":"2022-07-28 15:50:47","post_content":"","post_title":"TAURUS","post_excerpt":"","post_status":"publish","comment_status":"closed","ping_status":"closed","post_password":"","post_name":"taurus","to_ping":"","pinged":"","post_modified":"2022-07-28 17:50:47","post_modified_gmt":"2022-07-28 15:50:47","post_content_filtered":"","post_parent":0,"guid":"http:\/\/dev.claret.cat\/editorial\/taurus\/","menu_order":0,"post_type":"editorial","post_mime_type":"","comment_count":"0","filter":"raw"}],"autor":"BUTLER, JUDITH","codart":"843062349","libros-coleccion":"PENSAMIENTO","ediciones":"1","encuadernacion":"Carton\u00e9","fecha_de_publicacion":"01\/07\/2020","novedad":"1","paginas":"142","subtitulo":"FORMAS DE RESISTENCIA A LA VIOLENCIA DE HOY","orden":"0","portada":"0","idioma":"spa","autores-libros":[{"ID":161213,"post_author":"3","post_date":"2022-10-14 17:16:24","post_date_gmt":"2022-10-14 15:16:24","post_content":"","post_title":"JUDITH BUTLER","post_excerpt":"","post_status":"publish","comment_status":"closed","ping_status":"closed","post_password":"","post_name":"judith-butler","to_ping":"","pinged":"","post_modified":"2022-10-14 17:16:24","post_modified_gmt":"2022-10-14 15:16:24","post_content_filtered":"","post_parent":0,"guid":"http:\/\/dev.claret.cat\/autor\/judith-butler\/","menu_order":0,"post_type":"autor","post_mime_type":"","comment_count":"0","filter":"raw"}]},"aioseo_notices":[],"_links":{"self":[{"href":"https:\/\/www.claret.cat\/es\/wp-json\/wp\/v2\/product\/109540","targetHints":{"allow":["GET"]}}],"collection":[{"href":"https:\/\/www.claret.cat\/es\/wp-json\/wp\/v2\/product"}],"about":[{"href":"https:\/\/www.claret.cat\/es\/wp-json\/wp\/v2\/types\/product"}],"wp:featuredmedia":[{"embeddable":true,"href":"https:\/\/www.claret.cat\/es\/wp-json\/wp\/v2\/media\/109541"}],"wp:attachment":[{"href":"https:\/\/www.claret.cat\/es\/wp-json\/wp\/v2\/media?parent=109540"}],"wp:term":[{"taxonomy":"product_brand","embeddable":true,"href":"https:\/\/www.claret.cat\/es\/wp-json\/wp\/v2\/product_brand?post=109540"},{"taxonomy":"product_cat","embeddable":true,"href":"https:\/\/www.claret.cat\/es\/wp-json\/wp\/v2\/product_cat?post=109540"},{"taxonomy":"product_tag","embeddable":true,"href":"https:\/\/www.claret.cat\/es\/wp-json\/wp\/v2\/product_tag?post=109540"}],"curies":[{"name":"wp","href":"https:\/\/api.w.org\/{rel}","templated":true}]}}