{"id":1095518,"date":"2026-04-08T10:40:41","date_gmt":"2026-04-08T08:40:41","guid":{"rendered":"https:\/\/www.claret.cat\/llibre\/granja-10-magicos-pop-ups-9788428573962\/"},"modified":"2026-04-08T16:25:38","modified_gmt":"2026-04-08T14:25:38","slug":"granja-10-magicos-pop-ups-9788428573962","status":"publish","type":"product","link":"https:\/\/www.claret.cat\/es\/libro\/granja-10-magicos-pop-ups-9788428573962\/","title":{"rendered":"GRANJA. 10 M\u00c1GICOS POP UPS"},"content":{"rendered":"<p><span>\u00a1Descubre todo lo que puedes encontrar en una granja!  Gracias a este libro conocer\u00e1s de manera sencilla lo que  ocurre en una granja. Presenta animales, cultivos, maquinaria y escenas cotidianas que describen la vida rural. Cada p\u00e1gina muestra un momento diferente, desde el cuidado de los animales hasta el trabajo en el campo, utilizando un lenguaje claro y cercano.<\/span><\/p>\n<p><span>Su mayor atractivo son sus diez pop-ups, que elevan animales, establos y paisajes al abrir cada p\u00e1gina. Estos elementos tridimensionales permiten a los ni\u00f1os ver la granja desde  dentro, estimulando la observaci\u00f3n y la curiosidad.<\/span><\/p>\n","protected":false},"excerpt":{"rendered":"<p>HAWCOCK, DAVID<\/p>\n","protected":false},"featured_media":1095706,"template":"","meta":{"_acf_changed":false,"om_disable_all_campaigns":false,"rs_blank_template":"","rs_page_bg_color":"","slide_template_v7":"","inline_featured_image":false,"_monsterinsights_skip_tracking":false,"_monsterinsights_sitenote_active":false,"_monsterinsights_sitenote_note":"","_monsterinsights_sitenote_category":0},"product_brand":[],"product_cat":[131,361],"product_tag":[],"class_list":{"0":"post-1095518","1":"product","2":"type-product","3":"status-publish","4":"has-post-thumbnail","6":"product_cat-contes-per-infants-0-6-anys","7":"product_cat-cuentos-para-ninos-0-6-anos","9":"first","10":"instock","11":"taxable","12":"shipping-taxable","13":"purchasable","14":"product-type-simple"},"acf":{"autor":"HAWCOCK, DAVID","codart":"842857396","libros-coleccion":"","ediciones":"1","encuadernacion":"Carton\u00e9","fecha_de_publicacion":"07\/04\/2026","novedad":"1","paginas":"24","subtitulo":"","orden":"0","portada":"0","idioma":"spa","booktrailer":"","resenas":"","editorial":[{"ID":6356,"post_author":"3","post_date":"2022-07-28 17:50:26","post_date_gmt":"2022-07-28 15:50:26","post_content":"","post_title":"SAN PABLO COMUNICACI\u00d3N","post_excerpt":"","post_status":"publish","comment_status":"closed","ping_status":"closed","post_password":"","post_name":"san-pablo-comunicacion","to_ping":"","pinged":"","post_modified":"2022-07-28 17:50:26","post_modified_gmt":"2022-07-28 15:50:26","post_content_filtered":"","post_parent":0,"guid":"http:\/\/dev.claret.cat\/editorial\/san-pablo-comunicacion\/","menu_order":0,"post_type":"editorial","post_mime_type":"","comment_count":"0","filter":"raw"}]},"aioseo_notices":[],"_links":{"self":[{"href":"https:\/\/www.claret.cat\/es\/wp-json\/wp\/v2\/product\/1095518","targetHints":{"allow":["GET"]}}],"collection":[{"href":"https:\/\/www.claret.cat\/es\/wp-json\/wp\/v2\/product"}],"about":[{"href":"https:\/\/www.claret.cat\/es\/wp-json\/wp\/v2\/types\/product"}],"wp:featuredmedia":[{"embeddable":true,"href":"https:\/\/www.claret.cat\/es\/wp-json\/wp\/v2\/media\/1095706"}],"wp:attachment":[{"href":"https:\/\/www.claret.cat\/es\/wp-json\/wp\/v2\/media?parent=1095518"}],"wp:term":[{"taxonomy":"product_brand","embeddable":true,"href":"https:\/\/www.claret.cat\/es\/wp-json\/wp\/v2\/product_brand?post=1095518"},{"taxonomy":"product_cat","embeddable":true,"href":"https:\/\/www.claret.cat\/es\/wp-json\/wp\/v2\/product_cat?post=1095518"},{"taxonomy":"product_tag","embeddable":true,"href":"https:\/\/www.claret.cat\/es\/wp-json\/wp\/v2\/product_tag?post=1095518"}],"curies":[{"name":"wp","href":"https:\/\/api.w.org\/{rel}","templated":true}]}}