{"id":1095524,"date":"2026-04-08T10:45:02","date_gmt":"2026-04-08T08:45:02","guid":{"rendered":"https:\/\/www.claret.cat\/llibre\/hansel-y-gretel-8-magicos-pop-ups-9788428573948\/"},"modified":"2026-04-08T16:26:12","modified_gmt":"2026-04-08T14:26:12","slug":"hansel-y-gretel-8-magicos-pop-ups-9788428573948","status":"publish","type":"product","link":"https:\/\/www.claret.cat\/es\/libro\/hansel-y-gretel-8-magicos-pop-ups-9788428573948\/","title":{"rendered":"HANSEL Y GRETEL. 8 M\u00c1GICOS POP UPS"},"content":{"rendered":"<p><span>Esta edici\u00f3n de Hansel y Gretel presenta el cl\u00e1sico cuento de los hermanos Grimm con un estilo visual renovado. Los famosos hermanos, la casa de dulce y la bruja vuelven a cobrar vida en una narraci\u00f3n accesible que conserva la esencia tradicional del relato. La historia se despliega con escenas encantadoras que captan la atenci\u00f3n de los ni\u00f1os y mantienen el atractivo del cuento original.  El libro incluye llamativos pop-ups que hacen que las escenas se eleven literalmente ante los ojos del lector. Cada p\u00e1gina contiene estructuras desplegables que aportan profundidad<\/span><\/p>\n<p><span>y dinamismo a la historia. Los colores vivos, los detalles en relieve y el dise\u00f1o resistente lo convierten en un libro ideal para primeras bibliotecas y para disfrutar del cuento de forma inmersiva.<\/span><\/p>\n","protected":false},"excerpt":{"rendered":"<p>VARIOS AUTORES<\/p>\n","protected":false},"featured_media":1095710,"template":"","meta":{"_acf_changed":false,"om_disable_all_campaigns":false,"rs_blank_template":"","rs_page_bg_color":"","slide_template_v7":"","inline_featured_image":false,"_monsterinsights_skip_tracking":false,"_monsterinsights_sitenote_active":false,"_monsterinsights_sitenote_note":"","_monsterinsights_sitenote_category":0},"product_brand":[],"product_cat":[131,361],"product_tag":[],"class_list":{"0":"post-1095524","1":"product","2":"type-product","3":"status-publish","4":"has-post-thumbnail","6":"product_cat-contes-per-infants-0-6-anys","7":"product_cat-cuentos-para-ninos-0-6-anos","9":"first","10":"instock","11":"taxable","12":"shipping-taxable","13":"purchasable","14":"product-type-simple"},"acf":{"autor":"VARIOS AUTORES","codart":"842857394","libros-coleccion":"","ediciones":"1","encuadernacion":"Carton\u00e9","fecha_de_publicacion":"07\/04\/2026","novedad":"1","paginas":"24","subtitulo":"","orden":"0","portada":"0","idioma":"spa","booktrailer":"","resenas":"","editorial":[{"ID":6356,"post_author":"3","post_date":"2022-07-28 17:50:26","post_date_gmt":"2022-07-28 15:50:26","post_content":"","post_title":"SAN PABLO COMUNICACI\u00d3N","post_excerpt":"","post_status":"publish","comment_status":"closed","ping_status":"closed","post_password":"","post_name":"san-pablo-comunicacion","to_ping":"","pinged":"","post_modified":"2022-07-28 17:50:26","post_modified_gmt":"2022-07-28 15:50:26","post_content_filtered":"","post_parent":0,"guid":"http:\/\/dev.claret.cat\/editorial\/san-pablo-comunicacion\/","menu_order":0,"post_type":"editorial","post_mime_type":"","comment_count":"0","filter":"raw"}]},"aioseo_notices":[],"_links":{"self":[{"href":"https:\/\/www.claret.cat\/es\/wp-json\/wp\/v2\/product\/1095524","targetHints":{"allow":["GET"]}}],"collection":[{"href":"https:\/\/www.claret.cat\/es\/wp-json\/wp\/v2\/product"}],"about":[{"href":"https:\/\/www.claret.cat\/es\/wp-json\/wp\/v2\/types\/product"}],"wp:featuredmedia":[{"embeddable":true,"href":"https:\/\/www.claret.cat\/es\/wp-json\/wp\/v2\/media\/1095710"}],"wp:attachment":[{"href":"https:\/\/www.claret.cat\/es\/wp-json\/wp\/v2\/media?parent=1095524"}],"wp:term":[{"taxonomy":"product_brand","embeddable":true,"href":"https:\/\/www.claret.cat\/es\/wp-json\/wp\/v2\/product_brand?post=1095524"},{"taxonomy":"product_cat","embeddable":true,"href":"https:\/\/www.claret.cat\/es\/wp-json\/wp\/v2\/product_cat?post=1095524"},{"taxonomy":"product_tag","embeddable":true,"href":"https:\/\/www.claret.cat\/es\/wp-json\/wp\/v2\/product_tag?post=1095524"}],"curies":[{"name":"wp","href":"https:\/\/api.w.org\/{rel}","templated":true}]}}