{"id":1095533,"date":"2026-04-08T10:56:09","date_gmt":"2026-04-08T08:56:09","guid":{"rendered":"https:\/\/www.claret.cat\/llibre\/mi-cofre-de-emociones-lata-9788428573986\/"},"modified":"2026-04-08T15:55:26","modified_gmt":"2026-04-08T13:55:26","slug":"mi-cofre-de-emociones-lata-9788428573986","status":"publish","type":"product","link":"https:\/\/www.claret.cat\/es\/libro\/mi-cofre-de-emociones-lata-9788428573986\/","title":{"rendered":"MI COFRE DE EMOCIONES (LATA)"},"content":{"rendered":"<p><span>Este pack permite descubrir el mundo de las emociones con este encantador set dise\u00f1ado para ni\u00f1os. Incluye un libro ilustrativo que ense\u00f1a sobre las emociones, una libreta de actividades para registrar y reflexionar sobre los sentimientos, stickers tem\u00e1ticos, un cuelgapuertas para expresar emociones y cuatro marcadores de colores para dibujar y escribir en la libreta. Ideal para fomentar la comprensi\u00f3n y expresi\u00f3n emocional en los m\u00e1s peque\u00f1os de una manera divertida y creativa. Un regalo perfecto para el desarrollo emocional y la creatividad infantil.<\/span><\/p>\n","protected":false},"excerpt":{"rendered":"<p>VARIOS AUTORES<\/p>\n","protected":false},"featured_media":1095644,"template":"","meta":{"_acf_changed":false,"om_disable_all_campaigns":false,"rs_blank_template":"","rs_page_bg_color":"","slide_template_v7":"","inline_featured_image":false,"_monsterinsights_skip_tracking":false,"_monsterinsights_sitenote_active":false,"_monsterinsights_sitenote_note":"","_monsterinsights_sitenote_category":0},"product_brand":[],"product_cat":[131,361],"product_tag":[],"class_list":{"0":"post-1095533","1":"product","2":"type-product","3":"status-publish","4":"has-post-thumbnail","6":"product_cat-contes-per-infants-0-6-anys","7":"product_cat-cuentos-para-ninos-0-6-anos","9":"first","10":"instock","11":"taxable","12":"shipping-taxable","13":"purchasable","14":"product-type-simple"},"acf":{"autor":"VARIOS AUTORES","codart":"842857398","libros-coleccion":"","ediciones":"1","encuadernacion":"Carton\u00e9","fecha_de_publicacion":"07\/04\/2026","novedad":"1","paginas":"32","subtitulo":"CONOZCO Y EXPLORO MIS EMOCIONES - ESTUCHE LATA","orden":"0","portada":"0","idioma":"spa","booktrailer":"","resenas":"","editorial":[{"ID":6356,"post_author":"3","post_date":"2022-07-28 17:50:26","post_date_gmt":"2022-07-28 15:50:26","post_content":"","post_title":"SAN PABLO COMUNICACI\u00d3N","post_excerpt":"","post_status":"publish","comment_status":"closed","ping_status":"closed","post_password":"","post_name":"san-pablo-comunicacion","to_ping":"","pinged":"","post_modified":"2022-07-28 17:50:26","post_modified_gmt":"2022-07-28 15:50:26","post_content_filtered":"","post_parent":0,"guid":"http:\/\/dev.claret.cat\/editorial\/san-pablo-comunicacion\/","menu_order":0,"post_type":"editorial","post_mime_type":"","comment_count":"0","filter":"raw"}]},"aioseo_notices":[],"_links":{"self":[{"href":"https:\/\/www.claret.cat\/es\/wp-json\/wp\/v2\/product\/1095533","targetHints":{"allow":["GET"]}}],"collection":[{"href":"https:\/\/www.claret.cat\/es\/wp-json\/wp\/v2\/product"}],"about":[{"href":"https:\/\/www.claret.cat\/es\/wp-json\/wp\/v2\/types\/product"}],"wp:featuredmedia":[{"embeddable":true,"href":"https:\/\/www.claret.cat\/es\/wp-json\/wp\/v2\/media\/1095644"}],"wp:attachment":[{"href":"https:\/\/www.claret.cat\/es\/wp-json\/wp\/v2\/media?parent=1095533"}],"wp:term":[{"taxonomy":"product_brand","embeddable":true,"href":"https:\/\/www.claret.cat\/es\/wp-json\/wp\/v2\/product_brand?post=1095533"},{"taxonomy":"product_cat","embeddable":true,"href":"https:\/\/www.claret.cat\/es\/wp-json\/wp\/v2\/product_cat?post=1095533"},{"taxonomy":"product_tag","embeddable":true,"href":"https:\/\/www.claret.cat\/es\/wp-json\/wp\/v2\/product_tag?post=1095533"}],"curies":[{"name":"wp","href":"https:\/\/api.w.org\/{rel}","templated":true}]}}