{"id":1095542,"date":"2026-04-08T10:57:25","date_gmt":"2026-04-08T08:57:25","guid":{"rendered":"https:\/\/www.claret.cat\/llibre\/explora-y-aprendre-los-inventos-de-leonardo-da-vinci-9788428573993\/"},"modified":"2026-04-08T15:56:42","modified_gmt":"2026-04-08T13:56:42","slug":"explora-y-aprendre-los-inventos-de-leonardo-da-vinci-9788428573993","status":"publish","type":"product","link":"https:\/\/www.claret.cat\/es\/libro\/explora-y-aprendre-los-inventos-de-leonardo-da-vinci-9788428573993\/","title":{"rendered":"EXPLORA Y APRENDRE. LOS INVENTOS DE LEONARDO DA VINCI"},"content":{"rendered":"<p><span>Un libro que invita a los ni\u00f1os a explorar la mente curiosa y genial del artista e inventor renacentista Leonardo da Vinci. Presenta sus m\u00e1quinas m\u00e1s famosas ?como el ornit\u00f3ptero, el carro autopropulsado o los dise\u00f1os hidr\u00e1ulicos? mediante explicaciones sencillas y atractivas. El libro ofrece un viaje fascinante por ideas que adelantaron su tiempo. Sus p\u00e1ginas est\u00e1n llenas de solapas, pesta\u00f1as y peque\u00f1as animaciones que permiten descubrir c\u00f3mo funcionaban los inventos. Al mover cada elemento, el lector observa mecanismos, detalles ocultos y transformaciones visuales que enriquecen la comprensi\u00f3n. El formato interactivo favorece la exploraci\u00f3n aut\u00f3noma y convierte el aprendizaje en una experiencia divertida y estimulante.<\/span><\/p>\n","protected":false},"excerpt":{"rendered":"<p>HAWCOCK, DAVID<\/p>\n","protected":false},"featured_media":1095654,"template":"","meta":{"_acf_changed":false,"om_disable_all_campaigns":false,"rs_blank_template":"","rs_page_bg_color":"","slide_template_v7":"","inline_featured_image":false,"_monsterinsights_skip_tracking":false,"_monsterinsights_sitenote_active":false,"_monsterinsights_sitenote_note":"","_monsterinsights_sitenote_category":0},"product_brand":[],"product_cat":[131,361],"product_tag":[],"class_list":{"0":"post-1095542","1":"product","2":"type-product","3":"status-publish","4":"has-post-thumbnail","6":"product_cat-contes-per-infants-0-6-anys","7":"product_cat-cuentos-para-ninos-0-6-anos","9":"first","10":"instock","11":"taxable","12":"shipping-taxable","13":"purchasable","14":"product-type-simple"},"acf":{"autor":"HAWCOCK, DAVID","codart":"842857399","libros-coleccion":"APRENDER, JUGAR Y DESCUBRIR","ediciones":"1","encuadernacion":"Carton\u00e9","fecha_de_publicacion":"07\/04\/2026","novedad":"1","paginas":"18","subtitulo":"EXPLORA Y APRENDE","orden":"0","portada":"0","idioma":"spa","booktrailer":"","resenas":"","editorial":[{"ID":6356,"post_author":"3","post_date":"2022-07-28 17:50:26","post_date_gmt":"2022-07-28 15:50:26","post_content":"","post_title":"SAN PABLO COMUNICACI\u00d3N","post_excerpt":"","post_status":"publish","comment_status":"closed","ping_status":"closed","post_password":"","post_name":"san-pablo-comunicacion","to_ping":"","pinged":"","post_modified":"2022-07-28 17:50:26","post_modified_gmt":"2022-07-28 15:50:26","post_content_filtered":"","post_parent":0,"guid":"http:\/\/dev.claret.cat\/editorial\/san-pablo-comunicacion\/","menu_order":0,"post_type":"editorial","post_mime_type":"","comment_count":"0","filter":"raw"}]},"aioseo_notices":[],"_links":{"self":[{"href":"https:\/\/www.claret.cat\/es\/wp-json\/wp\/v2\/product\/1095542","targetHints":{"allow":["GET"]}}],"collection":[{"href":"https:\/\/www.claret.cat\/es\/wp-json\/wp\/v2\/product"}],"about":[{"href":"https:\/\/www.claret.cat\/es\/wp-json\/wp\/v2\/types\/product"}],"wp:featuredmedia":[{"embeddable":true,"href":"https:\/\/www.claret.cat\/es\/wp-json\/wp\/v2\/media\/1095654"}],"wp:attachment":[{"href":"https:\/\/www.claret.cat\/es\/wp-json\/wp\/v2\/media?parent=1095542"}],"wp:term":[{"taxonomy":"product_brand","embeddable":true,"href":"https:\/\/www.claret.cat\/es\/wp-json\/wp\/v2\/product_brand?post=1095542"},{"taxonomy":"product_cat","embeddable":true,"href":"https:\/\/www.claret.cat\/es\/wp-json\/wp\/v2\/product_cat?post=1095542"},{"taxonomy":"product_tag","embeddable":true,"href":"https:\/\/www.claret.cat\/es\/wp-json\/wp\/v2\/product_tag?post=1095542"}],"curies":[{"name":"wp","href":"https:\/\/api.w.org\/{rel}","templated":true}]}}