{"id":1095560,"date":"2026-04-08T11:10:59","date_gmt":"2026-04-08T09:10:59","guid":{"rendered":"https:\/\/www.claret.cat\/llibre\/city-spies-la-ciudad-de-los-muertos-9791387574802\/"},"modified":"2026-04-23T20:33:27","modified_gmt":"2026-04-23T18:33:27","slug":"city-spies-la-ciudad-de-los-muertos-9791387574802","status":"publish","type":"product","link":"https:\/\/www.claret.cat\/es\/libro\/city-spies-la-ciudad-de-los-muertos-9791387574802\/","title":{"rendered":"CITY SPIES. LA CIUDAD DE LOS MUERTOS"},"content":{"rendered":"<p>\u00a1Salvar el mundo es una misi\u00f3n para j\u00f3venes!<\/p>\n<p>Uno de los libros m\u00e1s vendidos de The New York TimesKatmand\u00fa, nombre en clave Amita, Kat para los amigos, adora la l\u00f3gica y el orden, tiene un n\u00famero favorito de ocho cifras y detecta patrones en un abrir y cerrar de ojos. Aunque es la m\u00e1s t\u00edmida de los City Spies, est\u00e1 lista para liderar al equipo en una misi\u00f3n secreta en el Museo Brit\u00e1nico\u2026<br \/>Pero el plan perfecto se complica cuando descubren que la misi\u00f3n no es lo que parec\u00eda. El equipo se ve envuelto en una serie de ciberataques contra algunas de las instituciones m\u00e1s importantes de Londres. Entre el caos, Kat va a tener que usarla raz\u00f3n como nunca.<br \/>Con m\u00e1s personajes, m\u00e1s pistas y m\u00e1s mensajes secretos que nunca, esta va a ser la misi\u00f3n m\u00e1s dif\u00edcil de los City Spies: resolver misterios milenarios, perseguir a malvados modernos&#8230; y tomar decisiones que cambiar\u00e1n para siempre al equipo.Los libros de City Spies han estado en las listas de los m\u00e1s vendidos de The New York Times y de la Asociaci\u00f3n Estadounidense de Libreros. Las aventuras de James Ponti han sido escogidas libro del a\u00f1o por la revista Parents y libro del mes en Barnes &amp; Noble.<\/p>\n<p>\u2022 Una serie trepidante con m\u00e1s de 1 mill\u00f3n de lectores<br \/>\u2022 Un\u00a0fen\u00f3meno internacional\u00a0publicado en m\u00e1s de 15 pa\u00edses<br \/>\u2022 Una historia que fomenta valores como el\u00a0trabajo en equipo,\u00a0la amistad y la familia elegidaLa cr\u00edtica ha dicho:\u00abTan emocionante y adictiva que se lee de un tir\u00f3n.\u00bb\u00a0El Pa\u00eds<br \/>\u00abUna historia original, emocionante y realmente divertida.\u00bb\u00a0laSexta<br \/>\u00abPonti convierte este peligroso mundo de los esp\u00edas en un juego de ni\u00f1os ingenioso y trepidante.\u00bb\u00a0ABC<br \/>\u00abUna historia donde no se usan las armas, sino el cerebro y la tecnolog\u00eda, para salvar al mundo.\u00bb\u00a0La Vanguardia<br \/>\u00abPonti presenta a unos personajes de carne y hueso y huye de cualquier superpoder m\u00e1s all\u00e1 de la inteligencia y la tecnolog\u00eda.\u00bb\u00a0Zenda<br \/>\u00abUn thriller con buen ritmo, personajes carism\u00e1ticos y una trama fascinante. Un \u00e9xito.\u00bb\u00a0Kirkus Reviews<br \/>\u00abUna historia ingeniosa. Una delicia que te hace sonre\u00edr.\u00bb People<br \/>\u00abUna historia con muy buen ritmo y aderezada con suspense, ingenio y di\u00e1logos entretenidos.\u00bb Booklist\u00a1No te pierdas ninguna misi\u00f3n!City Spies: \u00a1Una primera misi\u00f3n que no tendr\u00e1 nada que envidiar a las de 007!<br \/>City Spies. Golden Gate: Una misi\u00f3n confidencial en el buque Sylvia Earle. \u00a1Nadie puede pillarlos!<br \/>City Spies. La Ciudad Prohibida:\u00a0Un f\u00edsico nuclear y un prodigio del ajedrez en una misi\u00f3n desde Mosc\u00fa hasta Pek\u00edn. \u00a1Nada de vacaciones!<br \/>City Spies. La Ciudad de los Muertos: Ciberataques, misterios milenarios, mensajes secretos&#8230; \u00a1Una misi\u00f3n con destino a Egipto!<\/p>\n","protected":false},"excerpt":{"rendered":"<p>JAMES PONTI<\/p>\n","protected":false},"featured_media":1095714,"template":"","meta":{"_acf_changed":false,"om_disable_all_campaigns":false,"rs_blank_template":"","rs_page_bg_color":"","slide_template_v7":"","inline_featured_image":false,"_monsterinsights_skip_tracking":false,"_monsterinsights_sitenote_active":false,"_monsterinsights_sitenote_note":"","_monsterinsights_sitenote_category":0},"product_brand":[],"product_cat":[133,363],"product_tag":[],"class_list":{"0":"post-1095560","1":"product","2":"type-product","3":"status-publish","4":"has-post-thumbnail","6":"product_cat-lectures-per-adolescents-12-18-anys","7":"product_cat-lecturas-por-adolescentes-12-18-anos","9":"first","10":"instock","11":"taxable","12":"shipping-taxable","13":"purchasable","14":"product-type-simple"},"acf":{"autor":"JAMES PONTI","codart":"138757480","libros-coleccion":"","ediciones":"1","encuadernacion":"R\u00fastica","fecha_de_publicacion":"01\/04\/2026","novedad":"1","paginas":"320","subtitulo":"","orden":"0","portada":"0","idioma":"spa","booktrailer":"","resenas":"","editorial":[{"ID":6188,"post_author":"3","post_date":"2022-07-28 17:46:47","post_date_gmt":"2022-07-28 15:46:47","post_content":"","post_title":"Duomo ediciones","post_excerpt":"","post_status":"publish","comment_status":"closed","ping_status":"closed","post_password":"","post_name":"duomo-ediciones","to_ping":"","pinged":"","post_modified":"2022-07-28 17:46:47","post_modified_gmt":"2022-07-28 15:46:47","post_content_filtered":"","post_parent":0,"guid":"http:\/\/dev.claret.cat\/editorial\/duomo-ediciones\/","menu_order":0,"post_type":"editorial","post_mime_type":"","comment_count":"0","filter":"raw"}]},"aioseo_notices":[],"_links":{"self":[{"href":"https:\/\/www.claret.cat\/es\/wp-json\/wp\/v2\/product\/1095560","targetHints":{"allow":["GET"]}}],"collection":[{"href":"https:\/\/www.claret.cat\/es\/wp-json\/wp\/v2\/product"}],"about":[{"href":"https:\/\/www.claret.cat\/es\/wp-json\/wp\/v2\/types\/product"}],"wp:featuredmedia":[{"embeddable":true,"href":"https:\/\/www.claret.cat\/es\/wp-json\/wp\/v2\/media\/1095714"}],"wp:attachment":[{"href":"https:\/\/www.claret.cat\/es\/wp-json\/wp\/v2\/media?parent=1095560"}],"wp:term":[{"taxonomy":"product_brand","embeddable":true,"href":"https:\/\/www.claret.cat\/es\/wp-json\/wp\/v2\/product_brand?post=1095560"},{"taxonomy":"product_cat","embeddable":true,"href":"https:\/\/www.claret.cat\/es\/wp-json\/wp\/v2\/product_cat?post=1095560"},{"taxonomy":"product_tag","embeddable":true,"href":"https:\/\/www.claret.cat\/es\/wp-json\/wp\/v2\/product_tag?post=1095560"}],"curies":[{"name":"wp","href":"https:\/\/api.w.org\/{rel}","templated":true}]}}