{"id":1095566,"date":"2026-04-08T11:15:20","date_gmt":"2026-04-08T09:15:20","guid":{"rendered":"https:\/\/www.claret.cat\/llibre\/dejalo-entrar-9791387575540\/"},"modified":"2026-04-08T11:16:22","modified_gmt":"2026-04-08T09:16:22","slug":"dejalo-entrar-9791387575540","status":"publish","type":"product","link":"https:\/\/www.claret.cat\/es\/libro\/dejalo-entrar-9791387575540\/","title":{"rendered":"D\u00c9JALO ENTRAR"},"content":{"rendered":"<p>LA HISTORIA DE TERROR PERFECTA PARA LOS LECTORES DE STEPHEN KING Y SHIRLEY JACKSONUna nana que har\u00e1 que no puedas pegar ojo en toda la nocheNueve meses despu\u00e9s de la muerte de su madre Pippa, las gemelas Sylvie y Cassia comienzan a sufrir lo que su padre, Alfie, achaca r\u00e1pidamente a simples pesadillas recurrentes: cada noche lo despiertan asegurando que hay alguien en su habitaci\u00f3n. Cuando los angustiantes sue\u00f1os desaparecen, Alfie deja de preocuparse.Pero todo cambia el d\u00eda en que las ni\u00f1as empiezan a hablar de un nuevo y misterioso amigo: Black Mamba, un hombre m\u00e1gico capaz de transformarse en lo que desee. Le reservan un lugar en la mesa, le susurran secretos y aseguran que pronto se las llevar\u00e1. Alarmado, Alfie recurre a Julia, hermana de Pippa y psicoterapeuta infantil. Sin embargo, sea lo que sea ese \u00abamigo\u00bb, no est\u00e1 dispuesto a marcharse.A medida que las garras de Black Mamba se ciernen con m\u00e1s fuerza sobre las ni\u00f1as, Alfie y Julia deber\u00e1n enfrentarse a sus miedos m\u00e1s profundos y cuestionar todo lo que cre\u00edan. Distinguir entre lo real y lo irreal ser\u00e1 crucial para la supervivencia de toda la familia.\u00abCautivador. El suspense crece p\u00e1gina tras p\u00e1gina hasta que te atrapa.\u00bb Daily Mail\u00abLos amantes del terror literario quedar\u00e1n absolutamente fascinados.\u00bb Horrified Magazine\u00abQued\u00e1is avisados: \u00a1da mucho miedo!\u00bb\u00abRe\u00fane todos los ingredientes para un relato g\u00f3tico imperdible.\u00bb<\/p>\n","protected":false},"excerpt":{"rendered":"<p>WILLIAM FRIEND<\/p>\n","protected":false},"featured_media":1095567,"template":"","meta":{"_acf_changed":false,"om_disable_all_campaigns":false,"rs_blank_template":"","rs_page_bg_color":"","slide_template_v7":"","inline_featured_image":false,"_monsterinsights_skip_tracking":false,"_monsterinsights_sitenote_active":false,"_monsterinsights_sitenote_note":"","_monsterinsights_sitenote_category":0},"product_brand":[],"product_cat":[127,357],"product_tag":[],"class_list":{"0":"post-1095566","1":"product","2":"type-product","3":"status-publish","4":"has-post-thumbnail","6":"product_cat-novella-contemporania","7":"product_cat-novela-contemporanea","9":"first","10":"instock","11":"taxable","12":"shipping-taxable","13":"purchasable","14":"product-type-simple"},"acf":{"autor":"WILLIAM FRIEND","codart":"138757554","libros-coleccion":"","ediciones":"1","encuadernacion":"Carton\u00e9","fecha_de_publicacion":"01\/04\/2026","novedad":"1","paginas":"252","subtitulo":"F","orden":"0","portada":"0","idioma":"spa","booktrailer":"","resenas":"","editorial":[{"ID":989222,"post_author":"3","post_date":"2024-10-31 13:15:45","post_date_gmt":"2024-10-31 12:15:45","post_content":"","post_title":"NEWTON COMPTON","post_excerpt":"","post_status":"publish","comment_status":"closed","ping_status":"closed","post_password":"","post_name":"newton-compton","to_ping":"","pinged":"","post_modified":"2024-10-31 13:15:45","post_modified_gmt":"2024-10-31 12:15:45","post_content_filtered":"","post_parent":0,"guid":"https:\/\/www.claret.cat\/editorial\/newton-compton\/","menu_order":0,"post_type":"editorial","post_mime_type":"","comment_count":"0","filter":"raw"}]},"aioseo_notices":[],"_links":{"self":[{"href":"https:\/\/www.claret.cat\/es\/wp-json\/wp\/v2\/product\/1095566","targetHints":{"allow":["GET"]}}],"collection":[{"href":"https:\/\/www.claret.cat\/es\/wp-json\/wp\/v2\/product"}],"about":[{"href":"https:\/\/www.claret.cat\/es\/wp-json\/wp\/v2\/types\/product"}],"wp:featuredmedia":[{"embeddable":true,"href":"https:\/\/www.claret.cat\/es\/wp-json\/wp\/v2\/media\/1095567"}],"wp:attachment":[{"href":"https:\/\/www.claret.cat\/es\/wp-json\/wp\/v2\/media?parent=1095566"}],"wp:term":[{"taxonomy":"product_brand","embeddable":true,"href":"https:\/\/www.claret.cat\/es\/wp-json\/wp\/v2\/product_brand?post=1095566"},{"taxonomy":"product_cat","embeddable":true,"href":"https:\/\/www.claret.cat\/es\/wp-json\/wp\/v2\/product_cat?post=1095566"},{"taxonomy":"product_tag","embeddable":true,"href":"https:\/\/www.claret.cat\/es\/wp-json\/wp\/v2\/product_tag?post=1095566"}],"curies":[{"name":"wp","href":"https:\/\/api.w.org\/{rel}","templated":true}]}}