{"id":1095569,"date":"2026-04-08T11:15:35","date_gmt":"2026-04-08T09:15:35","guid":{"rendered":"https:\/\/www.claret.cat\/llibre\/la-encuadernadora-de-oxford-9791387574086\/"},"modified":"2026-04-23T12:55:07","modified_gmt":"2026-04-23T10:55:07","slug":"la-encuadernadora-de-oxford-9791387574086","status":"publish","type":"product","link":"https:\/\/www.claret.cat\/es\/libro\/la-encuadernadora-de-oxford-9791387574086\/","title":{"rendered":"LA ENCUADERNADORA DE OXFORD"},"content":{"rendered":"<p>Un misterio intrigante en la Inglaterra victoriana<\/p>\n<p>\u00bfQU\u00c9 SECRETOS LATEN ENTRE LAS P\u00c1GINAS DE UN LIBRO?<br \/>\u00abBell demuestra un talento superior para crear un enigma absorbente y una protagonista rica en matices.\u00bb Publishers WeeklyUn misterio hist\u00f3rico deliciosamente intrigante, ambientado en el mundo de los libros raros en la Inglaterra victoriana<br \/>Oxford, 1901. Lilian Delaney, aprendiz de un maestro encuadernador, se siente atrapada entre los muros de la librer\u00eda de su padre y las limitaciones de ser mujer en una profesi\u00f3n de hombres. Cuando un libro quemado llega a sus manos, descubre bajo la encuadernaci\u00f3n una carta escrita cincuenta a\u00f1os atr\u00e1s que habla de amor, fortuna y asesinato. Arrastrada por el misterio, Lilian descubre que existen otros libros que esconden fragmentos de la historia. Obsesionada, decide buscarlos, pero no es la \u00fanica tras ellos, y lo que comenz\u00f3 como curiosidad pronto se convierte en un juego peligroso. Su viaje la llevar\u00e1 de los libreros exc\u00e9ntricos de Londres a bibliotecas privadas y archivos olvidados, mientras se adentra cada vez m\u00e1s en el coraz\u00f3n del secreto. A. D. Bell teje un relato evocador y peligroso donde la intriga hist\u00f3rica, el romance y el arte de la encuadernaci\u00f3n se ponen al servicio de un secreto que puede resultar letal.\u00abSuperlativo.\u00bb Library Journal<br \/>\u00abOriginal, emocionante, bellamente escrito.\u00bb M. W. Craven<br \/>\u00ab\u00a1Devor\u00e9 este libro! Hipn\u00f3tica y con una atm\u00f3sfera envolvente, este debut que te atrapa desde la primera p\u00e1gina tiene un encanto m\u00e1gico que te cautiva de principio a fin.\u00bb Evie Woods<br \/>\u00abImprescindible para los amantes de la lectura de todo el mundo.\u00bb Kristin Harmel<br \/>\u00abCon su premisa irresistible y el misterio que se va desvelando, La encuadernadora de Oxford me mantuvo enganchada hasta la \u00faltima p\u00e1gina. \u00a1A. D. Bell ha hecho realidad el sue\u00f1o de todo amante de los libros!\u00bb Anita Frank<br \/>\u00abUn misterio delicioso, magn\u00edficamente escrito.\u00bb Hester Munson<\/p>\n","protected":false},"excerpt":{"rendered":"<p>A. D. BELL<\/p>\n","protected":false},"featured_media":1095617,"template":"","meta":{"_acf_changed":false,"om_disable_all_campaigns":false,"rs_blank_template":"","rs_page_bg_color":"","slide_template_v7":"","inline_featured_image":false,"_monsterinsights_skip_tracking":false,"_monsterinsights_sitenote_active":false,"_monsterinsights_sitenote_note":"","_monsterinsights_sitenote_category":0},"product_brand":[],"product_cat":[127,357],"product_tag":[],"class_list":{"0":"post-1095569","1":"product","2":"type-product","3":"status-publish","4":"has-post-thumbnail","6":"product_cat-novella-contemporania","7":"product_cat-novela-contemporanea","9":"first","10":"instock","11":"taxable","12":"shipping-taxable","13":"purchasable","14":"product-type-simple"},"acf":{"autor":"A. D. BELL","codart":"138757408","libros-coleccion":"","ediciones":"1","encuadernacion":"R\u00fastica","fecha_de_publicacion":"01\/04\/2026","novedad":"1","paginas":"446","subtitulo":"","orden":"0","portada":"0","idioma":"spa","booktrailer":"","resenas":"","editorial":[{"ID":6188,"post_author":"3","post_date":"2022-07-28 17:46:47","post_date_gmt":"2022-07-28 15:46:47","post_content":"","post_title":"Duomo ediciones","post_excerpt":"","post_status":"publish","comment_status":"closed","ping_status":"closed","post_password":"","post_name":"duomo-ediciones","to_ping":"","pinged":"","post_modified":"2022-07-28 17:46:47","post_modified_gmt":"2022-07-28 15:46:47","post_content_filtered":"","post_parent":0,"guid":"http:\/\/dev.claret.cat\/editorial\/duomo-ediciones\/","menu_order":0,"post_type":"editorial","post_mime_type":"","comment_count":"0","filter":"raw"}]},"aioseo_notices":[],"_links":{"self":[{"href":"https:\/\/www.claret.cat\/es\/wp-json\/wp\/v2\/product\/1095569","targetHints":{"allow":["GET"]}}],"collection":[{"href":"https:\/\/www.claret.cat\/es\/wp-json\/wp\/v2\/product"}],"about":[{"href":"https:\/\/www.claret.cat\/es\/wp-json\/wp\/v2\/types\/product"}],"wp:featuredmedia":[{"embeddable":true,"href":"https:\/\/www.claret.cat\/es\/wp-json\/wp\/v2\/media\/1095617"}],"wp:attachment":[{"href":"https:\/\/www.claret.cat\/es\/wp-json\/wp\/v2\/media?parent=1095569"}],"wp:term":[{"taxonomy":"product_brand","embeddable":true,"href":"https:\/\/www.claret.cat\/es\/wp-json\/wp\/v2\/product_brand?post=1095569"},{"taxonomy":"product_cat","embeddable":true,"href":"https:\/\/www.claret.cat\/es\/wp-json\/wp\/v2\/product_cat?post=1095569"},{"taxonomy":"product_tag","embeddable":true,"href":"https:\/\/www.claret.cat\/es\/wp-json\/wp\/v2\/product_tag?post=1095569"}],"curies":[{"name":"wp","href":"https:\/\/api.w.org\/{rel}","templated":true}]}}