{"id":1095595,"date":"2026-04-08T11:50:48","date_gmt":"2026-04-08T09:50:48","guid":{"rendered":"https:\/\/www.claret.cat\/llibre\/los-susurros-de-las-rocas-9791370092443\/"},"modified":"2026-04-09T12:50:46","modified_gmt":"2026-04-09T10:50:46","slug":"los-susurros-de-las-rocas-9791370092443","status":"publish","type":"product","link":"https:\/\/www.claret.cat\/es\/libro\/los-susurros-de-las-rocas-9791370092443\/","title":{"rendered":"LOS SUSURROS DE LAS ROCAS"},"content":{"rendered":"<p><strong>Uno de los libros del a\u00f1o para New Scientist y Waterstones <\/strong>\u00abEn este viaje po\u00e9tico y sincero por el tiempo profundo, <strong>la ge\u00f3loga Anjana Khatwa <\/strong>entrelaza conocimientos cient\u00edficos y relatos tradicionales para reunir <strong>las ense\u00f1anzas que atesoran y nos cuentan las rocas<\/strong>.\u00bb <strong>Robert Macfarlane<\/strong><\/p>\n<p> <strong>Si escuchas con atenci\u00f3n, \u00bfpuedes o\u00edr hablar a las piedras? <\/strong>A primera vista, parece una idea absurda: al fin y al cabo, las rocas no tienen vida, son silenciosas. Sin embargo, en <em>Los susurros de las rocas<\/em> la ge\u00f3loga <strong>Anjana Khatwa nos invita a afinar el o\u00eddo para conocer sus historias<\/strong>. Alternando con audacia entre la ciencia actual y la sabidur\u00eda ancestral, Khatwa nos gu\u00eda en un viaje deslumbrante a trav\u00e9s del tiempo profundo: desde el <strong>pounamu verde <\/strong>que desciende por los r\u00edos de <strong>Aotearoa\/Nueva Zelanda <\/strong>hasta los megalitos de piedra azul de <strong>Stonehenge<\/strong>; desde las iglesias excavadas en toba volc\u00e1nica en <strong>Lalibela, Etiop\u00eda<\/strong>, hasta el lecho de esquisto que sostiene los rascacielos de <strong>Manhatta<\/strong>n; desde volcanes en erupci\u00f3n en <strong>los Andes <\/strong>hasta la costa jur\u00e1sica de <strong>Dorset<\/strong> y la ciudad de arenisca rosa de <strong>Petra<\/strong>.<\/p>\n<p> En <strong>una prosa tan po\u00e9tica como rigurosa<\/strong>, la autora desentierra los secretos que guardan las rocas y muestra c\u00f3mo siempre ha existido un di\u00e1logo, a menudo olvidado, entre ellas y nosotros, entretejiendo delicadamente los <strong>relatos ind\u00edgenas sobre la creaci\u00f3n de la Tierra <\/strong>con el conocimiento geol\u00f3gico contempor\u00e1neo para revelar hasta qu\u00e9 punto nuestras vidas est\u00e1n unidas a estos antiguos narradores del tiempo. Al mismo tiempo, comparte c\u00f3mo su propia conexi\u00f3n con la Tierra la ha sostenido en los momentos m\u00e1s complicados, y c\u00f3mo, si aprendemos a escuchar <strong>la sabidur\u00eda que se esconde en el murmullo de la piedra<\/strong>, podemos hallar un camino de reconexi\u00f3n con el planeta, su memoria y sus historias. Con <strong>Khatwa<\/strong> como gu\u00eda, no solo oiremos hablar a las rocas: sentiremos la magia del tiempo profundo filtrarse hasta lo m\u00e1s hondo de nuestros huesos.<\/p>\n","protected":false},"excerpt":{"rendered":"<p>ANJANA KHATWA<\/p>\n","protected":false},"featured_media":1095868,"template":"","meta":{"_acf_changed":false,"om_disable_all_campaigns":false,"rs_blank_template":"","rs_page_bg_color":"","slide_template_v7":"","inline_featured_image":false,"_monsterinsights_skip_tracking":false,"_monsterinsights_sitenote_active":false,"_monsterinsights_sitenote_note":"","_monsterinsights_sitenote_category":0},"product_brand":[],"product_cat":[554,104],"product_tag":[],"class_list":{"0":"post-1095595","1":"product","2":"type-product","3":"status-publish","4":"has-post-thumbnail","6":"product_cat-ciencia-5_otras-spa","7":"product_cat-ciencia","9":"first","10":"instock","11":"taxable","12":"shipping-taxable","13":"purchasable","14":"product-type-simple"},"acf":{"autor":"ANJANA KHATWA","codart":"137009244","libros-coleccion":"","ediciones":"1","encuadernacion":"R\u00fastica","fecha_de_publicacion":"01\/04\/2026","novedad":"1","paginas":"400","subtitulo":"RELATOS DE LA TIERRA","orden":"0","portada":"1","idioma":"spa","booktrailer":"","resenas":"","editorial":[{"ID":6119,"post_author":"3","post_date":"2022-07-28 17:45:18","post_date_gmt":"2022-07-28 15:45:18","post_content":"","post_title":"Alianza Editorial","post_excerpt":"","post_status":"publish","comment_status":"closed","ping_status":"closed","post_password":"","post_name":"alianza-editorial","to_ping":"","pinged":"","post_modified":"2022-07-28 17:45:18","post_modified_gmt":"2022-07-28 15:45:18","post_content_filtered":"","post_parent":0,"guid":"http:\/\/dev.claret.cat\/editorial\/alianza-editorial\/","menu_order":0,"post_type":"editorial","post_mime_type":"","comment_count":"0","filter":"raw"}]},"aioseo_notices":[],"_links":{"self":[{"href":"https:\/\/www.claret.cat\/es\/wp-json\/wp\/v2\/product\/1095595","targetHints":{"allow":["GET"]}}],"collection":[{"href":"https:\/\/www.claret.cat\/es\/wp-json\/wp\/v2\/product"}],"about":[{"href":"https:\/\/www.claret.cat\/es\/wp-json\/wp\/v2\/types\/product"}],"wp:featuredmedia":[{"embeddable":true,"href":"https:\/\/www.claret.cat\/es\/wp-json\/wp\/v2\/media\/1095868"}],"wp:attachment":[{"href":"https:\/\/www.claret.cat\/es\/wp-json\/wp\/v2\/media?parent=1095595"}],"wp:term":[{"taxonomy":"product_brand","embeddable":true,"href":"https:\/\/www.claret.cat\/es\/wp-json\/wp\/v2\/product_brand?post=1095595"},{"taxonomy":"product_cat","embeddable":true,"href":"https:\/\/www.claret.cat\/es\/wp-json\/wp\/v2\/product_cat?post=1095595"},{"taxonomy":"product_tag","embeddable":true,"href":"https:\/\/www.claret.cat\/es\/wp-json\/wp\/v2\/product_tag?post=1095595"}],"curies":[{"name":"wp","href":"https:\/\/api.w.org\/{rel}","templated":true}]}}