{"id":1095610,"date":"2026-04-08T12:30:02","date_gmt":"2026-04-08T10:30:02","guid":{"rendered":"https:\/\/www.claret.cat\/llibre\/el-hobbit-edicion-ilustrada-por-el-autor-cantos-tintados-9788445017210\/"},"modified":"2026-04-16T19:10:20","modified_gmt":"2026-04-16T17:10:20","slug":"el-hobbit-edicion-ilustrada-por-el-autor-cantos-tintados-9788445017210","status":"publish","type":"product","link":"https:\/\/www.claret.cat\/es\/libro\/el-hobbit-edicion-ilustrada-por-el-autor-cantos-tintados-9788445017210\/","title":{"rendered":"EL HOBBIT. EDICI\u00d3N ILUSTRADA POR EL AUTOR (CANTOS TINTADOS)"},"content":{"rendered":"<p>Una edici\u00f3n \u00fanica de esta obra de Tolkien.Por primera vez, una edici\u00f3n especial ilustrada del cautivador preludio de El Se\u00f1or de los Anillos. La edici\u00f3n de El Hobbit ilustrada por el propio autor contiene m\u00e1s de 50 bocetos, dibujos, pinturas y mapas del propio J.R.R. Tolkien y el texto completo impreso en dos colores.<br \/> Sacado de su c\u00f3modo agujero hobbit por Gandalf y una banda de enanos, Bilbo se encuentra de pronto en medio de una conspiraci\u00f3n que pretende apoderarse del tesoro de Smaug el Magn\u00edfico, un enorme y muy peligroso drag\u00f3n&#8230;<br \/> Escrito por Tolkien para sus propios hijos de Tolkien, El Hobbit se public\u00f3 el 21 de septiembre de 1937. Con un hermoso dise\u00f1o de portada, un pu\u00f1ado de dibujos en blanco y negro y dos mapas del propio autor, el libro se convirti\u00f3 en un \u00e9xito instant\u00e1neo y se reimprimi\u00f3 poco despu\u00e9s con cinco l\u00e1minas en color.<br \/> La propia selecci\u00f3n de pinturas y dibujos de Tolkien se ha vuelto inseparable de su texto y ha embellecido las ediciones de El Hobbit durante m\u00e1s de 85 a\u00f1os. Pero el arte publicado s\u00f3lo ha permitido vislumbrar el proceso creativo de Tolkien, y muchos bocetos, dibujos en color y mapas adicionales (aunque exhibidos y publicados en otros lugares) nunca aparecieron en las p\u00e1ginas de El Hobbit.<br \/> En esta edici\u00f3n \u00fanica del encantador cuento cl\u00e1sico de Tolkien se reproduce por primera vez el conjunto completo de m\u00e1s de 50 ilustraciones para acompa\u00f1ar a Bilbo Bols\u00f3n en su aventura.<br \/> Edici\u00f3n especial que incluye acabados de lujo: estampaciones, cinta punto de lectura, taco pintado y dos mapas a color<br \/> Texto de interior a dos tintas<\/p>\n","protected":false},"excerpt":{"rendered":"<p>J. R. R. TOLKIEN<\/p>\n","protected":false},"featured_media":1095613,"template":"","meta":{"_acf_changed":false,"om_disable_all_campaigns":false,"rs_blank_template":"","rs_page_bg_color":"","slide_template_v7":"","inline_featured_image":false,"_monsterinsights_skip_tracking":false,"_monsterinsights_sitenote_active":false,"_monsterinsights_sitenote_note":"","_monsterinsights_sitenote_category":0},"product_brand":[],"product_cat":[127,357,105,555],"product_tag":[],"class_list":{"0":"post-1095610","1":"product","2":"type-product","3":"status-publish","4":"has-post-thumbnail","6":"product_cat-novella-contemporania","7":"product_cat-novela-contemporanea","8":"product_cat-regal","9":"product_cat-regalo","11":"first","12":"instock","13":"taxable","14":"shipping-taxable","15":"purchasable","16":"product-type-simple"},"acf":{"autor":"J. R. R. TOLKIEN","codart":"844501721","libros-coleccion":"BIBLIOTECA J. R. R. TOLKIEN","ediciones":"1","encuadernacion":"Carton\u00e9","fecha_de_publicacion":"01\/11\/2025","novedad":"1","paginas":"448","subtitulo":"CANTOS TINTADOS","orden":"0","portada":"0","idioma":"spa","booktrailer":"","resenas":"","editorial":[{"ID":6308,"post_author":"3","post_date":"2022-07-28 17:49:24","post_date_gmt":"2022-07-28 15:49:24","post_content":"","post_title":"Minotauro","post_excerpt":"","post_status":"publish","comment_status":"closed","ping_status":"closed","post_password":"","post_name":"minotauro","to_ping":"","pinged":"","post_modified":"2022-07-28 17:49:24","post_modified_gmt":"2022-07-28 15:49:24","post_content_filtered":"","post_parent":0,"guid":"http:\/\/dev.claret.cat\/editorial\/minotauro\/","menu_order":0,"post_type":"editorial","post_mime_type":"","comment_count":"0","filter":"raw"}]},"aioseo_notices":[],"_links":{"self":[{"href":"https:\/\/www.claret.cat\/es\/wp-json\/wp\/v2\/product\/1095610","targetHints":{"allow":["GET"]}}],"collection":[{"href":"https:\/\/www.claret.cat\/es\/wp-json\/wp\/v2\/product"}],"about":[{"href":"https:\/\/www.claret.cat\/es\/wp-json\/wp\/v2\/types\/product"}],"wp:featuredmedia":[{"embeddable":true,"href":"https:\/\/www.claret.cat\/es\/wp-json\/wp\/v2\/media\/1095613"}],"wp:attachment":[{"href":"https:\/\/www.claret.cat\/es\/wp-json\/wp\/v2\/media?parent=1095610"}],"wp:term":[{"taxonomy":"product_brand","embeddable":true,"href":"https:\/\/www.claret.cat\/es\/wp-json\/wp\/v2\/product_brand?post=1095610"},{"taxonomy":"product_cat","embeddable":true,"href":"https:\/\/www.claret.cat\/es\/wp-json\/wp\/v2\/product_cat?post=1095610"},{"taxonomy":"product_tag","embeddable":true,"href":"https:\/\/www.claret.cat\/es\/wp-json\/wp\/v2\/product_tag?post=1095610"}],"curies":[{"name":"wp","href":"https:\/\/api.w.org\/{rel}","templated":true}]}}