{"id":109570,"date":"2022-10-12T13:34:03","date_gmt":"2022-10-12T11:34:03","guid":{"rendered":"http:\/\/dev.claret.cat\/producte\/la-nit-de-sant-joan\/"},"modified":"2025-01-31T16:40:39","modified_gmt":"2025-01-31T15:40:39","slug":"la-nit-de-sant-joan-9788424667641","status":"publish","type":"product","link":"https:\/\/www.claret.cat\/es\/libro\/la-nit-de-sant-joan-9788424667641\/","title":{"rendered":"LA NIT DE SANT JOAN"},"content":{"rendered":"<p>Tot est\u00e0 preparat per a la revetlla de Sant Joan. Les taules, les coques, els petards, les fogueres&#8230; Per\u00f2 on s&#8221;ha ficat en Jan i el gos? La Valentina, la seva germana, el busca. Pot ser que tingui por dels petards? Pot ser que es perdi la revetlla de la nit m\u00e0gica?<\/p>\n<p>Llibre de cartr\u00f3 amb textos en maj\u00fascules per a acompanyar els m\u00e9s petits en el proc\u00e9s d&#8221;aprenentatge de la lectura.<\/p>\n","protected":false},"excerpt":{"rendered":"<p>CANYELLES, ANNA<\/p>\n","protected":false},"featured_media":109571,"template":"","meta":{"_acf_changed":false,"om_disable_all_campaigns":false,"rs_blank_template":"","rs_page_bg_color":"","slide_template_v7":"","inline_featured_image":false,"_monsterinsights_skip_tracking":false,"_monsterinsights_sitenote_active":false,"_monsterinsights_sitenote_note":"","_monsterinsights_sitenote_category":0},"product_brand":[],"product_cat":[131,361],"product_tag":[],"class_list":{"0":"post-109570","1":"product","2":"type-product","3":"status-publish","4":"has-post-thumbnail","6":"product_cat-contes-per-infants-0-6-anys","7":"product_cat-cuentos-para-ninos-0-6-anos","9":"first","10":"instock","11":"taxable","12":"shipping-taxable","13":"purchasable","14":"product-type-simple"},"acf":{"autor":"CANYELLES, ANNA","codart":"842466764","libros-coleccion":"\u00c0lbums Il\u00b7lustrats","ediciones":"1","encuadernacion":"Carpeta","fecha_de_publicacion":"01\/06\/2020","novedad":"1","paginas":"12","subtitulo":"","orden":"0","portada":"0","idioma":"cat","editorial":[{"ID":148189,"post_author":"3","post_date":"2022-10-14 11:56:19","post_date_gmt":"2022-10-14 09:56:19","post_content":"","post_title":"GALERA, EDITORIAL","post_excerpt":"","post_status":"publish","comment_status":"closed","ping_status":"closed","post_password":"","post_name":"galera-editorial","to_ping":"","pinged":"","post_modified":"2022-10-14 11:56:19","post_modified_gmt":"2022-10-14 09:56:19","post_content_filtered":"","post_parent":0,"guid":"http:\/\/dev.claret.cat\/editorial\/galera-editorial\/","menu_order":0,"post_type":"editorial","post_mime_type":"","comment_count":"0","filter":"raw"}],"autores-libros":[{"ID":150541,"post_author":"3","post_date":"2022-10-14 14:33:47","post_date_gmt":"2022-10-14 12:33:47","post_content":"","post_title":"ANNA CANYELLES","post_excerpt":"","post_status":"publish","comment_status":"closed","ping_status":"closed","post_password":"","post_name":"anna-canyelles","to_ping":"","pinged":"","post_modified":"2022-10-14 14:33:47","post_modified_gmt":"2022-10-14 12:33:47","post_content_filtered":"","post_parent":0,"guid":"http:\/\/dev.claret.cat\/autor\/anna-canyelles\/","menu_order":0,"post_type":"autor","post_mime_type":"","comment_count":"0","filter":"raw"}]},"aioseo_notices":[],"_links":{"self":[{"href":"https:\/\/www.claret.cat\/es\/wp-json\/wp\/v2\/product\/109570","targetHints":{"allow":["GET"]}}],"collection":[{"href":"https:\/\/www.claret.cat\/es\/wp-json\/wp\/v2\/product"}],"about":[{"href":"https:\/\/www.claret.cat\/es\/wp-json\/wp\/v2\/types\/product"}],"wp:featuredmedia":[{"embeddable":true,"href":"https:\/\/www.claret.cat\/es\/wp-json\/wp\/v2\/media\/109571"}],"wp:attachment":[{"href":"https:\/\/www.claret.cat\/es\/wp-json\/wp\/v2\/media?parent=109570"}],"wp:term":[{"taxonomy":"product_brand","embeddable":true,"href":"https:\/\/www.claret.cat\/es\/wp-json\/wp\/v2\/product_brand?post=109570"},{"taxonomy":"product_cat","embeddable":true,"href":"https:\/\/www.claret.cat\/es\/wp-json\/wp\/v2\/product_cat?post=109570"},{"taxonomy":"product_tag","embeddable":true,"href":"https:\/\/www.claret.cat\/es\/wp-json\/wp\/v2\/product_tag?post=109570"}],"curies":[{"name":"wp","href":"https:\/\/api.w.org\/{rel}","templated":true}]}}