{"id":1095732,"date":"2026-04-08T16:56:23","date_gmt":"2026-04-08T14:56:23","guid":{"rendered":"https:\/\/www.claret.cat\/llibre\/eva-y-oso-holmes-el-caso-de-la-flor-desaparecida-9788414065471\/"},"modified":"2026-04-08T17:00:28","modified_gmt":"2026-04-08T15:00:28","slug":"eva-y-oso-holmes-el-caso-de-la-flor-desaparecida-9788414065471","status":"publish","type":"product","link":"https:\/\/www.claret.cat\/es\/libro\/eva-y-oso-holmes-el-caso-de-la-flor-desaparecida-9788414065471\/","title":{"rendered":"EVA Y OSO HOLMES: EL CASO DE LA FLOR DESAPARECIDA"},"content":{"rendered":"<p>Cuando desaparece la rara flor del agave de Osera en el jard\u00edn bot\u00e1nico, la joven detective Eva y su abuelo Oso Holmes se ponen manos a la obra para resolver el caso.Disfruta de 15 enigmas, desde laberintos hasta juegos de b\u00fasqueda, que se entrelazan en la historia. El misterio se une con ciencia y naturaleza, de modo que el lector descubre datos sobre plantas y polinizaci\u00f3n, la importancia de las abejas y el proceso de elaboraci\u00f3n de la miel.Para convertirse en detective junto a estos dos personajes y muchos m\u00e1s.<\/p>\n","protected":false},"excerpt":{"rendered":"<p>KRISTYNA LITTEN<\/p>\n","protected":false},"featured_media":1095733,"template":"","meta":{"_acf_changed":false,"om_disable_all_campaigns":false,"rs_blank_template":"","rs_page_bg_color":"","slide_template_v7":"","inline_featured_image":false,"_monsterinsights_skip_tracking":false,"_monsterinsights_sitenote_active":false,"_monsterinsights_sitenote_note":"","_monsterinsights_sitenote_category":0},"product_brand":[],"product_cat":[132,362],"product_tag":[],"class_list":{"0":"post-1095732","1":"product","2":"type-product","3":"status-publish","4":"has-post-thumbnail","6":"product_cat-lectures-per-preadolescents-6-12-anys","7":"product_cat-libros-preadolescentes-6-12-anos","9":"first","10":"instock","11":"taxable","12":"shipping-taxable","13":"purchasable","14":"product-type-simple"},"acf":{"autor":"KRISTYNA LITTEN","codart":"841406547","libros-coleccion":"","ediciones":"1","encuadernacion":"Carton\u00e9","fecha_de_publicacion":"01\/02\/2026","novedad":"1","paginas":"77","subtitulo":"15 ENIGMAS PARA JOVENES DETECTIVES","orden":"0","portada":"0","idioma":"spa","booktrailer":"","resenas":"","editorial":[{"ID":6229,"post_author":"3","post_date":"2022-07-28 17:47:40","post_date_gmt":"2022-07-28 15:47:40","post_content":"","post_title":"Editorial Luis Vives (Edelvives)","post_excerpt":"","post_status":"publish","comment_status":"closed","ping_status":"closed","post_password":"","post_name":"editorial-luis-vives-edelvives","to_ping":"","pinged":"","post_modified":"2022-07-28 17:47:40","post_modified_gmt":"2022-07-28 15:47:40","post_content_filtered":"","post_parent":0,"guid":"http:\/\/dev.claret.cat\/editorial\/editorial-luis-vives-edelvives\/","menu_order":0,"post_type":"editorial","post_mime_type":"","comment_count":"0","filter":"raw"}]},"aioseo_notices":[],"_links":{"self":[{"href":"https:\/\/www.claret.cat\/es\/wp-json\/wp\/v2\/product\/1095732","targetHints":{"allow":["GET"]}}],"collection":[{"href":"https:\/\/www.claret.cat\/es\/wp-json\/wp\/v2\/product"}],"about":[{"href":"https:\/\/www.claret.cat\/es\/wp-json\/wp\/v2\/types\/product"}],"wp:featuredmedia":[{"embeddable":true,"href":"https:\/\/www.claret.cat\/es\/wp-json\/wp\/v2\/media\/1095733"}],"wp:attachment":[{"href":"https:\/\/www.claret.cat\/es\/wp-json\/wp\/v2\/media?parent=1095732"}],"wp:term":[{"taxonomy":"product_brand","embeddable":true,"href":"https:\/\/www.claret.cat\/es\/wp-json\/wp\/v2\/product_brand?post=1095732"},{"taxonomy":"product_cat","embeddable":true,"href":"https:\/\/www.claret.cat\/es\/wp-json\/wp\/v2\/product_cat?post=1095732"},{"taxonomy":"product_tag","embeddable":true,"href":"https:\/\/www.claret.cat\/es\/wp-json\/wp\/v2\/product_tag?post=1095732"}],"curies":[{"name":"wp","href":"https:\/\/api.w.org\/{rel}","templated":true}]}}