{"id":1095774,"date":"2026-04-08T18:50:03","date_gmt":"2026-04-08T16:50:03","guid":{"rendered":"https:\/\/www.claret.cat\/llibre\/una-i-eterna-sobre-el-nacionalisme-espanyol-9791387680213\/"},"modified":"2026-04-27T13:10:04","modified_gmt":"2026-04-27T11:10:04","slug":"una-i-eterna-sobre-el-nacionalisme-espanyol-9791387680213","status":"publish","type":"product","link":"https:\/\/www.claret.cat\/es\/libro\/una-i-eterna-sobre-el-nacionalisme-espanyol-9791387680213\/","title":{"rendered":"UNA I ETERNA. SOBRE EL NACIONALISME ESPANYOL"},"content":{"rendered":"<p>Espanya \u00e9s un invent considerable. Un relat enlluernador n\u2019avala l\u2019antiguitat, que alguns el fan remuntar al Plistoc\u00e8, quan l\u2019homo antecessor \u2014preludi de l\u2019homo hispanicus\u2014 singularitzava el paisatge d\u2019Atapuerca. Els historiadors han estat els principals responsables del relat, per\u00f2 per a sumar-li llustre i atractiu han donat el seu colp de m\u00e0 multituds de veus d\u2019all\u00f2 m\u00e9s plurals i transversals: del poeta al m\u00fasic o de l\u2019esportista al torero, a m\u00e9s de capellans conven\u00e7uts de la intervenci\u00f3 de la m\u00e0 de D\u00e9u en l\u2019infantament de la naci\u00f3. L\u2019Estat, no cal dir-ho, tant en la seua forma mon\u00e0rquica i republicana com dictatorial, n\u2019\u00e9s el suport essencial, fins al punt que no es pot entendre l\u2019una sense l\u2019altre. L\u2019elogi i les adhesions fetes sovint m\u00e9s des de les v\u00edsceres \u2014les \u00abemocions\u00bb\u2014 que des del trellat \u2014la reflexi\u00f3 serena\u2014, sobretot la defensa contra el vituperi i els enemics interns i externs, han generat un nacionalisme generalment exacerbat i narcisista, adversari de qualsevol indici de plurinacionalitat dels pobles integrants de la Pell de Brau. Aquest assaig indaga interioritats del nacionalisme espanyol des d\u2019una mirada cr\u00edtica, amb concessions a la ironia i gotes esparses d\u2019humor.<\/p>\n","protected":false},"excerpt":{"rendered":"<p>FERRAN GARCIA-OLIVER I GARCIA<\/p>\n","protected":false},"featured_media":1098516,"template":"","meta":{"_acf_changed":false,"om_disable_all_campaigns":false,"rs_blank_template":"","rs_page_bg_color":"","slide_template_v7":"","inline_featured_image":false,"_monsterinsights_skip_tracking":false,"_monsterinsights_sitenote_active":false,"_monsterinsights_sitenote_note":"","_monsterinsights_sitenote_category":0},"product_brand":[],"product_cat":[162,436,431,154],"product_tag":[],"class_list":{"0":"post-1095774","1":"product","2":"type-product","3":"status-publish","4":"has-post-thumbnail","6":"product_cat-economica-i-politica","7":"product_cat-economica-y-politica","8":"product_cat-espana","9":"product_cat-espanaya","11":"first","12":"instock","13":"taxable","14":"shipping-taxable","15":"purchasable","16":"product-type-simple"},"acf":{"autor":"FERRAN GARCIA-OLIVER I GARCIA","codart":"138768021","libros-coleccion":"","ediciones":"1","encuadernacion":"R\u00fastica","fecha_de_publicacion":"01\/03\/2026","novedad":"1","paginas":"354","subtitulo":"","orden":"0","portada":"0","idioma":"cat","booktrailer":"","resenas":"","editorial":[{"ID":147913,"post_author":"3","post_date":"2022-10-14 11:54:12","post_date_gmt":"2022-10-14 09:54:12","post_content":"","post_title":"EDITORIAL AFERS","post_excerpt":"","post_status":"publish","comment_status":"closed","ping_status":"closed","post_password":"","post_name":"editorial-afers","to_ping":"","pinged":"","post_modified":"2022-10-14 11:54:12","post_modified_gmt":"2022-10-14 09:54:12","post_content_filtered":"","post_parent":0,"guid":"http:\/\/dev.claret.cat\/editorial\/editorial-afers\/","menu_order":0,"post_type":"editorial","post_mime_type":"","comment_count":"0","filter":"raw"}]},"aioseo_notices":[],"_links":{"self":[{"href":"https:\/\/www.claret.cat\/es\/wp-json\/wp\/v2\/product\/1095774","targetHints":{"allow":["GET"]}}],"collection":[{"href":"https:\/\/www.claret.cat\/es\/wp-json\/wp\/v2\/product"}],"about":[{"href":"https:\/\/www.claret.cat\/es\/wp-json\/wp\/v2\/types\/product"}],"wp:featuredmedia":[{"embeddable":true,"href":"https:\/\/www.claret.cat\/es\/wp-json\/wp\/v2\/media\/1098516"}],"wp:attachment":[{"href":"https:\/\/www.claret.cat\/es\/wp-json\/wp\/v2\/media?parent=1095774"}],"wp:term":[{"taxonomy":"product_brand","embeddable":true,"href":"https:\/\/www.claret.cat\/es\/wp-json\/wp\/v2\/product_brand?post=1095774"},{"taxonomy":"product_cat","embeddable":true,"href":"https:\/\/www.claret.cat\/es\/wp-json\/wp\/v2\/product_cat?post=1095774"},{"taxonomy":"product_tag","embeddable":true,"href":"https:\/\/www.claret.cat\/es\/wp-json\/wp\/v2\/product_tag?post=1095774"}],"curies":[{"name":"wp","href":"https:\/\/api.w.org\/{rel}","templated":true}]}}