{"id":1095824,"date":"2026-04-09T11:05:02","date_gmt":"2026-04-09T09:05:02","guid":{"rendered":"https:\/\/www.claret.cat\/llibre\/lo-que-aprendi-del-liderazgo-9788427151529\/"},"modified":"2026-04-09T11:25:49","modified_gmt":"2026-04-09T09:25:49","slug":"lo-que-aprendi-del-liderazgo-9788427151529","status":"publish","type":"product","link":"https:\/\/www.claret.cat\/es\/libro\/lo-que-aprendi-del-liderazgo-9788427151529\/","title":{"rendered":"LO QUE APREND\u00cd DEL LIDERAZGO"},"content":{"rendered":"<p>\u00bfEl l\u00edder nace o se hace? Aurelio Villa S\u00e1nchez desmitifica el liderazgo heroico para mostrarnos el destilado de una vida dedicada a entender la ciencia de dirigir personas en los \u00e1mbitos empresarial y educativo.. Aurelio Villa S\u00e1nchez nos invita a un viaje transformador: desde el mito del l\u00edder heroico hasta la realidad del liderazgo distribuido y relacional. A trav\u00e9s de las ense\u00f1anzas de maestros como Warren Bennis, Peter Senge y Daniel Goleman, descubrir\u00e1s que el verdadero liderazgo no reside en un cargo, sino en la capacidad de construir relaciones de confianza, fomentar la inteligencia emocional y convertir a tu organizaci\u00f3n en un sistema de aprendizaje continuo. Un libro esencial para directivos y educadores que buscan equilibrar un car\u00e1cter \u00e9tico innegociable con la flexibilidad necesaria para navegar la complejidad del siglo XXI.&nbsp;<\/p>\n","protected":false},"excerpt":{"rendered":"<p>VILLA S\u00c1NCHEZ, AURELIO<\/p>\n","protected":false},"featured_media":1095847,"template":"","meta":{"_acf_changed":false,"om_disable_all_campaigns":false,"rs_blank_template":"","rs_page_bg_color":"","slide_template_v7":"","inline_featured_image":false,"_monsterinsights_skip_tracking":false,"_monsterinsights_sitenote_active":false,"_monsterinsights_sitenote_note":"","_monsterinsights_sitenote_category":0},"product_brand":[],"product_cat":[451,186],"product_tag":[],"class_list":{"0":"post-1095824","1":"product","2":"type-product","3":"status-publish","4":"has-post-thumbnail","6":"product_cat-estudios-e-investigacion-pedagogia-2_humanidades","7":"product_cat-estudis-i-investigacio-pedagogia-2_humanitats","9":"first","10":"instock","11":"taxable","12":"shipping-taxable","13":"purchasable","14":"product-type-simple"},"acf":{"autor":"VILLA S\u00c1NCHEZ, AURELIO","codart":"842715152","libros-coleccion":"EDUCACI\u00d3N Y APRENDIZAJE","ediciones":"1","encuadernacion":"R\u00fastica","fecha_de_publicacion":"19\/03\/2026","novedad":"1","paginas":"264","subtitulo":"IDEAS EMERGENTES","orden":"0","portada":"0","idioma":"spa","booktrailer":"","resenas":"","editorial":[{"ID":8258,"post_author":"3","post_date":"2022-09-30 09:21:32","post_date_gmt":"2022-09-30 07:21:32","post_content":"","post_title":"MENSAJERO","post_excerpt":"","post_status":"publish","comment_status":"closed","ping_status":"closed","post_password":"","post_name":"mensajero","to_ping":"","pinged":"","post_modified":"2022-09-30 09:21:32","post_modified_gmt":"2022-09-30 07:21:32","post_content_filtered":"","post_parent":0,"guid":"http:\/\/dev.claret.cat\/editorial\/mensajero\/","menu_order":0,"post_type":"editorial","post_mime_type":"","comment_count":"0","filter":"raw"}]},"aioseo_notices":[],"_links":{"self":[{"href":"https:\/\/www.claret.cat\/es\/wp-json\/wp\/v2\/product\/1095824","targetHints":{"allow":["GET"]}}],"collection":[{"href":"https:\/\/www.claret.cat\/es\/wp-json\/wp\/v2\/product"}],"about":[{"href":"https:\/\/www.claret.cat\/es\/wp-json\/wp\/v2\/types\/product"}],"wp:featuredmedia":[{"embeddable":true,"href":"https:\/\/www.claret.cat\/es\/wp-json\/wp\/v2\/media\/1095847"}],"wp:attachment":[{"href":"https:\/\/www.claret.cat\/es\/wp-json\/wp\/v2\/media?parent=1095824"}],"wp:term":[{"taxonomy":"product_brand","embeddable":true,"href":"https:\/\/www.claret.cat\/es\/wp-json\/wp\/v2\/product_brand?post=1095824"},{"taxonomy":"product_cat","embeddable":true,"href":"https:\/\/www.claret.cat\/es\/wp-json\/wp\/v2\/product_cat?post=1095824"},{"taxonomy":"product_tag","embeddable":true,"href":"https:\/\/www.claret.cat\/es\/wp-json\/wp\/v2\/product_tag?post=1095824"}],"curies":[{"name":"wp","href":"https:\/\/api.w.org\/{rel}","templated":true}]}}