{"id":1095839,"date":"2026-04-09T11:16:13","date_gmt":"2026-04-09T09:16:13","guid":{"rendered":"https:\/\/www.claret.cat\/llibre\/a-solas-con-dios-9788427151321\/"},"modified":"2026-04-09T12:35:39","modified_gmt":"2026-04-09T10:35:39","slug":"a-solas-con-dios-9788427151321","status":"publish","type":"product","link":"https:\/\/www.claret.cat\/es\/libro\/a-solas-con-dios-9788427151321\/","title":{"rendered":"A SOLAS CON DIOS"},"content":{"rendered":"<p>Esta gu\u00eda adapta los <strong>Ejercicios espirituales de san Ignacio<\/strong> para que puedas realizarlos en tu vida diaria, <strong>sin necesidad de retirarte un mes entero<\/strong>. A trav\u00e9s de un proceso de <strong>44 semanas<\/strong>, los jesuitas <strong>Francisco Javier Cortabarr\u00eda<\/strong> y <strong>Pedro Javier Sag\u00fc\u00e9s<\/strong> te invitan a un <strong>encuentro diario con el Se\u00f1or<\/strong> para replantear tu vida. La obra ofrece material abundante, orientaciones claras y el texto \u00edntegro de san Ignacio. Es la invitaci\u00f3n perfecta para <strong>dejarte seducir por Dios<\/strong> y transformar tu d\u00eda a d\u00eda desde la fe. <strong>\u00a1Haz de tu rutina un espacio sagrado!<\/strong><\/p>\n","protected":false},"excerpt":{"rendered":"<p>CORTABARR\u00cdA, FRANCISCO JAVIER; SAG\u00dc\u00c9S, JAVIER <\/p>\n","protected":false},"featured_media":1095854,"template":"","meta":{"_acf_changed":false,"om_disable_all_campaigns":false,"rs_blank_template":"","rs_page_bg_color":"","slide_template_v7":"","inline_featured_image":false,"_monsterinsights_skip_tracking":false,"_monsterinsights_sitenote_active":false,"_monsterinsights_sitenote_note":"","_monsterinsights_sitenote_category":0},"product_brand":[],"product_cat":[494,244],"product_tag":[],"class_list":{"0":"post-1095839","1":"product","2":"type-product","3":"status-publish","4":"has-post-thumbnail","6":"product_cat-ignaciana-espiritualidad-1_espiritualidad","7":"product_cat-ignaciana","9":"first","10":"instock","11":"taxable","12":"shipping-taxable","13":"purchasable","14":"product-type-simple"},"acf":{"autor":"CORTABARR\u00cdA, FRANCISCO JAVIER; SAG\u00dc\u00c9S, JAVIER ","codart":"842715132","libros-coleccion":"Espiritualidad","ediciones":"1","encuadernacion":"R\u00fastica","fecha_de_publicacion":"19\/03\/2026","novedad":"1","paginas":"748","subtitulo":"EL MES DE EJERCICIOS ESPIRITUALES DE SAN IGNACIO DE LOYOLA","orden":"0","portada":"1","idioma":"spa","booktrailer":"","resenas":"","editorial":[{"ID":6351,"post_author":"3","post_date":"2022-07-28 17:50:19","post_date_gmt":"2022-07-28 15:50:19","post_content":"","post_title":"Sal Terrae","post_excerpt":"","post_status":"publish","comment_status":"closed","ping_status":"closed","post_password":"","post_name":"sal-terrae","to_ping":"","pinged":"","post_modified":"2022-07-28 17:50:19","post_modified_gmt":"2022-07-28 15:50:19","post_content_filtered":"","post_parent":0,"guid":"http:\/\/dev.claret.cat\/editorial\/sal-terrae\/","menu_order":0,"post_type":"editorial","post_mime_type":"","comment_count":"0","filter":"raw"}]},"aioseo_notices":[],"_links":{"self":[{"href":"https:\/\/www.claret.cat\/es\/wp-json\/wp\/v2\/product\/1095839","targetHints":{"allow":["GET"]}}],"collection":[{"href":"https:\/\/www.claret.cat\/es\/wp-json\/wp\/v2\/product"}],"about":[{"href":"https:\/\/www.claret.cat\/es\/wp-json\/wp\/v2\/types\/product"}],"wp:featuredmedia":[{"embeddable":true,"href":"https:\/\/www.claret.cat\/es\/wp-json\/wp\/v2\/media\/1095854"}],"wp:attachment":[{"href":"https:\/\/www.claret.cat\/es\/wp-json\/wp\/v2\/media?parent=1095839"}],"wp:term":[{"taxonomy":"product_brand","embeddable":true,"href":"https:\/\/www.claret.cat\/es\/wp-json\/wp\/v2\/product_brand?post=1095839"},{"taxonomy":"product_cat","embeddable":true,"href":"https:\/\/www.claret.cat\/es\/wp-json\/wp\/v2\/product_cat?post=1095839"},{"taxonomy":"product_tag","embeddable":true,"href":"https:\/\/www.claret.cat\/es\/wp-json\/wp\/v2\/product_tag?post=1095839"}],"curies":[{"name":"wp","href":"https:\/\/api.w.org\/{rel}","templated":true}]}}