{"id":1095905,"date":"2026-04-09T16:15:30","date_gmt":"2026-04-09T14:15:30","guid":{"rendered":"https:\/\/www.claret.cat\/llibre\/jesus-anuncia-la-esperanza-9788419431691\/"},"modified":"2026-04-10T11:10:24","modified_gmt":"2026-04-10T09:10:24","slug":"jesus-anuncia-la-esperanza-9788419431691","status":"publish","type":"product","link":"https:\/\/www.claret.cat\/es\/libro\/jesus-anuncia-la-esperanza-9788419431691\/","title":{"rendered":"JES\u00daS ANUNCIA LA ESPERANZA"},"content":{"rendered":"<p><strong>En el evangelio de Mateo se nos muestra un Jes\u00fas vivo<\/strong>, que pretende sacarnos de la estrechez y la ceguera y abrirnos a una \u00f3ptica completa de la realidad. <strong>Jesucristo quiere ense\u00f1arnos a Dios <\/strong>y el sendero que conduce hacia Dios. \u00c9l <strong>se presenta como el int\u00e9rprete de Dios<\/strong>, como aquel que da sentido a nuestra existencia y puede prometernos y darnos, sin enga\u00f1o, <strong>la felicidad plena<\/strong>.<\/p>\n<p>Esta obra ilustra el mensaje del Evangelio de Mateo despleg\u00e1ndolo en distintos cap\u00edtulos. En la elecci\u00f3n de los comentarios se tienen en cuenta sobre todo los <strong>pasajes que \u00fanicamente aparecen en Mateo<\/strong>, as\u00ed como los que se usan como evangelios dominicales para el <strong>a\u00f1o lit\u00fargico A<\/strong>. Las explicaciones pretenden ayudar a escuchar y entender el mensaje en la medida de lo posible y tambi\u00e9n a encontrar la respuesta adecuada al mismo. Se refieren exclusivamente al texto del <strong>Evangelio<\/strong> y solo pueden comprenderse correctamente teni\u00e9ndolo delante.<\/p>\n<p>El libro incluye una serie de preguntas al final de cada pasaje, porque se concibe como un comentario vivo, meditado, que pretende no un alarde de erudici\u00f3n, sino <strong>una lectura orante y narrativa del Evangelio<\/strong>.<\/p>\n<p>&nbsp;<\/p>\n","protected":false},"excerpt":{"rendered":"<p>KLEMENS STOCK<\/p>\n","protected":false},"featured_media":1096054,"template":"","meta":{"_acf_changed":false,"om_disable_all_campaigns":false,"rs_blank_template":"","rs_page_bg_color":"","slide_template_v7":"","inline_featured_image":false,"_monsterinsights_skip_tracking":false,"_monsterinsights_sitenote_active":false,"_monsterinsights_sitenote_note":"","_monsterinsights_sitenote_category":0},"product_brand":[],"product_cat":[275,413,288,514],"product_tag":[],"class_list":{"0":"post-1095905","1":"product","2":"type-product","3":"status-publish","4":"has-post-thumbnail","6":"product_cat-fonamental","7":"product_cat-fundamental","8":"product_cat-moral-fonamental","9":"product_cat-moral-fundamental","11":"first","12":"instock","13":"taxable","14":"shipping-taxable","15":"purchasable","16":"product-type-simple"},"acf":{"autor":"KLEMENS STOCK","codart":"841943169","libros-coleccion":"","ediciones":"1","encuadernacion":"R\u00fastica","fecha_de_publicacion":"01\/03\/2026","novedad":"1","paginas":"216","subtitulo":"REFLEXIONES SOBRE EL EVANGELIO SEG\u00daN SAN MATEO","orden":"0","portada":"1","idioma":"spa","booktrailer":"","resenas":"","editorial":[{"ID":6184,"post_author":"3","post_date":"2022-07-28 17:46:42","post_date_gmt":"2022-07-28 15:46:42","post_content":"","post_title":"Didaskalos","post_excerpt":"","post_status":"publish","comment_status":"closed","ping_status":"closed","post_password":"","post_name":"didaskalos","to_ping":"","pinged":"","post_modified":"2022-07-28 17:46:42","post_modified_gmt":"2022-07-28 15:46:42","post_content_filtered":"","post_parent":0,"guid":"http:\/\/dev.claret.cat\/editorial\/didaskalos\/","menu_order":0,"post_type":"editorial","post_mime_type":"","comment_count":"0","filter":"raw"}]},"aioseo_notices":[],"_links":{"self":[{"href":"https:\/\/www.claret.cat\/es\/wp-json\/wp\/v2\/product\/1095905","targetHints":{"allow":["GET"]}}],"collection":[{"href":"https:\/\/www.claret.cat\/es\/wp-json\/wp\/v2\/product"}],"about":[{"href":"https:\/\/www.claret.cat\/es\/wp-json\/wp\/v2\/types\/product"}],"wp:featuredmedia":[{"embeddable":true,"href":"https:\/\/www.claret.cat\/es\/wp-json\/wp\/v2\/media\/1096054"}],"wp:attachment":[{"href":"https:\/\/www.claret.cat\/es\/wp-json\/wp\/v2\/media?parent=1095905"}],"wp:term":[{"taxonomy":"product_brand","embeddable":true,"href":"https:\/\/www.claret.cat\/es\/wp-json\/wp\/v2\/product_brand?post=1095905"},{"taxonomy":"product_cat","embeddable":true,"href":"https:\/\/www.claret.cat\/es\/wp-json\/wp\/v2\/product_cat?post=1095905"},{"taxonomy":"product_tag","embeddable":true,"href":"https:\/\/www.claret.cat\/es\/wp-json\/wp\/v2\/product_tag?post=1095905"}],"curies":[{"name":"wp","href":"https:\/\/api.w.org\/{rel}","templated":true}]}}