{"id":1096028,"date":"2026-04-09T19:15:24","date_gmt":"2026-04-09T17:15:24","guid":{"rendered":"https:\/\/www.claret.cat\/llibre\/catcontes-dalaska-9791399180602\/"},"modified":"2026-04-10T18:22:16","modified_gmt":"2026-04-10T16:22:16","slug":"catcontes-dalaska-9791399180602","status":"publish","type":"product","link":"https:\/\/www.claret.cat\/es\/libro\/catcontes-dalaska-9791399180602\/","title":{"rendered":"(CAT).CONTES D&#8217;ALASKA"},"content":{"rendered":"<p>Els contes d&#8217;Alaska que us presentem en aquest volum han estat escollits i tradu\u00efts per Pere Guix\u00e0, que tamb\u00e9 \u00e9s autor de la introducci\u00f3. Jack London va con\u00e8ixer mot b\u00e9 el territori del Yukon i hi busc\u00e0 or. D&#8217;all\u00e0 en va treure algunes hist\u00f2ries molt conegudes com la novel la Ullal blanc, per\u00f2 tamb\u00e9 aquests set relats que mostren una cara fosca, dura, i a la vegada esperan\u00e7ada, de l&#8217;Alaska afectada per la passi\u00f3 humana per la riquesa que pot apar\u00e8ixer en qualsevol moment entre els c\u00f2dols d&#8217;un riu d&#8217;aig\u00fces gelades.<\/p>\n","protected":false},"excerpt":{"rendered":"<p>LONDON, JACK<\/p>\n","protected":false},"featured_media":1096209,"template":"","meta":{"_acf_changed":false,"om_disable_all_campaigns":false,"rs_blank_template":"","rs_page_bg_color":"","slide_template_v7":"","inline_featured_image":false,"_monsterinsights_skip_tracking":false,"_monsterinsights_sitenote_active":false,"_monsterinsights_sitenote_note":"","_monsterinsights_sitenote_category":0},"product_brand":[],"product_cat":[354,123,127,357],"product_tag":[],"class_list":{"0":"post-1096028","1":"product","2":"type-product","3":"status-publish","4":"has-post-thumbnail","6":"product_cat-clasica","7":"product_cat-classica","8":"product_cat-novella-contemporania","9":"product_cat-novela-contemporanea","11":"first","12":"instock","13":"taxable","14":"shipping-taxable","15":"purchasable","16":"product-type-simple"},"acf":{"autor":"LONDON, JACK","codart":"139918060","libros-coleccion":"","ediciones":"1","encuadernacion":"R\u00fastica","fecha_de_publicacion":"01\/03\/2026","novedad":"1","paginas":"160","subtitulo":"","orden":"0","portada":"0","idioma":"cat","booktrailer":"","resenas":"","editorial":[{"ID":1084427,"post_author":"3","post_date":"2026-02-17 16:50:09","post_date_gmt":"2026-02-17 15:50:09","post_content":"","post_title":"XANDRI","post_excerpt":"","post_status":"publish","comment_status":"closed","ping_status":"closed","post_password":"","post_name":"xandri","to_ping":"","pinged":"","post_modified":"2026-02-17 16:50:09","post_modified_gmt":"2026-02-17 15:50:09","post_content_filtered":"","post_parent":0,"guid":"https:\/\/www.claret.cat\/editorial\/xandri\/","menu_order":0,"post_type":"editorial","post_mime_type":"","comment_count":"0","filter":"raw"}]},"aioseo_notices":[],"_links":{"self":[{"href":"https:\/\/www.claret.cat\/es\/wp-json\/wp\/v2\/product\/1096028","targetHints":{"allow":["GET"]}}],"collection":[{"href":"https:\/\/www.claret.cat\/es\/wp-json\/wp\/v2\/product"}],"about":[{"href":"https:\/\/www.claret.cat\/es\/wp-json\/wp\/v2\/types\/product"}],"wp:featuredmedia":[{"embeddable":true,"href":"https:\/\/www.claret.cat\/es\/wp-json\/wp\/v2\/media\/1096209"}],"wp:attachment":[{"href":"https:\/\/www.claret.cat\/es\/wp-json\/wp\/v2\/media?parent=1096028"}],"wp:term":[{"taxonomy":"product_brand","embeddable":true,"href":"https:\/\/www.claret.cat\/es\/wp-json\/wp\/v2\/product_brand?post=1096028"},{"taxonomy":"product_cat","embeddable":true,"href":"https:\/\/www.claret.cat\/es\/wp-json\/wp\/v2\/product_cat?post=1096028"},{"taxonomy":"product_tag","embeddable":true,"href":"https:\/\/www.claret.cat\/es\/wp-json\/wp\/v2\/product_tag?post=1096028"}],"curies":[{"name":"wp","href":"https:\/\/api.w.org\/{rel}","templated":true}]}}