{"id":1096117,"date":"2026-04-10T13:05:02","date_gmt":"2026-04-10T11:05:02","guid":{"rendered":"https:\/\/www.claret.cat\/llibre\/una-nena-bona-9788410256286\/"},"modified":"2026-04-14T14:37:30","modified_gmt":"2026-04-14T12:37:30","slug":"una-nena-bona-9788410256286","status":"publish","type":"product","link":"https:\/\/www.claret.cat\/es\/libro\/una-nena-bona-9788410256286\/","title":{"rendered":"UNA NENA BONA"},"content":{"rendered":"<p>Despr\u00e9s de <strong>vendre m\u00e9s de 5.000.000<\/strong> exemplars, l\u2019escriptora <strong>El\u00edsabet Benavent<\/strong> torna amb <strong>una obra que reivindica l\u2019amor propi com a opci\u00f3 necess\u00e0ria<\/strong>. Les petites revolucions comencen amb un llibre. <strong>La J\u00falia Casanovas treballa en un bar<\/strong> de tapes de Barcelona. Fa deu anys, <strong>era una exitosa actriu<\/strong>, per\u00f2 la seva naturalesa complaent la va portar a acceptar <strong>un paper que va ensorrar el seu amor per la interpretaci\u00f3<\/strong>\u2026 a m\u00e9s de la seva carrera. Tot canviar\u00e0 quan <strong>un desconegut apareix<\/strong> al local on treballa amb un missatge sorprenentment cr\u00edptic: <strong>\u00abCrec que et necessito\u00bb.<\/strong> La J\u00falia haur\u00e0 de prendre la decisi\u00f3 d\u2019arriscar-se, ocultar a la seva mare controladora que est\u00e0 a punt de llan\u00e7ar els daus de nou i <strong>deixar-se guiar per l\u2019instint<\/strong>. El que no sap \u00e9s que, a m\u00e9s, aquest cop sobre la taula <strong>obrir\u00e0 el calaix dels amors oblidats<\/strong>.<\/p>\n<p><\/p>\n<p><a href='https:\/\/www.claret.cat\/es\/catalogo\/?b=elisabet+benavent' rel='noopener noreferrer' target='_blank'><strong>Tots els llibres d&#8217;El\u00edsabet Benavent en catal\u00e0, amb descompte aqu\u00ed<\/strong><\/a><\/p>\n","protected":false},"excerpt":{"rendered":"<p>EL\u00cdSABET BENAVENT<\/p>\n","protected":false},"featured_media":1096528,"template":"","meta":{"_acf_changed":false,"om_disable_all_campaigns":false,"rs_blank_template":"","rs_page_bg_color":"","slide_template_v7":"","inline_featured_image":false,"_monsterinsights_skip_tracking":false,"_monsterinsights_sitenote_active":false,"_monsterinsights_sitenote_note":"","_monsterinsights_sitenote_category":0},"product_brand":[],"product_cat":[127,357,312],"product_tag":[],"class_list":{"0":"post-1096117","1":"product","2":"type-product","3":"status-publish","4":"has-post-thumbnail","6":"product_cat-novella-contemporania","7":"product_cat-novela-contemporanea","8":"product_cat-portada","10":"first","11":"instock","12":"taxable","13":"shipping-taxable","14":"purchasable","15":"product-type-simple"},"acf":{"autor":"EL\u00cdSABET BENAVENT","codart":"841025628","libros-coleccion":"","ediciones":"1","encuadernacion":"R\u00fastica","fecha_de_publicacion":"14\/04\/2026","novedad":"1","paginas":"584","subtitulo":"","orden":"0","portada":"0","idioma":"cat","booktrailer":"","resenas":"","editorial":[{"ID":6350,"post_author":"3","post_date":"2022-07-28 17:50:18","post_date_gmt":"2022-07-28 15:50:18","post_content":"","post_title":"ROSA DELS VENTS","post_excerpt":"","post_status":"publish","comment_status":"closed","ping_status":"closed","post_password":"","post_name":"rosa-dels-vents","to_ping":"","pinged":"","post_modified":"2022-07-28 17:50:18","post_modified_gmt":"2022-07-28 15:50:18","post_content_filtered":"","post_parent":0,"guid":"http:\/\/dev.claret.cat\/editorial\/rosa-dels-vents\/","menu_order":0,"post_type":"editorial","post_mime_type":"","comment_count":"0","filter":"raw"}]},"aioseo_notices":[],"_links":{"self":[{"href":"https:\/\/www.claret.cat\/es\/wp-json\/wp\/v2\/product\/1096117","targetHints":{"allow":["GET"]}}],"collection":[{"href":"https:\/\/www.claret.cat\/es\/wp-json\/wp\/v2\/product"}],"about":[{"href":"https:\/\/www.claret.cat\/es\/wp-json\/wp\/v2\/types\/product"}],"wp:featuredmedia":[{"embeddable":true,"href":"https:\/\/www.claret.cat\/es\/wp-json\/wp\/v2\/media\/1096528"}],"wp:attachment":[{"href":"https:\/\/www.claret.cat\/es\/wp-json\/wp\/v2\/media?parent=1096117"}],"wp:term":[{"taxonomy":"product_brand","embeddable":true,"href":"https:\/\/www.claret.cat\/es\/wp-json\/wp\/v2\/product_brand?post=1096117"},{"taxonomy":"product_cat","embeddable":true,"href":"https:\/\/www.claret.cat\/es\/wp-json\/wp\/v2\/product_cat?post=1096117"},{"taxonomy":"product_tag","embeddable":true,"href":"https:\/\/www.claret.cat\/es\/wp-json\/wp\/v2\/product_tag?post=1096117"}],"curies":[{"name":"wp","href":"https:\/\/api.w.org\/{rel}","templated":true}]}}