{"id":1096123,"date":"2026-04-10T13:05:49","date_gmt":"2026-04-10T11:05:49","guid":{"rendered":"https:\/\/www.claret.cat\/llibre\/una-nina-buena-9788491296898\/"},"modified":"2026-04-17T14:00:28","modified_gmt":"2026-04-17T12:00:28","slug":"una-nina-buena-9788491296898","status":"publish","type":"product","link":"https:\/\/www.claret.cat\/es\/libro\/una-nina-buena-9788491296898\/","title":{"rendered":"UNA NI\u00d1A BUENA"},"content":{"rendered":"<p>Despu\u00e9s de <strong>vender m\u00e1s de 5.000.000 de ejemplares<\/strong>, la escritora <strong>El\u00edsabet Benavent<\/strong> vuelve con <strong>una novela que reivindica el amor propio<\/strong> como opci\u00f3n necesaria. Las peque\u00f1as revoluciones comienzan con un libro. <strong>J\u00falia Casanovas trabaja en un bar<\/strong> de tapas de Barcelona. Hace ya diez a\u00f1os <strong>fue una exitosa actriz<\/strong>, pero su naturaleza complaciente la llev\u00f3 a aceptar <strong>un papel que hizo a\u00f1icos su amor por la interpretaci\u00f3n<\/strong>\u2026 y su carrera. Sin embargo, todo cambiar\u00e1 cuando un desconocido aparezca en el local en el que trabaja con un mensaje bastante cr\u00edptico: <strong>\u2018Creo que te necesito\u2019<\/strong>. J\u00falia ha de tomar la decisi\u00f3n de arriesgarse, ocultarle a su controladora madre que est\u00e1 a punto de lanzar de nuevo los dados y <strong>dejarse guiar por su instinto<\/strong>. Lo que desconoce es que adem\u00e1s ese golpe sobre la mesa <strong>abrir\u00e1 el caj\u00f3n de los amores olvidados<\/strong>.<\/p>\n<p><\/p>\n<p><a href='https:\/\/www.claret.cat\/es\/catalogo\/?b=benavent' rel='noopener noreferrer' target='_blank'><strong>Consigue aqu\u00ed todos los libros en espa\u00f1ol de El\u00edsabet Benavent<\/strong><\/a><\/p>\n","protected":false},"excerpt":{"rendered":"<p>EL\u00cdSABET BENAVENT<\/p>\n","protected":false},"featured_media":1097439,"template":"","meta":{"_acf_changed":false,"om_disable_all_campaigns":false,"rs_blank_template":"","rs_page_bg_color":"","slide_template_v7":"","inline_featured_image":false,"_monsterinsights_skip_tracking":false,"_monsterinsights_sitenote_active":false,"_monsterinsights_sitenote_note":"","_monsterinsights_sitenote_category":0},"product_brand":[],"product_cat":[127,357,582],"product_tag":[],"class_list":{"0":"post-1096123","1":"product","2":"type-product","3":"status-publish","4":"has-post-thumbnail","6":"product_cat-novella-contemporania","7":"product_cat-novela-contemporanea","8":"product_cat-portada-es","10":"first","11":"instock","12":"taxable","13":"shipping-taxable","14":"purchasable","15":"product-type-simple"},"acf":{"autor":"EL\u00cdSABET BENAVENT","codart":"849129689","libros-coleccion":"","ediciones":"1","encuadernacion":"R\u00fastica","fecha_de_publicacion":"14\/04\/2026","novedad":"1","paginas":"584","subtitulo":"","orden":"0","portada":"0","idioma":"spa","booktrailer":"","resenas":"","editorial":[{"ID":6370,"post_author":"3","post_date":"2022-07-28 17:50:44","post_date_gmt":"2022-07-28 15:50:44","post_content":"","post_title":"SUMA","post_excerpt":"","post_status":"publish","comment_status":"closed","ping_status":"closed","post_password":"","post_name":"suma","to_ping":"","pinged":"","post_modified":"2022-07-28 17:50:44","post_modified_gmt":"2022-07-28 15:50:44","post_content_filtered":"","post_parent":0,"guid":"http:\/\/dev.claret.cat\/editorial\/suma\/","menu_order":0,"post_type":"editorial","post_mime_type":"","comment_count":"0","filter":"raw"}]},"aioseo_notices":[],"_links":{"self":[{"href":"https:\/\/www.claret.cat\/es\/wp-json\/wp\/v2\/product\/1096123","targetHints":{"allow":["GET"]}}],"collection":[{"href":"https:\/\/www.claret.cat\/es\/wp-json\/wp\/v2\/product"}],"about":[{"href":"https:\/\/www.claret.cat\/es\/wp-json\/wp\/v2\/types\/product"}],"wp:featuredmedia":[{"embeddable":true,"href":"https:\/\/www.claret.cat\/es\/wp-json\/wp\/v2\/media\/1097439"}],"wp:attachment":[{"href":"https:\/\/www.claret.cat\/es\/wp-json\/wp\/v2\/media?parent=1096123"}],"wp:term":[{"taxonomy":"product_brand","embeddable":true,"href":"https:\/\/www.claret.cat\/es\/wp-json\/wp\/v2\/product_brand?post=1096123"},{"taxonomy":"product_cat","embeddable":true,"href":"https:\/\/www.claret.cat\/es\/wp-json\/wp\/v2\/product_cat?post=1096123"},{"taxonomy":"product_tag","embeddable":true,"href":"https:\/\/www.claret.cat\/es\/wp-json\/wp\/v2\/product_tag?post=1096123"}],"curies":[{"name":"wp","href":"https:\/\/api.w.org\/{rel}","templated":true}]}}