{"id":1096404,"date":"2026-04-13T14:16:42","date_gmt":"2026-04-13T12:16:42","guid":{"rendered":"https:\/\/www.claret.cat\/llibre\/la-prometida-9788466683067\/"},"modified":"2026-04-14T14:37:17","modified_gmt":"2026-04-14T12:37:17","slug":"la-prometida-9788466683067","status":"publish","type":"product","link":"https:\/\/www.claret.cat\/es\/libro\/la-prometida-9788466683067\/","title":{"rendered":"LA PROMETIDA"},"content":{"rendered":"<p><strong class='ql-size-large'><em>La prometida<\/em>, de Nieves Herrero: novela hist\u00f3rica de misterio, glamour y una boda real<\/strong><\/p>\n<p><em>La prometida<\/em>, de <strong>Nieves Herrero<\/strong>, es una novela hist\u00f3rica de misterio ambientada en la alta sociedad europea, con la ic\u00f3nica boda de <strong>Fabiola de Mora y Arag\u00f3n<\/strong> y <strong>Balduino de B\u00e9lgica<\/strong> como tel\u00f3n de fondo.<\/p>\n<p><\/p>\n<p><strong>El amor es un arma de doble filo. Una boda real que marcar\u00e1 el futuro. Un misterio que vuelve desde el pasado.<\/strong><\/p>\n<p><\/p>\n<p>En 1959, el rey Balduino de B\u00e9lgica conoce a Fabiola, la arist\u00f3crata espa\u00f1ola que pronto se convertir\u00e1 en su esposa en una de las bodas reales m\u00e1s medi\u00e1ticas del siglo XX.<\/p>\n<p>Mientras tanto, la periodista y detective <strong>Margot Sanz Peters<\/strong> recibe una llamada de la comisar\u00eda para retomar el caso m\u00e1s complejo de su carrera: la misteriosa desaparici\u00f3n de la hija de unos marqueses.<\/p>\n<p><\/p>\n<p>A lo largo de la novela, Nieves Herrero nos sumerge en una investigaci\u00f3n llena de intriga por los c\u00edrculos m\u00e1s selectos y glamurosos de Madrid y Par\u00eds. Desde el atelier de <strong>Balenciaga<\/strong> hasta los salones de la alta sociedad, Margot ir\u00e1 desvelando un entramado de secretos que conecta la desaparici\u00f3n con el gran enlace real.<\/p>\n<p>As\u00ed, <em>La prometida<\/em> combina <strong>novela hist\u00f3rica, thriller y romance<\/strong>, explorando temas como el poder, la pasi\u00f3n, la pol\u00edtica y los secretos ocultos en la realeza europea.<\/p>\n<p>Tras el \u00e9xito de <em>Lo que escond\u00edan sus ojos<\/em>, <em>El joyero de la reina<\/em> y <em>Luna roja<\/em>, <strong>Nieves Herrero<\/strong> consolida su estilo con una obra imprescindible para los amantes de las novelas de \u00e9poca, el misterio y las historias basadas en hechos reales.<\/p>\n<p><\/p>\n<p><strong class='ql-size-large'>Por qu\u00e9 leer <em>La prometida<\/em><\/strong><\/p>\n<ul>\n<li>Novela hist\u00f3rica ambientada en la realeza europea<\/li>\n<li>Misterio e investigaci\u00f3n con protagonista femenina<\/li>\n<li>Ambientaci\u00f3n en Madrid y Par\u00eds en los a\u00f1os 50<\/li>\n<li>Basada en la boda real de Fabiola y Balduino<\/li>\n<li>Ideal para lectores de ficci\u00f3n hist\u00f3rica y thriller rom\u00e1ntico<\/li>\n<\/ul>\n<p><\/p>\n","protected":false},"excerpt":{"rendered":"<p>NIEVES HERRERO<\/p>\n","protected":false},"featured_media":1096505,"template":"","meta":{"_acf_changed":false,"om_disable_all_campaigns":false,"rs_blank_template":"","rs_page_bg_color":"","slide_template_v7":"","inline_featured_image":false,"_monsterinsights_skip_tracking":false,"_monsterinsights_sitenote_active":false,"_monsterinsights_sitenote_note":"","_monsterinsights_sitenote_category":0},"product_brand":[],"product_cat":[127,357,582],"product_tag":[],"class_list":{"0":"post-1096404","1":"product","2":"type-product","3":"status-publish","4":"has-post-thumbnail","6":"product_cat-novella-contemporania","7":"product_cat-novela-contemporanea","8":"product_cat-portada-es","10":"first","11":"instock","12":"taxable","13":"shipping-taxable","14":"purchasable","15":"product-type-simple"},"acf":{"autor":"NIEVES HERRERO","codart":"846668306","libros-coleccion":"","ediciones":"1","encuadernacion":"Carton\u00e9","fecha_de_publicacion":"01\/04\/2026","novedad":"1","paginas":"612","subtitulo":"","orden":"0","portada":"0","idioma":"spa","booktrailer":"","resenas":"","editorial":[{"ID":6200,"post_author":"3","post_date":"2022-07-28 17:47:00","post_date_gmt":"2022-07-28 15:47:00","post_content":"","post_title":"EDICIONES B","post_excerpt":"","post_status":"publish","comment_status":"closed","ping_status":"closed","post_password":"","post_name":"ediciones-b","to_ping":"","pinged":"","post_modified":"2022-07-28 17:47:00","post_modified_gmt":"2022-07-28 15:47:00","post_content_filtered":"","post_parent":0,"guid":"http:\/\/dev.claret.cat\/editorial\/ediciones-b\/","menu_order":0,"post_type":"editorial","post_mime_type":"","comment_count":"0","filter":"raw"}],"linkebook":"","ficha":"","muestra":"","precioebook":"0","presentacion":""},"aioseo_notices":[],"_links":{"self":[{"href":"https:\/\/www.claret.cat\/es\/wp-json\/wp\/v2\/product\/1096404","targetHints":{"allow":["GET"]}}],"collection":[{"href":"https:\/\/www.claret.cat\/es\/wp-json\/wp\/v2\/product"}],"about":[{"href":"https:\/\/www.claret.cat\/es\/wp-json\/wp\/v2\/types\/product"}],"wp:featuredmedia":[{"embeddable":true,"href":"https:\/\/www.claret.cat\/es\/wp-json\/wp\/v2\/media\/1096505"}],"wp:attachment":[{"href":"https:\/\/www.claret.cat\/es\/wp-json\/wp\/v2\/media?parent=1096404"}],"wp:term":[{"taxonomy":"product_brand","embeddable":true,"href":"https:\/\/www.claret.cat\/es\/wp-json\/wp\/v2\/product_brand?post=1096404"},{"taxonomy":"product_cat","embeddable":true,"href":"https:\/\/www.claret.cat\/es\/wp-json\/wp\/v2\/product_cat?post=1096404"},{"taxonomy":"product_tag","embeddable":true,"href":"https:\/\/www.claret.cat\/es\/wp-json\/wp\/v2\/product_tag?post=1096404"}],"curies":[{"name":"wp","href":"https:\/\/api.w.org\/{rel}","templated":true}]}}