{"id":109669,"date":"2022-10-12T13:35:33","date_gmt":"2022-10-12T11:35:33","guid":{"rendered":"http:\/\/dev.claret.cat\/producte\/estuche-maria-oruna\/"},"modified":"2023-01-28T10:40:16","modified_gmt":"2023-01-28T09:40:16","slug":"estuche-maria-oruna-9788423355891","status":"publish","type":"product","link":"https:\/\/www.claret.cat\/es\/libro\/estuche-maria-oruna-9788423355891\/","title":{"rendered":"ESTUCHE MAR\u00cdA ORU\u00d1A"},"content":{"rendered":"<p>Puerto escondido: <\/p>\n<p>Oliver, un joven londinense con una peculiar situaci\u00f3n familiar y una triste p\u00e9rdida, hereda una casona colonial, Villa Marina, a pie de playa en el pueblecito costero de Suances, en Cantabria. En las obras de remodelaci\u00f3n se descubre en el s\u00f3tano el cad\u00e1ver emparedado de un beb\u00e9, al que acompa\u00f1a un objeto que resulta completamente anacr\u00f3nico. Tras este descubrimiento comienzan a sucederse, de forma vertiginosa, diversos asesinatos en la zona (Suances, Santillana del Mar, Santander, Comillas), que, unidos a los ins\u00f3litos resultados forenses de los cad\u00e1veres, ponen en jaque a la Secci\u00f3n de Investigaci\u00f3n de la Guardia Civil y al propio Oliver, que inicia un denso viaje personal y una carrera a contrarreloj para descubrir al asesino. <\/p>\n<p>Un lugar a donde ir: <\/p>\n<p>Han transcurrido varios meses desde que Suances, un peque\u00f1o pueblo de la costa c\u00e1ntabra, fuese testigo de varios asesinatos que sacudieron a sus habitantes. Sin embargo, cuando ya todo parec\u00eda haber vuelto a la normalidad, aparece el cad\u00e1ver de una joven en La Mota de Trespalacios, un rec\u00f3ndito lugar donde se encuentran las ruinas de una inusual construcci\u00f3n medieval. Lo m\u00e1s sorprendente del asunto no es que la joven vaya ataviada como una exquisita princesa del medievo, sino el objeto que porta entre sus manos y el extraordinario resultado forense de la autopsia. <\/p>\n<p>Cuando hasta los m\u00e1s esc\u00e9pticos comienzan a plantearse un imposible viaje en el tiempo, comienzan a ocurrir m\u00e1s asesinatos en la zona que parecen estar indisolublemente unidos a la muerte de la misteriosa dama medieval. <\/p>\n<p>Mientras Valentina Redondo y su equipo investigan los hechos a contrarreloj, Oliver Gordon, ayudado por su viejo amigo de la infancia, el m\u00fasico Michael Blake, buscar\u00e1 sin descanso el paradero de su hermano Guillermo, desaparecido desde hace ya dos a\u00f1os, y descubrir\u00e1 que la verdad se dibuja con contornos punzantes e inesperados. <\/p>\n<p>Donde fuimos invencibles: <\/p>\n<p>El verano est\u00e1 terminando y la teniente Valentina Redondo est\u00e1 contando los d\u00edas para empezar sus vacaciones. Pero algo ins\u00f3lito sucede en el centro mismo del pueblo costero de Suances: el jardinero del antiguo Palacio del Amo ha aparecido muerto en el c\u00e9sped de esa enigm\u00e1tica propiedad. <\/p>\n<p>El palacio es una de las casonas con m\u00e1s historia de los alrededores, y despu\u00e9s de permanecer mucho tiempo deshabitada, el escritor americano Carlos Green, heredero de la propiedad, ha decidido instalarse temporalmente en el lugar donde vivi\u00f3 sus mejores veranos de juventud. Pero la paz que buscaba se ver\u00e1 truncada por el terrible suceso, y aunque todo apunta a una muerte por causas naturales, parece que alguien ha tocado el cad\u00e1ver, y Carlos confiesa que en los \u00faltimos d\u00edas ha percibido presencias inexplicables a la raz\u00f3n. <\/p>\n<p>A pesar de que Valentina es absolutamente esc\u00e9ptica en torno a lo paranormal, tanto ella como su equipo, e incluso su pareja, Oliver, se ver\u00e1n envueltos en una sucesi\u00f3n de hechos ins\u00f3litos que les llevar\u00e1n a investigar lo sucedido de la forma m\u00e1s extravagante y an\u00f3mala, descubriendo que algunos lugares guardan un sorprendente aliento atemporal y secreto y que todos los personajes tienen algo que contar y ocultar.<\/p>\n","protected":false},"excerpt":{"rendered":"<p>ORU\u00d1A, MAR\u00cdA<\/p>\n","protected":false},"featured_media":109670,"template":"","meta":{"_acf_changed":false,"om_disable_all_campaigns":false,"rs_blank_template":"","rs_page_bg_color":"","slide_template_v7":"","inline_featured_image":false,"_monsterinsights_skip_tracking":false,"_monsterinsights_sitenote_active":false,"_monsterinsights_sitenote_note":"","_monsterinsights_sitenote_category":0},"product_brand":[],"product_cat":[127],"product_tag":[],"class_list":{"0":"post-109669","1":"product","2":"type-product","3":"status-publish","4":"has-post-thumbnail","6":"product_cat-novella-contemporania","8":"first","9":"instock","10":"taxable","11":"shipping-taxable","12":"purchasable","13":"product-type-simple"},"acf":{"autor":"ORU\u00d1A, MAR\u00cdA","codart":"842335589","libros-coleccion":"Crimen y Misterio","ediciones":"1","encuadernacion":"R\u00fastica","fecha_de_publicacion":"01\/06\/2020","novedad":"1","paginas":"0","subtitulo":"","orden":"0","portada":"0","idioma":"spa","editorial":[{"ID":147498,"post_author":"3","post_date":"2022-10-14 11:51:02","post_date_gmt":"2022-10-14 09:51:02","post_content":"","post_title":"Austral","post_excerpt":"","post_status":"publish","comment_status":"closed","ping_status":"closed","post_password":"","post_name":"austral","to_ping":"","pinged":"","post_modified":"2022-10-14 11:51:02","post_modified_gmt":"2022-10-14 09:51:02","post_content_filtered":"","post_parent":0,"guid":"http:\/\/dev.claret.cat\/editorial\/austral\/","menu_order":0,"post_type":"editorial","post_mime_type":"","comment_count":"0","filter":"raw"}],"autores-libros":[{"ID":163733,"post_author":"3","post_date":"2022-10-14 17:41:24","post_date_gmt":"2022-10-14 15:41:24","post_content":"","post_title":"MAR\u00cdA ORU\u00d1A","post_excerpt":"","post_status":"publish","comment_status":"closed","ping_status":"closed","post_password":"","post_name":"maria-oruna","to_ping":"","pinged":"","post_modified":"2022-10-14 17:41:24","post_modified_gmt":"2022-10-14 15:41:24","post_content_filtered":"","post_parent":0,"guid":"http:\/\/dev.claret.cat\/autor\/maria-oruna\/","menu_order":0,"post_type":"autor","post_mime_type":"","comment_count":"0","filter":"raw"}]},"aioseo_notices":[],"_links":{"self":[{"href":"https:\/\/www.claret.cat\/es\/wp-json\/wp\/v2\/product\/109669","targetHints":{"allow":["GET"]}}],"collection":[{"href":"https:\/\/www.claret.cat\/es\/wp-json\/wp\/v2\/product"}],"about":[{"href":"https:\/\/www.claret.cat\/es\/wp-json\/wp\/v2\/types\/product"}],"wp:featuredmedia":[{"embeddable":true,"href":"https:\/\/www.claret.cat\/es\/wp-json\/wp\/v2\/media\/109670"}],"wp:attachment":[{"href":"https:\/\/www.claret.cat\/es\/wp-json\/wp\/v2\/media?parent=109669"}],"wp:term":[{"taxonomy":"product_brand","embeddable":true,"href":"https:\/\/www.claret.cat\/es\/wp-json\/wp\/v2\/product_brand?post=109669"},{"taxonomy":"product_cat","embeddable":true,"href":"https:\/\/www.claret.cat\/es\/wp-json\/wp\/v2\/product_cat?post=109669"},{"taxonomy":"product_tag","embeddable":true,"href":"https:\/\/www.claret.cat\/es\/wp-json\/wp\/v2\/product_tag?post=109669"}],"curies":[{"name":"wp","href":"https:\/\/api.w.org\/{rel}","templated":true}]}}