{"id":1096871,"date":"2026-04-14T17:15:41","date_gmt":"2026-04-14T15:15:41","guid":{"rendered":"https:\/\/www.claret.cat\/llibre\/nada-te-turbe-nada-te-espante-9788413685847\/"},"modified":"2026-04-16T12:50:50","modified_gmt":"2026-04-16T10:50:50","slug":"nada-te-turbe-nada-te-espante-9788413685847","status":"publish","type":"product","link":"https:\/\/www.claret.cat\/es\/libro\/nada-te-turbe-nada-te-espante-9788413685847\/","title":{"rendered":"NADA TE TURBE, NADA TE ESPANTE"},"content":{"rendered":"<p><em>Nada te turbe, nada te espante<\/em>. A partir de este verso de <strong>Santa Teresa de \u00c1vila<\/strong>, el autor expone diferentes <strong>actuaciones diarias en las que se puede encontrar el alma<\/strong>.<\/p>\n<p> Con sentido positivo y alentador ilustra sus consideraciones con <strong>historias<\/strong>, <strong>an\u00e9cdotas<\/strong>, <strong>citas literarias<\/strong> o po\u00e9ticas haciendo as\u00ed la lectura atractiva y mostrando con amabilidad c\u00f3mo todo eso le sirve al cristiano para, <strong>a trav\u00e9s de la oraci\u00f3n, unirse a Jes\u00fas<\/strong>.<\/p>\n<p>&nbsp;<\/p>\n","protected":false},"excerpt":{"rendered":"<p>ANTONIO ROYO MAR\u00cdN<\/p>\n","protected":false},"featured_media":1097254,"template":"","meta":{"_acf_changed":false,"om_disable_all_campaigns":false,"rs_blank_template":"","rs_page_bg_color":"","slide_template_v7":"","inline_featured_image":false,"_monsterinsights_skip_tracking":false,"_monsterinsights_sitenote_active":false,"_monsterinsights_sitenote_note":"","_monsterinsights_sitenote_category":0},"product_brand":[],"product_cat":[485,232,237,488,396,247],"product_tag":[],"class_list":{"0":"post-1096871","1":"product","2":"type-product","3":"status-publish","4":"has-post-thumbnail","6":"product_cat-autores-espiritualidad-1_espiritualidad","7":"product_cat-autors-espiritualitat","8":"product_cat-cami-de-perfeccionament","9":"product_cat-camino-de-perfeccionamiento","10":"product_cat-oracion","11":"product_cat-pregaria","13":"first","14":"instock","15":"taxable","16":"shipping-taxable","17":"purchasable","18":"product-type-simple"},"acf":{"autor":"ANTONIO ROYO MAR\u00cdN","codart":"841368584","libros-coleccion":"","ediciones":"1","encuadernacion":"R\u00fastica","fecha_de_publicacion":"01\/04\/2026","novedad":"1","paginas":"187","subtitulo":"","orden":"0","portada":"1","idioma":"spa","booktrailer":"","resenas":"","editorial":[{"ID":148624,"post_author":"3","post_date":"2022-10-14 11:59:42","post_date_gmt":"2022-10-14 09:59:42","post_content":"","post_title":"PALABRA S.A., EDICIONES","post_excerpt":"","post_status":"publish","comment_status":"closed","ping_status":"closed","post_password":"","post_name":"palabra-s-a-ediciones","to_ping":"","pinged":"","post_modified":"2022-10-14 11:59:42","post_modified_gmt":"2022-10-14 09:59:42","post_content_filtered":"","post_parent":0,"guid":"http:\/\/dev.claret.cat\/editorial\/palabra-s-a-ediciones\/","menu_order":0,"post_type":"editorial","post_mime_type":"","comment_count":"0","filter":"raw"}]},"aioseo_notices":[],"_links":{"self":[{"href":"https:\/\/www.claret.cat\/es\/wp-json\/wp\/v2\/product\/1096871","targetHints":{"allow":["GET"]}}],"collection":[{"href":"https:\/\/www.claret.cat\/es\/wp-json\/wp\/v2\/product"}],"about":[{"href":"https:\/\/www.claret.cat\/es\/wp-json\/wp\/v2\/types\/product"}],"wp:featuredmedia":[{"embeddable":true,"href":"https:\/\/www.claret.cat\/es\/wp-json\/wp\/v2\/media\/1097254"}],"wp:attachment":[{"href":"https:\/\/www.claret.cat\/es\/wp-json\/wp\/v2\/media?parent=1096871"}],"wp:term":[{"taxonomy":"product_brand","embeddable":true,"href":"https:\/\/www.claret.cat\/es\/wp-json\/wp\/v2\/product_brand?post=1096871"},{"taxonomy":"product_cat","embeddable":true,"href":"https:\/\/www.claret.cat\/es\/wp-json\/wp\/v2\/product_cat?post=1096871"},{"taxonomy":"product_tag","embeddable":true,"href":"https:\/\/www.claret.cat\/es\/wp-json\/wp\/v2\/product_tag?post=1096871"}],"curies":[{"name":"wp","href":"https:\/\/api.w.org\/{rel}","templated":true}]}}