{"id":1096874,"date":"2026-04-14T17:16:07","date_gmt":"2026-04-14T15:16:07","guid":{"rendered":"https:\/\/www.claret.cat\/llibre\/pedro-ballester-un-apostol-del-siglo-xxi-9788413685861\/"},"modified":"2026-04-15T12:16:17","modified_gmt":"2026-04-15T10:16:17","slug":"pedro-ballester-un-apostol-del-siglo-xxi-9788413685861","status":"publish","type":"product","link":"https:\/\/www.claret.cat\/es\/libro\/pedro-ballester-un-apostol-del-siglo-xxi-9788413685861\/","title":{"rendered":"PEDRO BALLESTER. UN AP\u00d3STOL DEL SIGLO XXI"},"content":{"rendered":"<p><strong>Pedro Ballester Arenas<\/strong>, Pedrito para los m\u00e1s pr\u00f3ximos era <strong>un joven enamorado de la vida<\/strong>. Buen estudiante y gran amigo, hijo y hermano; aunque, como todos, tambi\u00e9n ten\u00eda sus defectos y luchas.<\/p>\n<p><strong>La enfermedad fue para \u00e9l una aut\u00e9ntica forja<\/strong> en la que se puso de manifiesto su fidelidad a la propia vocaci\u00f3n. La forma en que la encar\u00f3 aunque no faltaron derrotas en medio del combate se ha convertido en <strong>fuente de inspiraci\u00f3n<\/strong> para mucha gente. En su alegr\u00eda en medio del dolor, este joven nos recuerda que todos <strong>estamos llamados a la santidad<\/strong> en cualquier circunstancia de nuestra existencia.<\/p>\n","protected":false},"excerpt":{"rendered":"<p>PALOMA L\u00d3PEZ CAMPOS<\/p>\n","protected":false},"featured_media":1096977,"template":"","meta":{"_acf_changed":false,"om_disable_all_campaigns":false,"rs_blank_template":"","rs_page_bg_color":"","slide_template_v7":"","inline_featured_image":false,"_monsterinsights_skip_tracking":false,"_monsterinsights_sitenote_active":false,"_monsterinsights_sitenote_note":"","_monsterinsights_sitenote_category":0},"product_brand":[],"product_cat":[485,232,491,241],"product_tag":[],"class_list":{"0":"post-1096874","1":"product","2":"type-product","3":"status-publish","4":"has-post-thumbnail","6":"product_cat-autores-espiritualidad-1_espiritualidad","7":"product_cat-autors-espiritualitat","8":"product_cat-testimonios","9":"product_cat-testimonis","11":"first","12":"instock","13":"taxable","14":"shipping-taxable","15":"purchasable","16":"product-type-simple"},"acf":{"autor":"PALOMA L\u00d3PEZ CAMPOS","codart":"841368586","libros-coleccion":"","ediciones":"1","encuadernacion":"R\u00fastica","fecha_de_publicacion":"01\/04\/2026","novedad":"1","paginas":"160","subtitulo":"","orden":"0","portada":"1","idioma":"spa","booktrailer":"","resenas":"","editorial":[{"ID":148624,"post_author":"3","post_date":"2022-10-14 11:59:42","post_date_gmt":"2022-10-14 09:59:42","post_content":"","post_title":"PALABRA S.A., EDICIONES","post_excerpt":"","post_status":"publish","comment_status":"closed","ping_status":"closed","post_password":"","post_name":"palabra-s-a-ediciones","to_ping":"","pinged":"","post_modified":"2022-10-14 11:59:42","post_modified_gmt":"2022-10-14 09:59:42","post_content_filtered":"","post_parent":0,"guid":"http:\/\/dev.claret.cat\/editorial\/palabra-s-a-ediciones\/","menu_order":0,"post_type":"editorial","post_mime_type":"","comment_count":"0","filter":"raw"}]},"aioseo_notices":[],"_links":{"self":[{"href":"https:\/\/www.claret.cat\/es\/wp-json\/wp\/v2\/product\/1096874","targetHints":{"allow":["GET"]}}],"collection":[{"href":"https:\/\/www.claret.cat\/es\/wp-json\/wp\/v2\/product"}],"about":[{"href":"https:\/\/www.claret.cat\/es\/wp-json\/wp\/v2\/types\/product"}],"wp:featuredmedia":[{"embeddable":true,"href":"https:\/\/www.claret.cat\/es\/wp-json\/wp\/v2\/media\/1096977"}],"wp:attachment":[{"href":"https:\/\/www.claret.cat\/es\/wp-json\/wp\/v2\/media?parent=1096874"}],"wp:term":[{"taxonomy":"product_brand","embeddable":true,"href":"https:\/\/www.claret.cat\/es\/wp-json\/wp\/v2\/product_brand?post=1096874"},{"taxonomy":"product_cat","embeddable":true,"href":"https:\/\/www.claret.cat\/es\/wp-json\/wp\/v2\/product_cat?post=1096874"},{"taxonomy":"product_tag","embeddable":true,"href":"https:\/\/www.claret.cat\/es\/wp-json\/wp\/v2\/product_tag?post=1096874"}],"curies":[{"name":"wp","href":"https:\/\/api.w.org\/{rel}","templated":true}]}}