{"id":1096883,"date":"2026-04-14T17:20:02","date_gmt":"2026-04-14T15:20:02","guid":{"rendered":"https:\/\/www.claret.cat\/llibre\/ya-y-para-siempre-9791399091731\/"},"modified":"2026-04-15T13:05:27","modified_gmt":"2026-04-15T11:05:27","slug":"ya-y-para-siempre-9791399091731","status":"publish","type":"product","link":"https:\/\/www.claret.cat\/es\/libro\/ya-y-para-siempre-9791399091731\/","title":{"rendered":"YA Y PARA SIEMPRE"},"content":{"rendered":"<p><strong>Jorge ten\u00eda quince a\u00f1os<\/strong> cuando la vida le puso delante una larga <strong>lucha contra el c\u00e1ncer<\/strong>. \u00c9l <strong>supo abrazar esa cruz<\/strong> y sorprendi\u00f3 a todos los que lo rodeaban con una fe, una serenidad y una alegr\u00eda dif\u00edciles de explicar.<\/p>\n<p> <strong>Desde su cuenta de Twitter \u2013Aislado en Mi Suite (@SuiteDelResort),<\/strong> y en medio de la enfermedad, form\u00f3 un peque\u00f1o \u00abej\u00e9rcito\u00bb de oradores: <strong>los Smile Soldiers, \u00absoldados \u00bb<\/strong> que decidieron plantar cara al sufrimiento con la oraci\u00f3n y una sonrisa. M\u00e9dicos, familiares, compa\u00f1eros y amigos fueron testigos de c\u00f3mo <strong>un chico tan joven fue capaz de ense\u00f1arnos de la mejor forma que existe: con el ejemplo<\/strong>.<\/p>\n<p> Esta obra cuenta con detalle esa etapa de su vida desde el diagn\u00f3stico, en parte narrado en primera persona y acompa\u00f1ado de recuerdos y testimonios de quienes estuvieron a su lado durante aquellos diez a\u00f1os. Esta es, en definitiva, la historia de alguien que nos ense\u00f1\u00f3 a muchos que, incluso <strong>en medio del dolor, se puede vivir con sentido<\/strong>, con esperanza\u2026 y con una sonrisa.<\/p>\n","protected":false},"excerpt":{"rendered":"<p>TONO DE HEVIA<\/p>\n","protected":false},"featured_media":1097008,"template":"","meta":{"_acf_changed":false,"om_disable_all_campaigns":false,"rs_blank_template":"","rs_page_bg_color":"","slide_template_v7":"","inline_featured_image":false,"_monsterinsights_skip_tracking":false,"_monsterinsights_sitenote_active":false,"_monsterinsights_sitenote_note":"","_monsterinsights_sitenote_category":0},"product_brand":[],"product_cat":[485,232,491,241,394,236],"product_tag":[],"class_list":{"0":"post-1096883","1":"product","2":"type-product","3":"status-publish","4":"has-post-thumbnail","6":"product_cat-autores-espiritualidad-1_espiritualidad","7":"product_cat-autors-espiritualitat","8":"product_cat-testimonios","9":"product_cat-testimonis","10":"product_cat-vida-cotidiana","11":"product_cat-vida-quotidiana","13":"first","14":"instock","15":"taxable","16":"shipping-taxable","17":"purchasable","18":"product-type-simple"},"acf":{"autor":"TONO DE HEVIA","codart":"139909173","libros-coleccion":"","ediciones":"1","encuadernacion":"R\u00fastica","fecha_de_publicacion":"01\/04\/2026","novedad":"1","paginas":"237","subtitulo":"MEMORIA VIVA DE JORGE RIBERA SEMPERE","orden":"0","portada":"0","idioma":"spa","booktrailer":"","resenas":"","editorial":[{"ID":6316,"post_author":"3","post_date":"2022-07-28 17:49:34","post_date_gmt":"2022-07-28 15:49:34","post_content":"","post_title":"Nueva Eva","post_excerpt":"","post_status":"publish","comment_status":"closed","ping_status":"closed","post_password":"","post_name":"nueva-eva","to_ping":"","pinged":"","post_modified":"2022-07-28 17:49:34","post_modified_gmt":"2022-07-28 15:49:34","post_content_filtered":"","post_parent":0,"guid":"http:\/\/dev.claret.cat\/editorial\/nueva-eva\/","menu_order":0,"post_type":"editorial","post_mime_type":"","comment_count":"0","filter":"raw"}]},"aioseo_notices":[],"_links":{"self":[{"href":"https:\/\/www.claret.cat\/es\/wp-json\/wp\/v2\/product\/1096883","targetHints":{"allow":["GET"]}}],"collection":[{"href":"https:\/\/www.claret.cat\/es\/wp-json\/wp\/v2\/product"}],"about":[{"href":"https:\/\/www.claret.cat\/es\/wp-json\/wp\/v2\/types\/product"}],"wp:featuredmedia":[{"embeddable":true,"href":"https:\/\/www.claret.cat\/es\/wp-json\/wp\/v2\/media\/1097008"}],"wp:attachment":[{"href":"https:\/\/www.claret.cat\/es\/wp-json\/wp\/v2\/media?parent=1096883"}],"wp:term":[{"taxonomy":"product_brand","embeddable":true,"href":"https:\/\/www.claret.cat\/es\/wp-json\/wp\/v2\/product_brand?post=1096883"},{"taxonomy":"product_cat","embeddable":true,"href":"https:\/\/www.claret.cat\/es\/wp-json\/wp\/v2\/product_cat?post=1096883"},{"taxonomy":"product_tag","embeddable":true,"href":"https:\/\/www.claret.cat\/es\/wp-json\/wp\/v2\/product_tag?post=1096883"}],"curies":[{"name":"wp","href":"https:\/\/api.w.org\/{rel}","templated":true}]}}