{"id":1096886,"date":"2026-04-14T17:20:19","date_gmt":"2026-04-14T15:20:19","guid":{"rendered":"https:\/\/www.claret.cat\/llibre\/el-temperamento-que-dios-te-ha-dado-9788413685908\/"},"modified":"2026-04-15T12:15:19","modified_gmt":"2026-04-15T10:15:19","slug":"el-temperamento-que-dios-te-ha-dado-9788413685908","status":"publish","type":"product","link":"https:\/\/www.claret.cat\/es\/libro\/el-temperamento-que-dios-te-ha-dado-9788413685908\/","title":{"rendered":"EL TEMPERAMENTO QUE DIOS TE HA DADO"},"content":{"rendered":"<p><strong>Todos nacemos con rasgos de personalidad diferentes<\/strong>. Algunos vivimos para socializar y las fiestas; <strong>otros buscamos la soledad<\/strong> y el tiempo para la meditaci\u00f3n tranquila. <strong>Algunos somos ansiosos<\/strong>, mientras que otros nos conformamos con llevarnos bien con todo el mundo. Pero no elegimos estos rasgos, simplemente, <strong>forman parte de c\u00f3mo hemos sido creados<\/strong>.<\/p>\n<p> Porque en el seno materno, <strong>Dios no \u00fanicamente moldea<\/strong> nuestro cuerpo, <strong>tambi\u00e9n nos da el temperamento<\/strong> que, a lo largo de toda nuestra existencia, rige nuestra forma de comprender, gu\u00eda nuestras decisiones y sirve de fundamento para <strong>nuestra vida moral y espiritual<\/strong>.<\/p>\n<p> Los fil\u00f3sofos antiguos identificaron <strong>cuatro temperamentos b\u00e1sicos<\/strong>, y, a lo largo de los siglos, innumerables almas sabias han utilizado estos cuatro <strong>para entender la naturaleza human<\/strong>a. En esta obra se ofrece una s\u00edntesis accesible de la sabidur\u00eda cl\u00e1sica, la ciencia moderna del asesoramiento y la espiritualidad cat\u00f3lica.<\/p>\n<p> Descubrir\u00e1s que creces en cada una de estas cualidades a medida que llegues a entender y a <strong>aprender a usar como debe el temperamento que Dios te ha dado<\/strong>.<\/p>\n","protected":false},"excerpt":{"rendered":"<p>ART BENNETT<\/p>\n","protected":false},"featured_media":1096969,"template":"","meta":{"_acf_changed":false,"om_disable_all_campaigns":false,"rs_blank_template":"","rs_page_bg_color":"","slide_template_v7":"","inline_featured_image":false,"_monsterinsights_skip_tracking":false,"_monsterinsights_sitenote_active":false,"_monsterinsights_sitenote_note":"","_monsterinsights_sitenote_category":0},"product_brand":[],"product_cat":[509,279,485,232],"product_tag":[],"class_list":{"0":"post-1096886","1":"product","2":"type-product","3":"status-publish","4":"has-post-thumbnail","6":"product_cat-antropologia-teologica-teologia-1_espiritualidad","7":"product_cat-antropologia-teologica","8":"product_cat-autores-espiritualidad-1_espiritualidad","9":"product_cat-autors-espiritualitat","11":"first","12":"instock","13":"taxable","14":"shipping-taxable","15":"purchasable","16":"product-type-simple"},"acf":{"autor":"ART BENNETT","codart":"841368590","libros-coleccion":"","ediciones":"1","encuadernacion":"R\u00fastica","fecha_de_publicacion":"01\/04\/2026","novedad":"1","paginas":"314","subtitulo":"","orden":"0","portada":"1","idioma":"spa","booktrailer":"","resenas":"","editorial":[{"ID":148624,"post_author":"3","post_date":"2022-10-14 11:59:42","post_date_gmt":"2022-10-14 09:59:42","post_content":"","post_title":"PALABRA S.A., EDICIONES","post_excerpt":"","post_status":"publish","comment_status":"closed","ping_status":"closed","post_password":"","post_name":"palabra-s-a-ediciones","to_ping":"","pinged":"","post_modified":"2022-10-14 11:59:42","post_modified_gmt":"2022-10-14 09:59:42","post_content_filtered":"","post_parent":0,"guid":"http:\/\/dev.claret.cat\/editorial\/palabra-s-a-ediciones\/","menu_order":0,"post_type":"editorial","post_mime_type":"","comment_count":"0","filter":"raw"}]},"aioseo_notices":[],"_links":{"self":[{"href":"https:\/\/www.claret.cat\/es\/wp-json\/wp\/v2\/product\/1096886","targetHints":{"allow":["GET"]}}],"collection":[{"href":"https:\/\/www.claret.cat\/es\/wp-json\/wp\/v2\/product"}],"about":[{"href":"https:\/\/www.claret.cat\/es\/wp-json\/wp\/v2\/types\/product"}],"wp:featuredmedia":[{"embeddable":true,"href":"https:\/\/www.claret.cat\/es\/wp-json\/wp\/v2\/media\/1096969"}],"wp:attachment":[{"href":"https:\/\/www.claret.cat\/es\/wp-json\/wp\/v2\/media?parent=1096886"}],"wp:term":[{"taxonomy":"product_brand","embeddable":true,"href":"https:\/\/www.claret.cat\/es\/wp-json\/wp\/v2\/product_brand?post=1096886"},{"taxonomy":"product_cat","embeddable":true,"href":"https:\/\/www.claret.cat\/es\/wp-json\/wp\/v2\/product_cat?post=1096886"},{"taxonomy":"product_tag","embeddable":true,"href":"https:\/\/www.claret.cat\/es\/wp-json\/wp\/v2\/product_tag?post=1096886"}],"curies":[{"name":"wp","href":"https:\/\/api.w.org\/{rel}","templated":true}]}}