{"id":1096944,"date":"2026-04-15T11:25:04","date_gmt":"2026-04-15T09:25:04","guid":{"rendered":"https:\/\/www.claret.cat\/llibre\/el-principio-de-humanizacion-curar-y-cuidar-9788433039897\/"},"modified":"2026-04-15T12:25:47","modified_gmt":"2026-04-15T10:25:47","slug":"el-principio-de-humanizacion-curar-y-cuidar-9788433039897","status":"publish","type":"product","link":"https:\/\/www.claret.cat\/es\/libro\/el-principio-de-humanizacion-curar-y-cuidar-9788433039897\/","title":{"rendered":"EL PRINCIPIO DE HUMANIZACI\u00d3N: CURAR Y CUIDAR"},"content":{"rendered":"<p><strong>La humanizaci\u00f3n de la salud es un reto de todos<\/strong>, no \u00fanicamente de los profesionales sanitarios. He aqu\u00ed que se hace imprescindible una exploraci\u00f3n de este concepto desde una perspectiva \u00e9tica, una <strong>b\u00fasqueda de consenso acerca del significado<\/strong> y la envergadura de los valores que la sustentan. Esta obra explora la necesidad de fundamentar y desvelar la responsabilidad de <strong>cuidar a la medida del ser humano<\/strong>.<\/p>\n<p> El principio de humanizaci\u00f3n\u2019 se apoya en <strong>el reconocimiento de la alteridad<\/strong> y la responsabilidad hacia el otro, en el rostro que me interpela, me obliga, me llama a una responsabilidad de cuidado. <strong>Cuidar es tan urgente como curar.<\/strong> El principio de humanizaci\u00f3n consiste en reconocer y promover la dignidad inalienable de toda persona, especialmente en situaciones de vulnerabilidad, enfermedad, proximidad de la muerte y el duelo. Este principio se traduce en <strong>actitudes, pr\u00e1cticas y estructuras<\/strong> que favorecen el respeto, la empat\u00eda \u00e9tica, la escucha y la relaci\u00f3n aut\u00e9ntica con el otro: la compasi\u00f3n.<\/p>\n<p> <strong>Jos\u00e9 Carlos Bermejo<\/strong>, (1963) es un <strong>experto reconocido internacionalmente<\/strong> en humanizaci\u00f3n de la salud, en counselling, bio\u00e9tica y duelo, <strong>director del Centro de Humanizaci\u00f3n de la Salud y Centro Asistencial San Camilo<\/strong> para mayores, enfermos al final de la vida y dolientes. Dirige varios posgrados y ense\u00f1a en universidades de Espa\u00f1a y Portugal. Ha publicado m\u00e1s de un centenar de libros, no pocos en <strong>Descl\u00e9e De Brouwer<\/strong>.<\/p>\n<p><\/p>\n","protected":false},"excerpt":{"rendered":"<p>JOS\u00c9 CARLOS BERMEJO HIGUERA<\/p>\n","protected":false},"featured_media":1097000,"template":"","meta":{"_acf_changed":false,"om_disable_all_campaigns":false,"rs_blank_template":"","rs_page_bg_color":"","slide_template_v7":"","inline_featured_image":false,"_monsterinsights_skip_tracking":false,"_monsterinsights_sitenote_active":false,"_monsterinsights_sitenote_note":"","_monsterinsights_sitenote_category":0},"product_brand":[],"product_cat":[419,285],"product_tag":[],"class_list":{"0":"post-1096944","1":"product","2":"type-product","3":"status-publish","4":"has-post-thumbnail","6":"product_cat-pastoral-teologia-1_espiritualidad","7":"product_cat-pastoral-teologia","9":"first","10":"instock","11":"taxable","12":"shipping-taxable","13":"purchasable","14":"product-type-simple"},"acf":{"autor":"JOS\u00c9 CARLOS BERMEJO HIGUERA","codart":"9788433039897","libros-coleccion":"","ediciones":"1","encuadernacion":"R\u00fastica","fecha_de_publicacion":"01\/03\/2026","novedad":"1","paginas":"156","subtitulo":"CURAR Y CUIDAR","orden":"0","portada":"0","idioma":"spa","booktrailer":"","resenas":"","editorial":[{"ID":8232,"post_author":"3","post_date":"2022-09-30 09:21:20","post_date_gmt":"2022-09-30 07:21:20","post_content":"","post_title":"DESCLEE DE BROUWER","post_excerpt":"","post_status":"publish","comment_status":"closed","ping_status":"closed","post_password":"","post_name":"desclee-de-brouwer-2","to_ping":"","pinged":"","post_modified":"2022-09-30 09:21:20","post_modified_gmt":"2022-09-30 07:21:20","post_content_filtered":"","post_parent":0,"guid":"http:\/\/dev.claret.cat\/editorial\/desclee-de-brouwer-2\/","menu_order":0,"post_type":"editorial","post_mime_type":"","comment_count":"0","filter":"raw"}]},"aioseo_notices":[],"_links":{"self":[{"href":"https:\/\/www.claret.cat\/es\/wp-json\/wp\/v2\/product\/1096944","targetHints":{"allow":["GET"]}}],"collection":[{"href":"https:\/\/www.claret.cat\/es\/wp-json\/wp\/v2\/product"}],"about":[{"href":"https:\/\/www.claret.cat\/es\/wp-json\/wp\/v2\/types\/product"}],"wp:featuredmedia":[{"embeddable":true,"href":"https:\/\/www.claret.cat\/es\/wp-json\/wp\/v2\/media\/1097000"}],"wp:attachment":[{"href":"https:\/\/www.claret.cat\/es\/wp-json\/wp\/v2\/media?parent=1096944"}],"wp:term":[{"taxonomy":"product_brand","embeddable":true,"href":"https:\/\/www.claret.cat\/es\/wp-json\/wp\/v2\/product_brand?post=1096944"},{"taxonomy":"product_cat","embeddable":true,"href":"https:\/\/www.claret.cat\/es\/wp-json\/wp\/v2\/product_cat?post=1096944"},{"taxonomy":"product_tag","embeddable":true,"href":"https:\/\/www.claret.cat\/es\/wp-json\/wp\/v2\/product_tag?post=1096944"}],"curies":[{"name":"wp","href":"https:\/\/api.w.org\/{rel}","templated":true}]}}