{"id":1097072,"date":"2026-04-15T16:30:02","date_gmt":"2026-04-15T14:30:02","guid":{"rendered":"https:\/\/www.claret.cat\/llibre\/el-nom-de-la-rosa-edicio-integral-9788467983241\/"},"modified":"2026-04-15T16:42:02","modified_gmt":"2026-04-15T14:42:02","slug":"el-nom-de-la-rosa-edicio-integral-9788467983241","status":"publish","type":"product","link":"https:\/\/www.claret.cat\/es\/libro\/el-nom-de-la-rosa-edicio-integral-9788467983241\/","title":{"rendered":"EL NOM DE LA ROSA. EDICIO INTEGRAL"},"content":{"rendered":"<p>MANARA SIGNA EL SEU MILLOR TREBALL EN UNA ADAPTACI\u00d3 D&#8221;UNA BELLESA EXCEPCIONAL Fra Guillem de Baskerville es dirigeix a una prestigiosa abadia benedictina per participar en un pol\u00e8mic conclave. A la seva arribada, una s\u00e8rie d&#8221;horribles crims el llan\u00e7aran a una investigaci\u00f3 en qu\u00e8 quedaran paleses les tensions i les lluites de poder en el si de l&#8221;Esgl\u00e9sia cat\u00f2lica. El maestro Milo Manara adapta l&#8221;obra d&#8221;Umberto Eco en un c\u00f2mic fastu\u00f3s que frega la perfecci\u00f3 visual. Un llibre \u00fanic en qu\u00e8 conflueixen els talents de dos autors fonamentals de les lletres i de l&#8221;art contemporanis.<\/p>\n","protected":false},"excerpt":{"rendered":"<p>MILO MANARA<\/p>\n","protected":false},"featured_media":1097073,"template":"","meta":{"_acf_changed":false,"om_disable_all_campaigns":false,"rs_blank_template":"","rs_page_bg_color":"","slide_template_v7":"","inline_featured_image":false,"_monsterinsights_skip_tracking":false,"_monsterinsights_sitenote_active":false,"_monsterinsights_sitenote_note":"","_monsterinsights_sitenote_category":0},"product_brand":[],"product_cat":[108,558],"product_tag":[],"class_list":{"0":"post-1097072","1":"product","2":"type-product","3":"status-publish","4":"has-post-thumbnail","6":"product_cat-comic","7":"product_cat-comic-3_infantil-juvenil-spa-spa","9":"first","10":"instock","11":"taxable","12":"shipping-taxable","13":"purchasable","14":"product-type-simple"},"acf":{"autor":"MILO MANARA","codart":"846798324","libros-coleccion":"","ediciones":"1","encuadernacion":"Carton\u00e9","fecha_de_publicacion":"01\/04\/2026","novedad":"1","paginas":"129","subtitulo":"","orden":"0","portada":"0","idioma":"spa","booktrailer":"","resenas":"","editorial":[{"ID":6315,"post_author":"3","post_date":"2022-07-28 17:49:33","post_date_gmt":"2022-07-28 15:49:33","post_content":"","post_title":"NORMA EDITORIAL S.A","post_excerpt":"","post_status":"publish","comment_status":"closed","ping_status":"closed","post_password":"","post_name":"norma-editorial-s-a","to_ping":"","pinged":"","post_modified":"2022-07-28 17:49:33","post_modified_gmt":"2022-07-28 15:49:33","post_content_filtered":"","post_parent":0,"guid":"http:\/\/dev.claret.cat\/editorial\/norma-editorial-s-a\/","menu_order":0,"post_type":"editorial","post_mime_type":"","comment_count":"0","filter":"raw"}]},"aioseo_notices":[],"_links":{"self":[{"href":"https:\/\/www.claret.cat\/es\/wp-json\/wp\/v2\/product\/1097072","targetHints":{"allow":["GET"]}}],"collection":[{"href":"https:\/\/www.claret.cat\/es\/wp-json\/wp\/v2\/product"}],"about":[{"href":"https:\/\/www.claret.cat\/es\/wp-json\/wp\/v2\/types\/product"}],"wp:featuredmedia":[{"embeddable":true,"href":"https:\/\/www.claret.cat\/es\/wp-json\/wp\/v2\/media\/1097073"}],"wp:attachment":[{"href":"https:\/\/www.claret.cat\/es\/wp-json\/wp\/v2\/media?parent=1097072"}],"wp:term":[{"taxonomy":"product_brand","embeddable":true,"href":"https:\/\/www.claret.cat\/es\/wp-json\/wp\/v2\/product_brand?post=1097072"},{"taxonomy":"product_cat","embeddable":true,"href":"https:\/\/www.claret.cat\/es\/wp-json\/wp\/v2\/product_cat?post=1097072"},{"taxonomy":"product_tag","embeddable":true,"href":"https:\/\/www.claret.cat\/es\/wp-json\/wp\/v2\/product_tag?post=1097072"}],"curies":[{"name":"wp","href":"https:\/\/api.w.org\/{rel}","templated":true}]}}