{"id":1097075,"date":"2026-04-15T16:30:35","date_gmt":"2026-04-15T14:30:35","guid":{"rendered":"https:\/\/www.claret.cat\/llibre\/1629o-la-horrible-historia-de-los-naufragos-del-yakarta-primera-parte-el-bo-9788467981971\/"},"modified":"2026-04-15T16:41:46","modified_gmt":"2026-04-15T14:41:46","slug":"1629o-la-horrible-historia-de-los-naufragos-del-yakarta-primera-parte-el-bo-9788467981971","status":"publish","type":"product","link":"https:\/\/www.claret.cat\/es\/libro\/1629o-la-horrible-historia-de-los-naufragos-del-yakarta-primera-parte-el-bo-9788467981971\/","title":{"rendered":"1629&#8230;O LA HORRIBLE HISTORIA DE LOS N\u00c1UFRAGOS DEL YAKARTA. PRIMERA PARTE: EL BO"},"content":{"rendered":"<p>UNA PERTURBADORA TRAVES\u00cdA DE LA QUE NO REGRESAR\u00c1S SIENDO EL MISMO Solo los desesperados se arriesgan a embarcar en el Yakarta. A bordo, una tripulaci\u00f3n salida de los bajos fondos de \u00c1msterdam y suficiente oro y diamantes para despertar la codicia m\u00e1s salvaje. Un barril de p\u00f3lvora sobre un infierno flotante. Invitada improbable en esta traves\u00eda hacia la pesadilla, Lucretia Hans se convierte en la \u00fanica que puede evitar que Jeronimus Cornelius, boticario hereje y arruinado, encienda la mecha&#8230; Buen viaje. Xavier Dorison y Thimoth\u00e9e Montaigne nos sumergen en una de las p\u00e1ginas m\u00e1s oscuras de la historia de la navegaci\u00f3n en un thriller tan violento como inquietante.<\/p>\n","protected":false},"excerpt":{"rendered":"<p>XAVIER DORISON<\/p>\n","protected":false},"featured_media":1097076,"template":"","meta":{"_acf_changed":false,"om_disable_all_campaigns":false,"rs_blank_template":"","rs_page_bg_color":"","slide_template_v7":"","inline_featured_image":false,"_monsterinsights_skip_tracking":false,"_monsterinsights_sitenote_active":false,"_monsterinsights_sitenote_note":"","_monsterinsights_sitenote_category":0},"product_brand":[],"product_cat":[558,108],"product_tag":[],"class_list":{"0":"post-1097075","1":"product","2":"type-product","3":"status-publish","4":"has-post-thumbnail","6":"product_cat-comic-3_infantil-juvenil-spa-spa","7":"product_cat-comic","9":"first","10":"instock","11":"taxable","12":"shipping-taxable","13":"purchasable","14":"product-type-simple"},"acf":{"autor":"XAVIER DORISON","codart":"846798197","libros-coleccion":"","ediciones":"1","encuadernacion":"Carton\u00e9","fecha_de_publicacion":"01\/04\/2026","novedad":"1","paginas":"132","subtitulo":"O LA HORRIBLE HISTORIA DE LOS NAUFRAGOS DEL YAKARTA","orden":"0","portada":"0","idioma":"spa","booktrailer":"","resenas":"","editorial":[{"ID":6315,"post_author":"3","post_date":"2022-07-28 17:49:33","post_date_gmt":"2022-07-28 15:49:33","post_content":"","post_title":"NORMA EDITORIAL S.A","post_excerpt":"","post_status":"publish","comment_status":"closed","ping_status":"closed","post_password":"","post_name":"norma-editorial-s-a","to_ping":"","pinged":"","post_modified":"2022-07-28 17:49:33","post_modified_gmt":"2022-07-28 15:49:33","post_content_filtered":"","post_parent":0,"guid":"http:\/\/dev.claret.cat\/editorial\/norma-editorial-s-a\/","menu_order":0,"post_type":"editorial","post_mime_type":"","comment_count":"0","filter":"raw"}]},"aioseo_notices":[],"_links":{"self":[{"href":"https:\/\/www.claret.cat\/es\/wp-json\/wp\/v2\/product\/1097075","targetHints":{"allow":["GET"]}}],"collection":[{"href":"https:\/\/www.claret.cat\/es\/wp-json\/wp\/v2\/product"}],"about":[{"href":"https:\/\/www.claret.cat\/es\/wp-json\/wp\/v2\/types\/product"}],"wp:featuredmedia":[{"embeddable":true,"href":"https:\/\/www.claret.cat\/es\/wp-json\/wp\/v2\/media\/1097076"}],"wp:attachment":[{"href":"https:\/\/www.claret.cat\/es\/wp-json\/wp\/v2\/media?parent=1097075"}],"wp:term":[{"taxonomy":"product_brand","embeddable":true,"href":"https:\/\/www.claret.cat\/es\/wp-json\/wp\/v2\/product_brand?post=1097075"},{"taxonomy":"product_cat","embeddable":true,"href":"https:\/\/www.claret.cat\/es\/wp-json\/wp\/v2\/product_cat?post=1097075"},{"taxonomy":"product_tag","embeddable":true,"href":"https:\/\/www.claret.cat\/es\/wp-json\/wp\/v2\/product_tag?post=1097075"}],"curies":[{"name":"wp","href":"https:\/\/api.w.org\/{rel}","templated":true}]}}