{"id":1097078,"date":"2026-04-15T16:30:54","date_gmt":"2026-04-15T14:30:54","guid":{"rendered":"https:\/\/www.claret.cat\/llibre\/ulises-y-cyrano-9788467983258\/"},"modified":"2026-04-15T16:42:07","modified_gmt":"2026-04-15T14:42:07","slug":"ulises-y-cyrano-9788467983258","status":"publish","type":"product","link":"https:\/\/www.claret.cat\/es\/libro\/ulises-y-cyrano-9788467983258\/","title":{"rendered":"ULISES Y CYRANO"},"content":{"rendered":"<p>UN C\u00d3MIC COCINADO A FUEGO CARGADO DE TALENTO Y BUENAS SENSACIONES Ulises Ducerf est\u00e1 destinado desde la cuna a dirigir la empresa cementera de su padre. Pero un traslado repentino a la localidad de Les Maranges cambiar\u00e1 su destino. All\u00ed entrar\u00e1 en contacto con Cyrano, un chef temperamental que le ense\u00f1ar\u00e1 a amar los fogones y a descubrir su verdadera vocaci\u00f3n.  Los guionistas Xavier Dorison (Undertaker, El castillo de los animales) y Antoine Cristau unen sus fuerzas con el espl\u00e9ndido dibujante St\u00e9phane Servain para servirnos un guiso de im\u00e1genes reconfortantes repleto de amor, aprendizaje y honestidad con los propios sentimientos.<\/p>\n","protected":false},"excerpt":{"rendered":"<p>DORISON<\/p>\n","protected":false},"featured_media":1097079,"template":"","meta":{"_acf_changed":false,"om_disable_all_campaigns":false,"rs_blank_template":"","rs_page_bg_color":"","slide_template_v7":"","inline_featured_image":false,"_monsterinsights_skip_tracking":false,"_monsterinsights_sitenote_active":false,"_monsterinsights_sitenote_note":"","_monsterinsights_sitenote_category":0},"product_brand":[],"product_cat":[108,558],"product_tag":[],"class_list":{"0":"post-1097078","1":"product","2":"type-product","3":"status-publish","4":"has-post-thumbnail","6":"product_cat-comic","7":"product_cat-comic-3_infantil-juvenil-spa-spa","9":"first","10":"instock","11":"taxable","12":"shipping-taxable","13":"purchasable","14":"product-type-simple"},"acf":{"autor":"DORISON","codart":"846798325","libros-coleccion":"","ediciones":"1","encuadernacion":"Carton\u00e9","fecha_de_publicacion":"01\/04\/2026","novedad":"1","paginas":"167","subtitulo":"","orden":"0","portada":"0","idioma":"spa","booktrailer":"","resenas":"","editorial":[{"ID":6315,"post_author":"3","post_date":"2022-07-28 17:49:33","post_date_gmt":"2022-07-28 15:49:33","post_content":"","post_title":"NORMA EDITORIAL S.A","post_excerpt":"","post_status":"publish","comment_status":"closed","ping_status":"closed","post_password":"","post_name":"norma-editorial-s-a","to_ping":"","pinged":"","post_modified":"2022-07-28 17:49:33","post_modified_gmt":"2022-07-28 15:49:33","post_content_filtered":"","post_parent":0,"guid":"http:\/\/dev.claret.cat\/editorial\/norma-editorial-s-a\/","menu_order":0,"post_type":"editorial","post_mime_type":"","comment_count":"0","filter":"raw"}]},"aioseo_notices":[],"_links":{"self":[{"href":"https:\/\/www.claret.cat\/es\/wp-json\/wp\/v2\/product\/1097078","targetHints":{"allow":["GET"]}}],"collection":[{"href":"https:\/\/www.claret.cat\/es\/wp-json\/wp\/v2\/product"}],"about":[{"href":"https:\/\/www.claret.cat\/es\/wp-json\/wp\/v2\/types\/product"}],"wp:featuredmedia":[{"embeddable":true,"href":"https:\/\/www.claret.cat\/es\/wp-json\/wp\/v2\/media\/1097079"}],"wp:attachment":[{"href":"https:\/\/www.claret.cat\/es\/wp-json\/wp\/v2\/media?parent=1097078"}],"wp:term":[{"taxonomy":"product_brand","embeddable":true,"href":"https:\/\/www.claret.cat\/es\/wp-json\/wp\/v2\/product_brand?post=1097078"},{"taxonomy":"product_cat","embeddable":true,"href":"https:\/\/www.claret.cat\/es\/wp-json\/wp\/v2\/product_cat?post=1097078"},{"taxonomy":"product_tag","embeddable":true,"href":"https:\/\/www.claret.cat\/es\/wp-json\/wp\/v2\/product_tag?post=1097078"}],"curies":[{"name":"wp","href":"https:\/\/api.w.org\/{rel}","templated":true}]}}