{"id":1097081,"date":"2026-04-15T16:31:09","date_gmt":"2026-04-15T14:31:09","guid":{"rendered":"https:\/\/www.claret.cat\/llibre\/la-trilogia-dun-contracte-amb-deu-cofre-9788467979923\/"},"modified":"2026-04-15T16:41:29","modified_gmt":"2026-04-15T14:41:29","slug":"la-trilogia-dun-contracte-amb-deu-cofre-9788467979923","status":"publish","type":"product","link":"https:\/\/www.claret.cat\/es\/libro\/la-trilogia-dun-contracte-amb-deu-cofre-9788467979923\/","title":{"rendered":"LA TRILOGIA D&#8217;UN CONTRACTE AMB DEU (COFRE)"},"content":{"rendered":"<p>EL GRAN CL\u00c0SSIC QUE DON\u00c0 PEU AL FENOMEN DE LA NOVEL\u00b7LA GR\u00c0FICA L&#8221;any 1978, Will Eisner, autor de c\u00f2mics des dels anys 1930 i creador de personatges populars com The Spirit, decid\u00ed publicar un nou c\u00f2mic, per\u00f2 aquest cop amb hist\u00f2ries adultes. Volia que els llibreters l&#8221;oferissin com una obra liter\u00e0ria per a adults, i amb aquesta intenci\u00f3 va decidir definir-la com a&#8221;novel\u00b7la gr\u00e0fica&#8221;. I aix\u00ed, amb la publicaci\u00f3 d&#8221;Un contracte amb D\u00e9u i altres hist\u00f2ries dels tenements, Eisner va donar peu al naixement d&#8221;una nova manera de fer, publicar i gaudir del 9\u00e8 art. Eisner continu\u00e0 publicant obres en aquest format fins la seva mort l&#8221;any 2005. Dues d&#8221;elles, Afany de vida i Avinguda Dropsie, posteriorment les uniria a Un contracte amb D\u00e9u en el que anomenaria La trilogia d&#8221;Un contracte amb D\u00e9u. Una trilogia que ara tens a les teves mans publicada per primera vegada en catal\u00e0. Disponible en dos formats: -Les tres obres per separat en format carton\u00e9Cofre amb les tres en format r\u00fastica<\/p>\n","protected":false},"excerpt":{"rendered":"<p>WILL EINSER<\/p>\n","protected":false},"featured_media":1097082,"template":"","meta":{"_acf_changed":false,"om_disable_all_campaigns":false,"rs_blank_template":"","rs_page_bg_color":"","slide_template_v7":"","inline_featured_image":false,"_monsterinsights_skip_tracking":false,"_monsterinsights_sitenote_active":false,"_monsterinsights_sitenote_note":"","_monsterinsights_sitenote_category":0},"product_brand":[],"product_cat":[90,540],"product_tag":[],"class_list":{"0":"post-1097081","1":"product","2":"type-product","3":"status-publish","4":"has-post-thumbnail","6":"product_cat-altres","7":"product_cat-otros","9":"first","10":"instock","11":"taxable","12":"shipping-taxable","13":"purchasable","14":"product-type-simple"},"acf":{"autor":"WILL EINSER","codart":"846797992","libros-coleccion":"","ediciones":"1","encuadernacion":"Carton\u00e9","fecha_de_publicacion":"01\/04\/2026","novedad":"1","paginas":"0","subtitulo":"","orden":"0","portada":"0","idioma":"cat","booktrailer":"","resenas":"","editorial":[{"ID":6315,"post_author":"3","post_date":"2022-07-28 17:49:33","post_date_gmt":"2022-07-28 15:49:33","post_content":"","post_title":"NORMA EDITORIAL S.A","post_excerpt":"","post_status":"publish","comment_status":"closed","ping_status":"closed","post_password":"","post_name":"norma-editorial-s-a","to_ping":"","pinged":"","post_modified":"2022-07-28 17:49:33","post_modified_gmt":"2022-07-28 15:49:33","post_content_filtered":"","post_parent":0,"guid":"http:\/\/dev.claret.cat\/editorial\/norma-editorial-s-a\/","menu_order":0,"post_type":"editorial","post_mime_type":"","comment_count":"0","filter":"raw"}]},"aioseo_notices":[],"_links":{"self":[{"href":"https:\/\/www.claret.cat\/es\/wp-json\/wp\/v2\/product\/1097081","targetHints":{"allow":["GET"]}}],"collection":[{"href":"https:\/\/www.claret.cat\/es\/wp-json\/wp\/v2\/product"}],"about":[{"href":"https:\/\/www.claret.cat\/es\/wp-json\/wp\/v2\/types\/product"}],"wp:featuredmedia":[{"embeddable":true,"href":"https:\/\/www.claret.cat\/es\/wp-json\/wp\/v2\/media\/1097082"}],"wp:attachment":[{"href":"https:\/\/www.claret.cat\/es\/wp-json\/wp\/v2\/media?parent=1097081"}],"wp:term":[{"taxonomy":"product_brand","embeddable":true,"href":"https:\/\/www.claret.cat\/es\/wp-json\/wp\/v2\/product_brand?post=1097081"},{"taxonomy":"product_cat","embeddable":true,"href":"https:\/\/www.claret.cat\/es\/wp-json\/wp\/v2\/product_cat?post=1097081"},{"taxonomy":"product_tag","embeddable":true,"href":"https:\/\/www.claret.cat\/es\/wp-json\/wp\/v2\/product_tag?post=1097081"}],"curies":[{"name":"wp","href":"https:\/\/api.w.org\/{rel}","templated":true}]}}