{"id":1097087,"date":"2026-04-15T16:35:27","date_gmt":"2026-04-15T14:35:27","guid":{"rendered":"https:\/\/www.claret.cat\/llibre\/afany-de-vida-9788467979886\/"},"modified":"2026-04-15T16:41:01","modified_gmt":"2026-04-15T14:41:01","slug":"afany-de-vida-9788467979886","status":"publish","type":"product","link":"https:\/\/www.claret.cat\/es\/libro\/afany-de-vida-9788467979886\/","title":{"rendered":"AFANY DE VIDA"},"content":{"rendered":"<p>PER QU\u00c8 TOTES LES CRIATURES DE LA TERRA S&#8221;ESFORCEN PER SOBREVIURE? Amb el crac del 1929 els Estats Units d&#8221;Am\u00e8rica van entrar en la Gran Depressi\u00f3, una crisi financera amb repercussions mundials durant la d\u00e8cada de 1930. A Afany de vida, Will Eisner va plasmar com ning\u00fa, per mitj\u00e0 de les experi\u00e8ncies d&#8221;un ve\u00ed del Bronx, les conseq\u00fc\u00e8ncies que va tenir aquella situaci\u00f3 en els individus.isner exposa de forma magistral l&#8221;instint de supervivencia i els conflictes existencials del protagonista, en un entorn de pobresa sobtada, auge del nazisme i debat sobre el socialisme.<\/p>\n","protected":false},"excerpt":{"rendered":"<p>WILL EINSER<\/p>\n","protected":false},"featured_media":1097088,"template":"","meta":{"_acf_changed":false,"om_disable_all_campaigns":false,"rs_blank_template":"","rs_page_bg_color":"","slide_template_v7":"","inline_featured_image":false,"_monsterinsights_skip_tracking":false,"_monsterinsights_sitenote_active":false,"_monsterinsights_sitenote_note":"","_monsterinsights_sitenote_category":0},"product_brand":[],"product_cat":[108,558],"product_tag":[],"class_list":{"0":"post-1097087","1":"product","2":"type-product","3":"status-publish","4":"has-post-thumbnail","6":"product_cat-comic","7":"product_cat-comic-3_infantil-juvenil-spa-spa","9":"first","10":"instock","11":"taxable","12":"shipping-taxable","13":"purchasable","14":"product-type-simple"},"acf":{"autor":"WILL EINSER","codart":"846797988","libros-coleccion":"","ediciones":"1","encuadernacion":"Carton\u00e9","fecha_de_publicacion":"01\/04\/2026","novedad":"1","paginas":"148","subtitulo":"","orden":"0","portada":"0","idioma":"cat","booktrailer":"","resenas":"","editorial":[{"ID":6315,"post_author":"3","post_date":"2022-07-28 17:49:33","post_date_gmt":"2022-07-28 15:49:33","post_content":"","post_title":"NORMA EDITORIAL S.A","post_excerpt":"","post_status":"publish","comment_status":"closed","ping_status":"closed","post_password":"","post_name":"norma-editorial-s-a","to_ping":"","pinged":"","post_modified":"2022-07-28 17:49:33","post_modified_gmt":"2022-07-28 15:49:33","post_content_filtered":"","post_parent":0,"guid":"http:\/\/dev.claret.cat\/editorial\/norma-editorial-s-a\/","menu_order":0,"post_type":"editorial","post_mime_type":"","comment_count":"0","filter":"raw"}]},"aioseo_notices":[],"_links":{"self":[{"href":"https:\/\/www.claret.cat\/es\/wp-json\/wp\/v2\/product\/1097087","targetHints":{"allow":["GET"]}}],"collection":[{"href":"https:\/\/www.claret.cat\/es\/wp-json\/wp\/v2\/product"}],"about":[{"href":"https:\/\/www.claret.cat\/es\/wp-json\/wp\/v2\/types\/product"}],"wp:featuredmedia":[{"embeddable":true,"href":"https:\/\/www.claret.cat\/es\/wp-json\/wp\/v2\/media\/1097088"}],"wp:attachment":[{"href":"https:\/\/www.claret.cat\/es\/wp-json\/wp\/v2\/media?parent=1097087"}],"wp:term":[{"taxonomy":"product_brand","embeddable":true,"href":"https:\/\/www.claret.cat\/es\/wp-json\/wp\/v2\/product_brand?post=1097087"},{"taxonomy":"product_cat","embeddable":true,"href":"https:\/\/www.claret.cat\/es\/wp-json\/wp\/v2\/product_cat?post=1097087"},{"taxonomy":"product_tag","embeddable":true,"href":"https:\/\/www.claret.cat\/es\/wp-json\/wp\/v2\/product_tag?post=1097087"}],"curies":[{"name":"wp","href":"https:\/\/api.w.org\/{rel}","templated":true}]}}