{"id":1097093,"date":"2026-04-15T16:36:09","date_gmt":"2026-04-15T14:36:09","guid":{"rendered":"https:\/\/www.claret.cat\/llibre\/un-contracte-amb-deu-i-altres-histories-dels-tenements-9788467979862\/"},"modified":"2026-04-15T16:40:49","modified_gmt":"2026-04-15T14:40:49","slug":"un-contracte-amb-deu-i-altres-histories-dels-tenements-9788467979862","status":"publish","type":"product","link":"https:\/\/www.claret.cat\/es\/libro\/un-contracte-amb-deu-i-altres-histories-dels-tenements-9788467979862\/","title":{"rendered":"UN CONTRACTE AMB DEU I ALTRES HISTORIES DELS TENEMENTS"},"content":{"rendered":"<p>L&#8221;OBRA FUNDACIONAL DE L&#8221;ART DE LA NOVEL\u00b7LA GR\u00c0FICA Publicada originalment l&#8221;any 1978, Un contracte amb D\u00e9u i altres hist\u00f2ries dels tenements va ser una obra pionera que va consolidar el concepte de &#8216;novel\u00b7la gr\u00e0fica&#8217; tal com el coneixem ara.  es quatre hist\u00f2ries que formen aquesta obra presenten la lluita quotidiana d&#8221;humils novaiorquesos de mitjans del segle XX. Experi\u00e8ncies vitals que Will Eisner transmet de manera \u00fanica amb el seu domini de la narraci\u00f3 gr\u00e0fica.<\/p>\n","protected":false},"excerpt":{"rendered":"<p>WILL EINSER<\/p>\n","protected":false},"featured_media":1097094,"template":"","meta":{"_acf_changed":false,"om_disable_all_campaigns":false,"rs_blank_template":"","rs_page_bg_color":"","slide_template_v7":"","inline_featured_image":false,"_monsterinsights_skip_tracking":false,"_monsterinsights_sitenote_active":false,"_monsterinsights_sitenote_note":"","_monsterinsights_sitenote_category":0},"product_brand":[],"product_cat":[90,540],"product_tag":[],"class_list":{"0":"post-1097093","1":"product","2":"type-product","3":"status-publish","4":"has-post-thumbnail","6":"product_cat-altres","7":"product_cat-otros","9":"first","10":"instock","11":"taxable","12":"shipping-taxable","13":"purchasable","14":"product-type-simple"},"acf":{"autor":"WILL EINSER","codart":"846797986","libros-coleccion":"","ediciones":"1","encuadernacion":"Carton\u00e9","fecha_de_publicacion":"01\/04\/2026","novedad":"1","paginas":"148","subtitulo":"","orden":"0","portada":"0","idioma":"cat","booktrailer":"","resenas":"","editorial":[{"ID":6315,"post_author":"3","post_date":"2022-07-28 17:49:33","post_date_gmt":"2022-07-28 15:49:33","post_content":"","post_title":"NORMA EDITORIAL S.A","post_excerpt":"","post_status":"publish","comment_status":"closed","ping_status":"closed","post_password":"","post_name":"norma-editorial-s-a","to_ping":"","pinged":"","post_modified":"2022-07-28 17:49:33","post_modified_gmt":"2022-07-28 15:49:33","post_content_filtered":"","post_parent":0,"guid":"http:\/\/dev.claret.cat\/editorial\/norma-editorial-s-a\/","menu_order":0,"post_type":"editorial","post_mime_type":"","comment_count":"0","filter":"raw"}]},"aioseo_notices":[],"_links":{"self":[{"href":"https:\/\/www.claret.cat\/es\/wp-json\/wp\/v2\/product\/1097093","targetHints":{"allow":["GET"]}}],"collection":[{"href":"https:\/\/www.claret.cat\/es\/wp-json\/wp\/v2\/product"}],"about":[{"href":"https:\/\/www.claret.cat\/es\/wp-json\/wp\/v2\/types\/product"}],"wp:featuredmedia":[{"embeddable":true,"href":"https:\/\/www.claret.cat\/es\/wp-json\/wp\/v2\/media\/1097094"}],"wp:attachment":[{"href":"https:\/\/www.claret.cat\/es\/wp-json\/wp\/v2\/media?parent=1097093"}],"wp:term":[{"taxonomy":"product_brand","embeddable":true,"href":"https:\/\/www.claret.cat\/es\/wp-json\/wp\/v2\/product_brand?post=1097093"},{"taxonomy":"product_cat","embeddable":true,"href":"https:\/\/www.claret.cat\/es\/wp-json\/wp\/v2\/product_cat?post=1097093"},{"taxonomy":"product_tag","embeddable":true,"href":"https:\/\/www.claret.cat\/es\/wp-json\/wp\/v2\/product_tag?post=1097093"}],"curies":[{"name":"wp","href":"https:\/\/api.w.org\/{rel}","templated":true}]}}