{"id":1097096,"date":"2026-04-15T16:36:25","date_gmt":"2026-04-15T14:36:25","guid":{"rendered":"https:\/\/www.claret.cat\/llibre\/la-trilogia-de-contrato-con-dios-cofre-9788467979916\/"},"modified":"2026-04-15T16:41:19","modified_gmt":"2026-04-15T14:41:19","slug":"la-trilogia-de-contrato-con-dios-cofre-9788467979916","status":"publish","type":"product","link":"https:\/\/www.claret.cat\/es\/libro\/la-trilogia-de-contrato-con-dios-cofre-9788467979916\/","title":{"rendered":"LA TRILOG\u00cdA DE CONTRATO CON DIOS (COFRE)"},"content":{"rendered":"<p>EL GRAN CL\u00c1SICO QUE DIO PIE AL FEN\u00d3MENO DE LA NOVELA GR\u00c1FICA En 1978, Will Eisner, autor de c\u00f3mics desde los a\u00f1os 1930 y creador de personajes populares como The Spirit, decidi\u00f3 publicar un nuevo c\u00f3mic, pero esta vez con historias adultas. Quer\u00eda que los libreros lo ofrecieran como una obra literaria para adultos, y con esta intenci\u00f3n decidi\u00f3 definirla como &#8216;novela gr\u00e1fica&#8217;. Y as\u00ed, con la publicaci\u00f3n de Contrato con Dios y otras historias de los tenements, Eisner dio pie al nacimiento de una nueva forma de hacer, publicar y disfrutar del 9\u00ba arte. Eisner sigui\u00f3 publicando obras en este formato hasta su muerte en 2005. Dos de ellas, Ansia de vivir y Avenida Dropsie, posteriormente las unir\u00eda a Contrato con Dios en lo que llamar\u00eda La trilog\u00eda de Contrato con Dios.<\/p>\n","protected":false},"excerpt":{"rendered":"<p>WILL EINSER<\/p>\n","protected":false},"featured_media":1097097,"template":"","meta":{"_acf_changed":false,"om_disable_all_campaigns":false,"rs_blank_template":"","rs_page_bg_color":"","slide_template_v7":"","inline_featured_image":false,"_monsterinsights_skip_tracking":false,"_monsterinsights_sitenote_active":false,"_monsterinsights_sitenote_note":"","_monsterinsights_sitenote_category":0},"product_brand":[],"product_cat":[90,540],"product_tag":[],"class_list":{"0":"post-1097096","1":"product","2":"type-product","3":"status-publish","4":"has-post-thumbnail","6":"product_cat-altres","7":"product_cat-otros","9":"first","10":"instock","11":"taxable","12":"shipping-taxable","13":"purchasable","14":"product-type-simple"},"acf":{"autor":"WILL EINSER","codart":"846797991","libros-coleccion":"","ediciones":"1","encuadernacion":"Carton\u00e9","fecha_de_publicacion":"01\/04\/2026","novedad":"1","paginas":"0","subtitulo":"","orden":"0","portada":"0","idioma":"spa","booktrailer":"","resenas":"","editorial":[{"ID":6315,"post_author":"3","post_date":"2022-07-28 17:49:33","post_date_gmt":"2022-07-28 15:49:33","post_content":"","post_title":"NORMA EDITORIAL S.A","post_excerpt":"","post_status":"publish","comment_status":"closed","ping_status":"closed","post_password":"","post_name":"norma-editorial-s-a","to_ping":"","pinged":"","post_modified":"2022-07-28 17:49:33","post_modified_gmt":"2022-07-28 15:49:33","post_content_filtered":"","post_parent":0,"guid":"http:\/\/dev.claret.cat\/editorial\/norma-editorial-s-a\/","menu_order":0,"post_type":"editorial","post_mime_type":"","comment_count":"0","filter":"raw"}]},"aioseo_notices":[],"_links":{"self":[{"href":"https:\/\/www.claret.cat\/es\/wp-json\/wp\/v2\/product\/1097096","targetHints":{"allow":["GET"]}}],"collection":[{"href":"https:\/\/www.claret.cat\/es\/wp-json\/wp\/v2\/product"}],"about":[{"href":"https:\/\/www.claret.cat\/es\/wp-json\/wp\/v2\/types\/product"}],"wp:featuredmedia":[{"embeddable":true,"href":"https:\/\/www.claret.cat\/es\/wp-json\/wp\/v2\/media\/1097097"}],"wp:attachment":[{"href":"https:\/\/www.claret.cat\/es\/wp-json\/wp\/v2\/media?parent=1097096"}],"wp:term":[{"taxonomy":"product_brand","embeddable":true,"href":"https:\/\/www.claret.cat\/es\/wp-json\/wp\/v2\/product_brand?post=1097096"},{"taxonomy":"product_cat","embeddable":true,"href":"https:\/\/www.claret.cat\/es\/wp-json\/wp\/v2\/product_cat?post=1097096"},{"taxonomy":"product_tag","embeddable":true,"href":"https:\/\/www.claret.cat\/es\/wp-json\/wp\/v2\/product_tag?post=1097096"}],"curies":[{"name":"wp","href":"https:\/\/api.w.org\/{rel}","templated":true}]}}