{"id":1097099,"date":"2026-04-15T16:37:06","date_gmt":"2026-04-15T14:37:06","guid":{"rendered":"https:\/\/www.claret.cat\/llibre\/aprendiz-de-cuervo-9788467981995\/"},"modified":"2026-04-15T16:41:51","modified_gmt":"2026-04-15T14:41:51","slug":"aprendiz-de-cuervo-9788467981995","status":"publish","type":"product","link":"https:\/\/www.claret.cat\/es\/libro\/aprendiz-de-cuervo-9788467981995\/","title":{"rendered":"APRENDIZ DE CUERVO"},"content":{"rendered":"<p>UNA ESPECTACULAR DISTOP\u00cdA LIS\u00c9RGICA CON UN ARTE IMPRESIONANTE \u00c9rase una vez un bosque. \u00c9rase una vez Hombre-Dios, Ciervo-Fantasma, Gata, Batracio, y tambi\u00e9n Cuervo. \u00c9rase una vez un puente entre el mundo de los muertos y el de los vivos, y una ley m\u00edstica hecha de secretos y miedo. \u00c9rase una vez el cuerpo, la violencia, el lobo y el castigo. \u00c9rase una vez Aprendiz de Cuervo. El espectacular dibujante Danide firma su primera obra larga en solitario, una inquietante f\u00e1bula donde la naturaleza exhausta y la tecnolog\u00eda sint\u00e9tica bailan al son de la locura humana. Rese\u00f1as: Danide te sacude con esta f\u00e1bula electromagn\u00e9tica, que te atrapa en un micelio de vi\u00f1etas con sabor a fango y metal. Carmen Segovia  Fabuloso fabulador, el ciberbardo Danide ha trazado un bosque en el que a Beckett le hubiera encantado perderse y del que Orwell nunca hubiese logrado salir. Para leer y releer en un bucle infinito. Fernado de Felipe<\/p>\n","protected":false},"excerpt":{"rendered":"<p>DANIDE<\/p>\n","protected":false},"featured_media":1097100,"template":"","meta":{"_acf_changed":false,"om_disable_all_campaigns":false,"rs_blank_template":"","rs_page_bg_color":"","slide_template_v7":"","inline_featured_image":false,"_monsterinsights_skip_tracking":false,"_monsterinsights_sitenote_active":false,"_monsterinsights_sitenote_note":"","_monsterinsights_sitenote_category":0},"product_brand":[],"product_cat":[108,558],"product_tag":[],"class_list":{"0":"post-1097099","1":"product","2":"type-product","3":"status-publish","4":"has-post-thumbnail","6":"product_cat-comic","7":"product_cat-comic-3_infantil-juvenil-spa-spa","9":"first","10":"instock","11":"taxable","12":"shipping-taxable","13":"purchasable","14":"product-type-simple"},"acf":{"autor":"DANIDE","codart":"846798199","libros-coleccion":"","ediciones":"1","encuadernacion":"Carton\u00e9","fecha_de_publicacion":"01\/04\/2026","novedad":"1","paginas":"348","subtitulo":"","orden":"0","portada":"0","idioma":"spa","booktrailer":"","resenas":"","editorial":[{"ID":6315,"post_author":"3","post_date":"2022-07-28 17:49:33","post_date_gmt":"2022-07-28 15:49:33","post_content":"","post_title":"NORMA EDITORIAL S.A","post_excerpt":"","post_status":"publish","comment_status":"closed","ping_status":"closed","post_password":"","post_name":"norma-editorial-s-a","to_ping":"","pinged":"","post_modified":"2022-07-28 17:49:33","post_modified_gmt":"2022-07-28 15:49:33","post_content_filtered":"","post_parent":0,"guid":"http:\/\/dev.claret.cat\/editorial\/norma-editorial-s-a\/","menu_order":0,"post_type":"editorial","post_mime_type":"","comment_count":"0","filter":"raw"}]},"aioseo_notices":[],"_links":{"self":[{"href":"https:\/\/www.claret.cat\/es\/wp-json\/wp\/v2\/product\/1097099","targetHints":{"allow":["GET"]}}],"collection":[{"href":"https:\/\/www.claret.cat\/es\/wp-json\/wp\/v2\/product"}],"about":[{"href":"https:\/\/www.claret.cat\/es\/wp-json\/wp\/v2\/types\/product"}],"wp:featuredmedia":[{"embeddable":true,"href":"https:\/\/www.claret.cat\/es\/wp-json\/wp\/v2\/media\/1097100"}],"wp:attachment":[{"href":"https:\/\/www.claret.cat\/es\/wp-json\/wp\/v2\/media?parent=1097099"}],"wp:term":[{"taxonomy":"product_brand","embeddable":true,"href":"https:\/\/www.claret.cat\/es\/wp-json\/wp\/v2\/product_brand?post=1097099"},{"taxonomy":"product_cat","embeddable":true,"href":"https:\/\/www.claret.cat\/es\/wp-json\/wp\/v2\/product_cat?post=1097099"},{"taxonomy":"product_tag","embeddable":true,"href":"https:\/\/www.claret.cat\/es\/wp-json\/wp\/v2\/product_tag?post=1097099"}],"curies":[{"name":"wp","href":"https:\/\/api.w.org\/{rel}","templated":true}]}}