{"id":1097102,"date":"2026-04-15T16:40:02","date_gmt":"2026-04-15T14:40:02","guid":{"rendered":"https:\/\/www.claret.cat\/llibre\/avenida-dropsie-9788467979893\/"},"modified":"2026-04-15T16:41:06","modified_gmt":"2026-04-15T14:41:06","slug":"avenida-dropsie-9788467979893","status":"publish","type":"product","link":"https:\/\/www.claret.cat\/es\/libro\/avenida-dropsie-9788467979893\/","title":{"rendered":"AVENIDA DROPSIE"},"content":{"rendered":"<p>LA EMOCIONANTE HISTORIA DE UN BARRIO A trav\u00e9s de una avenida ficticia pero sorprendentemente realista, Will Eisner relata la transformaci\u00f3n de un barrio de Nueva York a lo largo de m\u00e1s de un siglo. Desde sus or\u00edgenes rurales en la antigua colonia holandesa de Nueva \u00c1msterdam hasta los cambios provocados por la especulaci\u00f3n inmobiliaria de finales del siglo XX, Will Eisner ofrece un emotivo retrato de la gran ciudad, su cultura, sus conflictos y, sobre todo, sus habitantes.<\/p>\n","protected":false},"excerpt":{"rendered":"<p>WILL EINSER<\/p>\n","protected":false},"featured_media":1097103,"template":"","meta":{"_acf_changed":false,"om_disable_all_campaigns":false,"rs_blank_template":"","rs_page_bg_color":"","slide_template_v7":"","inline_featured_image":false,"_monsterinsights_skip_tracking":false,"_monsterinsights_sitenote_active":false,"_monsterinsights_sitenote_note":"","_monsterinsights_sitenote_category":0},"product_brand":[],"product_cat":[108,558],"product_tag":[],"class_list":{"0":"post-1097102","1":"product","2":"type-product","3":"status-publish","4":"has-post-thumbnail","6":"product_cat-comic","7":"product_cat-comic-3_infantil-juvenil-spa-spa","9":"first","10":"instock","11":"taxable","12":"shipping-taxable","13":"purchasable","14":"product-type-simple"},"acf":{"autor":"WILL EINSER","codart":"846797989","libros-coleccion":"","ediciones":"1","encuadernacion":"Carton\u00e9","fecha_de_publicacion":"01\/04\/2026","novedad":"1","paginas":"148","subtitulo":"CONTRATO CON DIOS","orden":"0","portada":"0","idioma":"spa","booktrailer":"","resenas":"","editorial":[{"ID":6315,"post_author":"3","post_date":"2022-07-28 17:49:33","post_date_gmt":"2022-07-28 15:49:33","post_content":"","post_title":"NORMA EDITORIAL S.A","post_excerpt":"","post_status":"publish","comment_status":"closed","ping_status":"closed","post_password":"","post_name":"norma-editorial-s-a","to_ping":"","pinged":"","post_modified":"2022-07-28 17:49:33","post_modified_gmt":"2022-07-28 15:49:33","post_content_filtered":"","post_parent":0,"guid":"http:\/\/dev.claret.cat\/editorial\/norma-editorial-s-a\/","menu_order":0,"post_type":"editorial","post_mime_type":"","comment_count":"0","filter":"raw"}]},"aioseo_notices":[],"_links":{"self":[{"href":"https:\/\/www.claret.cat\/es\/wp-json\/wp\/v2\/product\/1097102","targetHints":{"allow":["GET"]}}],"collection":[{"href":"https:\/\/www.claret.cat\/es\/wp-json\/wp\/v2\/product"}],"about":[{"href":"https:\/\/www.claret.cat\/es\/wp-json\/wp\/v2\/types\/product"}],"wp:featuredmedia":[{"embeddable":true,"href":"https:\/\/www.claret.cat\/es\/wp-json\/wp\/v2\/media\/1097103"}],"wp:attachment":[{"href":"https:\/\/www.claret.cat\/es\/wp-json\/wp\/v2\/media?parent=1097102"}],"wp:term":[{"taxonomy":"product_brand","embeddable":true,"href":"https:\/\/www.claret.cat\/es\/wp-json\/wp\/v2\/product_brand?post=1097102"},{"taxonomy":"product_cat","embeddable":true,"href":"https:\/\/www.claret.cat\/es\/wp-json\/wp\/v2\/product_cat?post=1097102"},{"taxonomy":"product_tag","embeddable":true,"href":"https:\/\/www.claret.cat\/es\/wp-json\/wp\/v2\/product_tag?post=1097102"}],"curies":[{"name":"wp","href":"https:\/\/api.w.org\/{rel}","templated":true}]}}