{"id":1097105,"date":"2026-04-15T16:40:28","date_gmt":"2026-04-15T14:40:28","guid":{"rendered":"https:\/\/www.claret.cat\/llibre\/contrato-con-dios-y-otras-historias-de-los-tenements-9788467979855\/"},"modified":"2026-04-15T16:40:43","modified_gmt":"2026-04-15T14:40:43","slug":"contrato-con-dios-y-otras-historias-de-los-tenements-9788467979855","status":"publish","type":"product","link":"https:\/\/www.claret.cat\/es\/libro\/contrato-con-dios-y-otras-historias-de-los-tenements-9788467979855\/","title":{"rendered":"CONTRATO CON DIOS Y OTRAS HISTORIAS DE LOS TENEMENTS"},"content":{"rendered":"<p>LA OBRA FUNDACIONAL DEL ARTE DE LA NOVELA GR\u00c1FICA Publicada originalmente en 1978, Contrato con Dios y otras historias de los tenements fue una obra pionera que ciment\u00f3 el concepto de ?novela gr\u00e1fica? tal y como lo conocemos ahora. Las cuatro historias que forman esta obra presentan la lucha cotidiana de humildes neoyorquinos de mediados del siglo XX. Experiencias vitales que Will Eisner transmite de forma \u00fanica con su maestr\u00eda de la narraci\u00f3n gr\u00e1fica.<\/p>\n","protected":false},"excerpt":{"rendered":"<p>WILL EINSER<\/p>\n","protected":false},"featured_media":1097106,"template":"","meta":{"_acf_changed":false,"om_disable_all_campaigns":false,"rs_blank_template":"","rs_page_bg_color":"","slide_template_v7":"","inline_featured_image":false,"_monsterinsights_skip_tracking":false,"_monsterinsights_sitenote_active":false,"_monsterinsights_sitenote_note":"","_monsterinsights_sitenote_category":0},"product_brand":[],"product_cat":[108,558],"product_tag":[],"class_list":{"0":"post-1097105","1":"product","2":"type-product","3":"status-publish","4":"has-post-thumbnail","6":"product_cat-comic","7":"product_cat-comic-3_infantil-juvenil-spa-spa","9":"first","10":"instock","11":"taxable","12":"shipping-taxable","13":"purchasable","14":"product-type-simple"},"acf":{"autor":"WILL EINSER","codart":"846797985","libros-coleccion":"","ediciones":"1","encuadernacion":"Carton\u00e9","fecha_de_publicacion":"01\/04\/2026","novedad":"1","paginas":"213","subtitulo":"","orden":"0","portada":"0","idioma":"spa","booktrailer":"","resenas":"","editorial":[{"ID":6315,"post_author":"3","post_date":"2022-07-28 17:49:33","post_date_gmt":"2022-07-28 15:49:33","post_content":"","post_title":"NORMA EDITORIAL S.A","post_excerpt":"","post_status":"publish","comment_status":"closed","ping_status":"closed","post_password":"","post_name":"norma-editorial-s-a","to_ping":"","pinged":"","post_modified":"2022-07-28 17:49:33","post_modified_gmt":"2022-07-28 15:49:33","post_content_filtered":"","post_parent":0,"guid":"http:\/\/dev.claret.cat\/editorial\/norma-editorial-s-a\/","menu_order":0,"post_type":"editorial","post_mime_type":"","comment_count":"0","filter":"raw"}]},"aioseo_notices":[],"_links":{"self":[{"href":"https:\/\/www.claret.cat\/es\/wp-json\/wp\/v2\/product\/1097105","targetHints":{"allow":["GET"]}}],"collection":[{"href":"https:\/\/www.claret.cat\/es\/wp-json\/wp\/v2\/product"}],"about":[{"href":"https:\/\/www.claret.cat\/es\/wp-json\/wp\/v2\/types\/product"}],"wp:featuredmedia":[{"embeddable":true,"href":"https:\/\/www.claret.cat\/es\/wp-json\/wp\/v2\/media\/1097106"}],"wp:attachment":[{"href":"https:\/\/www.claret.cat\/es\/wp-json\/wp\/v2\/media?parent=1097105"}],"wp:term":[{"taxonomy":"product_brand","embeddable":true,"href":"https:\/\/www.claret.cat\/es\/wp-json\/wp\/v2\/product_brand?post=1097105"},{"taxonomy":"product_cat","embeddable":true,"href":"https:\/\/www.claret.cat\/es\/wp-json\/wp\/v2\/product_cat?post=1097105"},{"taxonomy":"product_tag","embeddable":true,"href":"https:\/\/www.claret.cat\/es\/wp-json\/wp\/v2\/product_tag?post=1097105"}],"curies":[{"name":"wp","href":"https:\/\/api.w.org\/{rel}","templated":true}]}}