{"id":1097151,"date":"2026-04-16T10:45:02","date_gmt":"2026-04-16T08:45:02","guid":{"rendered":"https:\/\/www.claret.cat\/llibre\/sabiduria-y-sanacion-de-una-mistica-medieval-hildegarda-de-bingen-9788428575270\/"},"modified":"2026-04-16T13:05:42","modified_gmt":"2026-04-16T11:05:42","slug":"sabiduria-y-sanacion-de-una-mistica-medieval-hildegarda-de-bingen-9788428575270","status":"publish","type":"product","link":"https:\/\/www.claret.cat\/es\/libro\/sabiduria-y-sanacion-de-una-mistica-medieval-hildegarda-de-bingen-9788428575270\/","title":{"rendered":"SABIDUR\u00cdA Y SANACI\u00d3N DE UNA M\u00cdSTICA MEDIEVAL. HILDEGARDA DE BINGEN"},"content":{"rendered":"<p>Descubra una obra que trasciende el tiempo y habla directamente al coraz\u00f3n del mundo actual. Sabidur\u00eda y sanaci\u00f3n de una m\u00edstica medieval. Hildegarda de Bingen nos acerca, con rigor y profundidad, a una de las figuras m\u00e1s fascinantes de la tradici\u00f3n cristiana: visionaria, cient\u00edfica, sanadora y doctora de la Iglesia. A trav\u00e9s de un enfoque que integra historia, teolog\u00eda y ciencias de la salud, este libro no solo ilumina la vida y pensamiento de santa Hildegarda, sino que revela la sorprendente vigencia de su mensaje. Su concepci\u00f3n de la armon\u00eda entre cuerpo, alma y Creaci\u00f3n ofrece respuestas luminosas a los desaf\u00edos contempor\u00e1neos: la b\u00fasqueda de sentido, la necesidad de equilibrio interior y el anhelo de una vida plena en Dios. Con un estilo accesible y profundamente inspirador, las autoras logran acercar al lector a una experiencia viva: la de encontrarse con una mujer que, desde la Edad Media, sigue guiando con sabidur\u00eda, fe y esperanza.<\/p>\n","protected":false},"excerpt":{"rendered":"<p>ARANA , MAR\u00cdA JOS\u00c9 ; FERN\u00c1NDEZ-F\u00cdGARES , CARMEN DE LA-CHICA<\/p>\n","protected":false},"featured_media":1097279,"template":"","meta":{"_acf_changed":false,"om_disable_all_campaigns":false,"rs_blank_template":"","rs_page_bg_color":"","slide_template_v7":"","inline_featured_image":false,"_monsterinsights_skip_tracking":false,"_monsterinsights_sitenote_active":false,"_monsterinsights_sitenote_note":"","_monsterinsights_sitenote_category":0},"product_brand":[],"product_cat":[485,232,233,486],"product_tag":[],"class_list":{"0":"post-1097151","1":"product","2":"type-product","3":"status-publish","4":"has-post-thumbnail","6":"product_cat-autores-espiritualidad-1_espiritualidad","7":"product_cat-autors-espiritualitat","8":"product_cat-mistica","9":"product_cat-mistica-espiritualidad-1_espiritualidad","11":"first","12":"instock","13":"taxable","14":"shipping-taxable","15":"purchasable","16":"product-type-simple"},"acf":{"autor":"ARANA , MAR\u00cdA JOS\u00c9 ; FERN\u00c1NDEZ-F\u00cdGARES , CARMEN DE LA-CHICA","codart":"8428575270","libros-coleccion":"CAMINOS XL ","ediciones":"1","encuadernacion":"R\u00fastica","fecha_de_publicacion":"15\/04\/2026","novedad":"1","paginas":"220","subtitulo":"HILDEGARDA DE BINGEN","orden":"0","portada":"1","idioma":"spa","booktrailer":"","resenas":"","editorial":[{"ID":6356,"post_author":"3","post_date":"2022-07-28 17:50:26","post_date_gmt":"2022-07-28 15:50:26","post_content":"","post_title":"SAN PABLO COMUNICACI\u00d3N","post_excerpt":"","post_status":"publish","comment_status":"closed","ping_status":"closed","post_password":"","post_name":"san-pablo-comunicacion","to_ping":"","pinged":"","post_modified":"2022-07-28 17:50:26","post_modified_gmt":"2022-07-28 15:50:26","post_content_filtered":"","post_parent":0,"guid":"http:\/\/dev.claret.cat\/editorial\/san-pablo-comunicacion\/","menu_order":0,"post_type":"editorial","post_mime_type":"","comment_count":"0","filter":"raw"}]},"aioseo_notices":[],"_links":{"self":[{"href":"https:\/\/www.claret.cat\/es\/wp-json\/wp\/v2\/product\/1097151","targetHints":{"allow":["GET"]}}],"collection":[{"href":"https:\/\/www.claret.cat\/es\/wp-json\/wp\/v2\/product"}],"about":[{"href":"https:\/\/www.claret.cat\/es\/wp-json\/wp\/v2\/types\/product"}],"wp:featuredmedia":[{"embeddable":true,"href":"https:\/\/www.claret.cat\/es\/wp-json\/wp\/v2\/media\/1097279"}],"wp:attachment":[{"href":"https:\/\/www.claret.cat\/es\/wp-json\/wp\/v2\/media?parent=1097151"}],"wp:term":[{"taxonomy":"product_brand","embeddable":true,"href":"https:\/\/www.claret.cat\/es\/wp-json\/wp\/v2\/product_brand?post=1097151"},{"taxonomy":"product_cat","embeddable":true,"href":"https:\/\/www.claret.cat\/es\/wp-json\/wp\/v2\/product_cat?post=1097151"},{"taxonomy":"product_tag","embeddable":true,"href":"https:\/\/www.claret.cat\/es\/wp-json\/wp\/v2\/product_tag?post=1097151"}],"curies":[{"name":"wp","href":"https:\/\/api.w.org\/{rel}","templated":true}]}}