{"id":1097155,"date":"2026-04-16T10:50:02","date_gmt":"2026-04-16T08:50:02","guid":{"rendered":"https:\/\/www.claret.cat\/llibre\/vivir-a-la-intemperie-9788428575294\/"},"modified":"2026-04-16T13:00:38","modified_gmt":"2026-04-16T11:00:38","slug":"vivir-a-la-intemperie-9788428575294","status":"publish","type":"product","link":"https:\/\/www.claret.cat\/es\/libro\/vivir-a-la-intemperie-9788428575294\/","title":{"rendered":"VIVIR A LA INTEMPERIE"},"content":{"rendered":"<p>Fruto de las <strong>meditaciones de su blog<\/strong>, el trinitario <strong>Pedro J. Huerta<\/strong> publica este libro en la que nos invita a salir de los refugios de lo superficial para adentrarse en <strong>la verdad de la existencia<\/strong>, a vivir sin m\u00e1scaras y a redescubrir la verdad de lo humano. <strong>Esta obra nace desde la intemperie<\/strong>: ese lugar donde caen las certezas y emerge lo esencial. A trav\u00e9s de <strong>cortos ensayos<\/strong>, el autor propone un <strong>sendero espiritual<\/strong> y existencial que entrelaza pensamiento, fe y experiencia, iluminando las preguntas m\u00e1s profundas de nuestro tiempo. Con un <strong>lenguaje pr\u00f3ximo y sugerente<\/strong>, estas p\u00e1ginas exploran la vulnerabilidad, la b\u00fasqueda de sentido y <strong>la belleza de una vida abierta al misterio<\/strong>. Inspirado por la filosof\u00eda, la tradici\u00f3n espiritual y la experiencia personal, el lector encontrar\u00e1 aqu\u00ed <strong>un espacio para el asombro, el discernimiento y la esperanza<\/strong>.<\/p>\n<p><\/p>\n","protected":false},"excerpt":{"rendered":"<p>HUERTA, PEDRO<\/p>\n","protected":false},"featured_media":1097273,"template":"","meta":{"_acf_changed":false,"om_disable_all_campaigns":false,"rs_blank_template":"","rs_page_bg_color":"","slide_template_v7":"","inline_featured_image":false,"_monsterinsights_skip_tracking":false,"_monsterinsights_sitenote_active":false,"_monsterinsights_sitenote_note":"","_monsterinsights_sitenote_category":0},"product_brand":[],"product_cat":[485,232,237,488,394,236],"product_tag":[],"class_list":{"0":"post-1097155","1":"product","2":"type-product","3":"status-publish","4":"has-post-thumbnail","6":"product_cat-autores-espiritualidad-1_espiritualidad","7":"product_cat-autors-espiritualitat","8":"product_cat-cami-de-perfeccionament","9":"product_cat-camino-de-perfeccionamiento","10":"product_cat-vida-cotidiana","11":"product_cat-vida-quotidiana","13":"first","14":"instock","15":"taxable","16":"shipping-taxable","17":"purchasable","18":"product-type-simple"},"acf":{"autor":"HUERTA, PEDRO","codart":"842857529","libros-coleccion":"CAMINOS XL ","ediciones":"1","encuadernacion":"R\u00fastica","fecha_de_publicacion":"15\/04\/2026","novedad":"1","paginas":"258","subtitulo":"HACIA UNA ESPIRITUALIDAD DEL TIEMPO PRESENTE","orden":"0","portada":"1","idioma":"spa","booktrailer":"","resenas":"","editorial":[{"ID":6356,"post_author":"3","post_date":"2022-07-28 17:50:26","post_date_gmt":"2022-07-28 15:50:26","post_content":"","post_title":"SAN PABLO COMUNICACI\u00d3N","post_excerpt":"","post_status":"publish","comment_status":"closed","ping_status":"closed","post_password":"","post_name":"san-pablo-comunicacion","to_ping":"","pinged":"","post_modified":"2022-07-28 17:50:26","post_modified_gmt":"2022-07-28 15:50:26","post_content_filtered":"","post_parent":0,"guid":"http:\/\/dev.claret.cat\/editorial\/san-pablo-comunicacion\/","menu_order":0,"post_type":"editorial","post_mime_type":"","comment_count":"0","filter":"raw"}]},"aioseo_notices":[],"_links":{"self":[{"href":"https:\/\/www.claret.cat\/es\/wp-json\/wp\/v2\/product\/1097155","targetHints":{"allow":["GET"]}}],"collection":[{"href":"https:\/\/www.claret.cat\/es\/wp-json\/wp\/v2\/product"}],"about":[{"href":"https:\/\/www.claret.cat\/es\/wp-json\/wp\/v2\/types\/product"}],"wp:featuredmedia":[{"embeddable":true,"href":"https:\/\/www.claret.cat\/es\/wp-json\/wp\/v2\/media\/1097273"}],"wp:attachment":[{"href":"https:\/\/www.claret.cat\/es\/wp-json\/wp\/v2\/media?parent=1097155"}],"wp:term":[{"taxonomy":"product_brand","embeddable":true,"href":"https:\/\/www.claret.cat\/es\/wp-json\/wp\/v2\/product_brand?post=1097155"},{"taxonomy":"product_cat","embeddable":true,"href":"https:\/\/www.claret.cat\/es\/wp-json\/wp\/v2\/product_cat?post=1097155"},{"taxonomy":"product_tag","embeddable":true,"href":"https:\/\/www.claret.cat\/es\/wp-json\/wp\/v2\/product_tag?post=1097155"}],"curies":[{"name":"wp","href":"https:\/\/api.w.org\/{rel}","templated":true}]}}