{"id":1097160,"date":"2026-04-16T10:50:49","date_gmt":"2026-04-16T08:50:49","guid":{"rendered":"https:\/\/www.claret.cat\/llibre\/quo-vadis-humanitas-hacia-donde-vas-humanidad-9788428575331\/"},"modified":"2026-04-16T12:56:18","modified_gmt":"2026-04-16T10:56:18","slug":"quo-vadis-humanitas-hacia-donde-vas-humanidad-9788428575331","status":"publish","type":"product","link":"https:\/\/www.claret.cat\/es\/libro\/quo-vadis-humanitas-hacia-donde-vas-humanidad-9788428575331\/","title":{"rendered":"QUO VADIS, HUMANITAS? = \u00bfHACIA D\u00d3NDE VAS, HUMANIDAD?"},"content":{"rendered":"<p>En un tiempo definido por el avance imparable de la ciencia, la <strong>irrupci\u00f3n de la cultura digital <\/strong>y una intensa inquietud acerca de la identidad del ser humano, la <strong>Comisi\u00f3n Teol\u00f3gica Internacional <\/strong>ofrece una propuesta intelectual de gran actualidad: <em>Quo vadis, humanitas?<\/em> Pensar la antropolog\u00eda cristiana ante algunos escenarios futuros del ser humano. Este texto trata profundamente <strong>los grandes interrogantes de nuestro tiempo <\/strong>\u2014desde la inteligencia artificial y el transhumanismo hasta los cambios sociales y la preocupaci\u00f3n ecol\u00f3gica\u2014, iluminando el horizonte del futuro desde <strong>una \u00f3ptica cristiana de la persona<\/strong>. En el coraz\u00f3n del documento se encuentra <strong>la centralidad del ser humano<\/strong>, reconocido en su dignidad como <strong>don y llamado a la comuni\u00f3n con Dios<\/strong>, con los dem\u00e1s y con toda la creaci\u00f3n. Mediante un di\u00e1logo s\u00f3lido entre raz\u00f3n y fe, se presenta una antropolog\u00eda integral capaz de afrontar los retos contempor\u00e1neos sin perder de vista <strong>la verdad del Evangelio<\/strong>.<\/p>\n<p><\/p>\n","protected":false},"excerpt":{"rendered":"<p>COMISI\u00d3N TEOL\u00d3GICA INTERNACIONAL <\/p>\n","protected":false},"featured_media":1097271,"template":"","meta":{"_acf_changed":false,"om_disable_all_campaigns":false,"rs_blank_template":"","rs_page_bg_color":"","slide_template_v7":"","inline_featured_image":false,"_monsterinsights_skip_tracking":false,"_monsterinsights_sitenote_active":false,"_monsterinsights_sitenote_note":"","_monsterinsights_sitenote_category":0},"product_brand":[],"product_cat":[279,509],"product_tag":[],"class_list":{"0":"post-1097160","1":"product","2":"type-product","3":"status-publish","4":"has-post-thumbnail","6":"product_cat-antropologia-teologica","7":"product_cat-antropologia-teologica-teologia-1_espiritualidad","9":"first","10":"instock","11":"taxable","12":"shipping-taxable","13":"purchasable","14":"product-type-simple"},"acf":{"autor":"COMISI\u00d3N TEOL\u00d3GICA INTERNACIONAL ","codart":"842857533","libros-coleccion":"Enc\u00edclicas - Documentos","ediciones":"1","encuadernacion":"R\u00fastica","fecha_de_publicacion":"15\/04\/2026","novedad":"1","paginas":"192","subtitulo":" PENSAR LA ANTROPOLOG\u00cdA CRISTIANA ANTE ALGUNOS ESCENARIOS FUTUROS DE LA HUMANIDAD","orden":"0","portada":"1","idioma":"spa","booktrailer":"","resenas":"","editorial":[{"ID":6356,"post_author":"3","post_date":"2022-07-28 17:50:26","post_date_gmt":"2022-07-28 15:50:26","post_content":"","post_title":"SAN PABLO COMUNICACI\u00d3N","post_excerpt":"","post_status":"publish","comment_status":"closed","ping_status":"closed","post_password":"","post_name":"san-pablo-comunicacion","to_ping":"","pinged":"","post_modified":"2022-07-28 17:50:26","post_modified_gmt":"2022-07-28 15:50:26","post_content_filtered":"","post_parent":0,"guid":"http:\/\/dev.claret.cat\/editorial\/san-pablo-comunicacion\/","menu_order":0,"post_type":"editorial","post_mime_type":"","comment_count":"0","filter":"raw"}]},"aioseo_notices":[],"_links":{"self":[{"href":"https:\/\/www.claret.cat\/es\/wp-json\/wp\/v2\/product\/1097160","targetHints":{"allow":["GET"]}}],"collection":[{"href":"https:\/\/www.claret.cat\/es\/wp-json\/wp\/v2\/product"}],"about":[{"href":"https:\/\/www.claret.cat\/es\/wp-json\/wp\/v2\/types\/product"}],"wp:featuredmedia":[{"embeddable":true,"href":"https:\/\/www.claret.cat\/es\/wp-json\/wp\/v2\/media\/1097271"}],"wp:attachment":[{"href":"https:\/\/www.claret.cat\/es\/wp-json\/wp\/v2\/media?parent=1097160"}],"wp:term":[{"taxonomy":"product_brand","embeddable":true,"href":"https:\/\/www.claret.cat\/es\/wp-json\/wp\/v2\/product_brand?post=1097160"},{"taxonomy":"product_cat","embeddable":true,"href":"https:\/\/www.claret.cat\/es\/wp-json\/wp\/v2\/product_cat?post=1097160"},{"taxonomy":"product_tag","embeddable":true,"href":"https:\/\/www.claret.cat\/es\/wp-json\/wp\/v2\/product_tag?post=1097160"}],"curies":[{"name":"wp","href":"https:\/\/api.w.org\/{rel}","templated":true}]}}