{"id":1097163,"date":"2026-04-16T10:51:03","date_gmt":"2026-04-16T08:51:03","guid":{"rendered":"https:\/\/www.claret.cat\/llibre\/la-practica-de-la-presencia-de-dios-en-la-vida-cotidiana-9788428575287\/"},"modified":"2026-04-16T12:55:23","modified_gmt":"2026-04-16T10:55:23","slug":"la-practica-de-la-presencia-de-dios-en-la-vida-cotidiana-9788428575287","status":"publish","type":"product","link":"https:\/\/www.claret.cat\/es\/libro\/la-practica-de-la-presencia-de-dios-en-la-vida-cotidiana-9788428575287\/","title":{"rendered":"LA PR\u00c1CTICA DE LA PRESENCIA DE DIOS EN LA VIDA COTIDIANA"},"content":{"rendered":"<p><strong>El hermano Lorenzo de la Resurrecci\u00f3n<\/strong>, un religioso carmelita del siglo XVII, est\u00e1 de total actualidad gracias al <strong>papa Le\u00f3n XIV<\/strong>, que no ha dudado en confesar que supone <strong>una de las bases de su vida espiritual<\/strong>, hasta el punto de afirmar que <em>La pr\u00e1ctica de la presencia de Dios<\/em> es uno de los libros que m\u00e1s le han ayudado a <strong>\u00abconocer y amar a Dios\u00bb<\/strong>. Este cl\u00e1sico imperecedero de la espiritualidad cristiana que sigue iluminando la vida diaria de los creyentes, <strong>recoge las conversaciones, cartas y ense\u00f1anzas del humilde carmelita<\/strong>, quien descubri\u00f3 el secreto de una vida intensamente unida a Dios en medio de las tareas m\u00e1s sencillas. El hermano Lorenzo nos explica c\u00f3mo vive su religiosidad, <strong>teniendo siempre en mente a Dios<\/strong>, no \u00fanicamente mientras reza, sino en cada una de sus acciones, para entregar su existencia de manera completa al amor de Dios. Esta obra ofrece <strong>una elocuente introducci\u00f3n del Papa Le\u00f3n XIV<\/strong> que nos introduce en la meditaci\u00f3n y contemplaci\u00f3n.<\/p>\n<p><\/p>\n","protected":false},"excerpt":{"rendered":"<p>RESURRECCI\u00d3N, LORENZO DE<\/p>\n","protected":false},"featured_media":1097264,"template":"","meta":{"_acf_changed":false,"om_disable_all_campaigns":false,"rs_blank_template":"","rs_page_bg_color":"","slide_template_v7":"","inline_featured_image":false,"_monsterinsights_skip_tracking":false,"_monsterinsights_sitenote_active":false,"_monsterinsights_sitenote_note":"","_monsterinsights_sitenote_category":0},"product_brand":[],"product_cat":[485,232,242,492],"product_tag":[],"class_list":{"0":"post-1097163","1":"product","2":"type-product","3":"status-publish","4":"has-post-thumbnail","6":"product_cat-autores-espiritualidad-1_espiritualidad","7":"product_cat-autors-espiritualitat","8":"product_cat-carmelitana","9":"product_cat-carmelitana-espiritualidad-1_espiritualidad","11":"first","12":"instock","13":"taxable","14":"shipping-taxable","15":"purchasable","16":"product-type-simple"},"acf":{"autor":"RESURRECCI\u00d3N, LORENZO DE","codart":"842857528","libros-coleccion":"SAN PABLO - CAMINOS","ediciones":"1","encuadernacion":"R\u00fastica","fecha_de_publicacion":"15\/04\/2026","novedad":"1","paginas":"220","subtitulo":"CARTAS, M\u00c1XIMAS ESPIRITUALES, CONVERSACIONES, COSTUMBRES Y ELOGIO ","orden":"0","portada":"1","idioma":"spa","booktrailer":"","resenas":"","editorial":[{"ID":6356,"post_author":"3","post_date":"2022-07-28 17:50:26","post_date_gmt":"2022-07-28 15:50:26","post_content":"","post_title":"SAN PABLO COMUNICACI\u00d3N","post_excerpt":"","post_status":"publish","comment_status":"closed","ping_status":"closed","post_password":"","post_name":"san-pablo-comunicacion","to_ping":"","pinged":"","post_modified":"2022-07-28 17:50:26","post_modified_gmt":"2022-07-28 15:50:26","post_content_filtered":"","post_parent":0,"guid":"http:\/\/dev.claret.cat\/editorial\/san-pablo-comunicacion\/","menu_order":0,"post_type":"editorial","post_mime_type":"","comment_count":"0","filter":"raw"}]},"aioseo_notices":[],"_links":{"self":[{"href":"https:\/\/www.claret.cat\/es\/wp-json\/wp\/v2\/product\/1097163","targetHints":{"allow":["GET"]}}],"collection":[{"href":"https:\/\/www.claret.cat\/es\/wp-json\/wp\/v2\/product"}],"about":[{"href":"https:\/\/www.claret.cat\/es\/wp-json\/wp\/v2\/types\/product"}],"wp:featuredmedia":[{"embeddable":true,"href":"https:\/\/www.claret.cat\/es\/wp-json\/wp\/v2\/media\/1097264"}],"wp:attachment":[{"href":"https:\/\/www.claret.cat\/es\/wp-json\/wp\/v2\/media?parent=1097163"}],"wp:term":[{"taxonomy":"product_brand","embeddable":true,"href":"https:\/\/www.claret.cat\/es\/wp-json\/wp\/v2\/product_brand?post=1097163"},{"taxonomy":"product_cat","embeddable":true,"href":"https:\/\/www.claret.cat\/es\/wp-json\/wp\/v2\/product_cat?post=1097163"},{"taxonomy":"product_tag","embeddable":true,"href":"https:\/\/www.claret.cat\/es\/wp-json\/wp\/v2\/product_tag?post=1097163"}],"curies":[{"name":"wp","href":"https:\/\/api.w.org\/{rel}","templated":true}]}}