{"id":1097172,"date":"2026-04-16T10:55:02","date_gmt":"2026-04-16T08:55:02","guid":{"rendered":"https:\/\/www.claret.cat\/llibre\/el-santo-rosario-9788428575317\/"},"modified":"2026-04-16T12:51:46","modified_gmt":"2026-04-16T10:51:46","slug":"el-santo-rosario-9788428575317","status":"publish","type":"product","link":"https:\/\/www.claret.cat\/es\/libro\/el-santo-rosario-9788428575317\/","title":{"rendered":"EL SANTO ROSARIO"},"content":{"rendered":"<p>La pr\u00e1ctica del <strong>rezo del rosario<\/strong>, tan extendida en el mundo, nos invita a la contemplaci\u00f3n intensa en <strong>los misterios de la vida de Cristo<\/strong> a trav\u00e9s de la oraci\u00f3n repetida del <strong>Avemar\u00eda<\/strong>. Recomendada por tantos santos, el rosario nos adentra en <strong>una espiritualidad mariana <\/strong>y, a la vez, cristoc\u00e9ntrica. En este texto se ofrecen <strong>textos b\u00edblicos sobre todo de los evang\u00e9licos<\/strong>, seguidos de una escueta meditaci\u00f3n y algunas consideraciones de los \u00faltimos papas que te ayudar\u00e1n a entrar en una oraci\u00f3n meditada para <strong>una mayor alabanza a Dios<\/strong>.<\/p>\n<p><\/p>\n","protected":false},"excerpt":{"rendered":"<p>EQUIPO SAN PABLO<\/p>\n","protected":false},"featured_media":1097262,"template":"","meta":{"_acf_changed":false,"om_disable_all_campaigns":false,"rs_blank_template":"","rs_page_bg_color":"","slide_template_v7":"","inline_featured_image":false,"_monsterinsights_skip_tracking":false,"_monsterinsights_sitenote_active":false,"_monsterinsights_sitenote_note":"","_monsterinsights_sitenote_category":0},"product_brand":[],"product_cat":[235,393],"product_tag":[],"class_list":{"0":"post-1097172","1":"product","2":"type-product","3":"status-publish","4":"has-post-thumbnail","6":"product_cat-mariana","7":"product_cat-mariana-espiritualidad-1_espiritualidad","9":"first","10":"instock","11":"taxable","12":"shipping-taxable","13":"purchasable","14":"product-type-simple"},"acf":{"autor":"EQUIPO SAN PABLO","codart":"842857531","libros-coleccion":"","ediciones":"1","encuadernacion":"Grapado","fecha_de_publicacion":"16\/04\/2026","novedad":"1","paginas":"44","subtitulo":"PARA ACOMPA\u00d1AR A JES\u00daS CON MAR\u00cdA","orden":"0","portada":"1","idioma":"spa","booktrailer":"","resenas":"","editorial":[{"ID":6356,"post_author":"3","post_date":"2022-07-28 17:50:26","post_date_gmt":"2022-07-28 15:50:26","post_content":"","post_title":"SAN PABLO COMUNICACI\u00d3N","post_excerpt":"","post_status":"publish","comment_status":"closed","ping_status":"closed","post_password":"","post_name":"san-pablo-comunicacion","to_ping":"","pinged":"","post_modified":"2022-07-28 17:50:26","post_modified_gmt":"2022-07-28 15:50:26","post_content_filtered":"","post_parent":0,"guid":"http:\/\/dev.claret.cat\/editorial\/san-pablo-comunicacion\/","menu_order":0,"post_type":"editorial","post_mime_type":"","comment_count":"0","filter":"raw"}]},"aioseo_notices":[],"_links":{"self":[{"href":"https:\/\/www.claret.cat\/es\/wp-json\/wp\/v2\/product\/1097172","targetHints":{"allow":["GET"]}}],"collection":[{"href":"https:\/\/www.claret.cat\/es\/wp-json\/wp\/v2\/product"}],"about":[{"href":"https:\/\/www.claret.cat\/es\/wp-json\/wp\/v2\/types\/product"}],"wp:featuredmedia":[{"embeddable":true,"href":"https:\/\/www.claret.cat\/es\/wp-json\/wp\/v2\/media\/1097262"}],"wp:attachment":[{"href":"https:\/\/www.claret.cat\/es\/wp-json\/wp\/v2\/media?parent=1097172"}],"wp:term":[{"taxonomy":"product_brand","embeddable":true,"href":"https:\/\/www.claret.cat\/es\/wp-json\/wp\/v2\/product_brand?post=1097172"},{"taxonomy":"product_cat","embeddable":true,"href":"https:\/\/www.claret.cat\/es\/wp-json\/wp\/v2\/product_cat?post=1097172"},{"taxonomy":"product_tag","embeddable":true,"href":"https:\/\/www.claret.cat\/es\/wp-json\/wp\/v2\/product_tag?post=1097172"}],"curies":[{"name":"wp","href":"https:\/\/api.w.org\/{rel}","templated":true}]}}