{"id":1097175,"date":"2026-04-16T10:55:30","date_gmt":"2026-04-16T08:55:30","guid":{"rendered":"https:\/\/www.claret.cat\/llibre\/pensamientos-oracion-hecha-palabra-9788428575324\/"},"modified":"2026-04-17T19:30:27","modified_gmt":"2026-04-17T17:30:27","slug":"pensamientos-oracion-hecha-palabra-9788428575324","status":"publish","type":"product","link":"https:\/\/www.claret.cat\/es\/libro\/pensamientos-oracion-hecha-palabra-9788428575324\/","title":{"rendered":"PENSAMIENTOS. ORACI\u00d3N HECHA PALABRA"},"content":{"rendered":"<p>Esta obra <strong>no ofrece simplemente poes\u00eda<\/strong>: propone <strong>un aut\u00e9ntico itinerario espiritual<\/strong>. Sus p\u00e1ginas recogen la experiencia viva de <strong>un alma en di\u00e1logo con Dios<\/strong>, donde cada verso nace de la oraci\u00f3n, del asombro y de la b\u00fasqueda perseverante. Lejos de f\u00f3rmulas sencillas, estos textos revelan <strong>una fe que atraviesa la noche<\/strong>, el silencio y el combate interior, descubriendo en ellos un sentido fecundo y nuevo. <strong>La Cruz<\/strong>, <strong>la Palabra y la mirada de Dios <\/strong>se convierten aqu\u00ed en luz, alimento y destino. Con un lenguaje hermoso y profundo, esta obra invita al lector a detenerse, escuchar y dejarse transformar. <strong>Un libro para quienes desean reencontrarse con Dios en lo esencial<\/strong>.<\/p>\n<p><\/p>\n","protected":false},"excerpt":{"rendered":"<p>ALONSO PELEGR\u00cdN, OLGA<\/p>\n","protected":false},"featured_media":1097281,"template":"","meta":{"_acf_changed":false,"om_disable_all_campaigns":false,"rs_blank_template":"","rs_page_bg_color":"","slide_template_v7":"","inline_featured_image":false,"_monsterinsights_skip_tracking":false,"_monsterinsights_sitenote_active":false,"_monsterinsights_sitenote_note":"","_monsterinsights_sitenote_category":0},"product_brand":[],"product_cat":[497,248],"product_tag":[],"class_list":{"0":"post-1097175","1":"product","2":"type-product","3":"status-publish","4":"has-post-thumbnail","6":"product_cat-meditaciones","7":"product_cat-meditacions","9":"first","10":"instock","11":"taxable","12":"shipping-taxable","13":"purchasable","14":"product-type-simple"},"acf":{"autor":"ALONSO PELEGR\u00cdN, OLGA","codart":"842857532","libros-coleccion":"","ediciones":"1","encuadernacion":"R\u00fastica","fecha_de_publicacion":"16\/04\/2026","novedad":"1","paginas":"226","subtitulo":"","orden":"0","portada":"0","idioma":"spa","booktrailer":"","resenas":"","editorial":[{"ID":6356,"post_author":"3","post_date":"2022-07-28 17:50:26","post_date_gmt":"2022-07-28 15:50:26","post_content":"","post_title":"SAN PABLO COMUNICACI\u00d3N","post_excerpt":"","post_status":"publish","comment_status":"closed","ping_status":"closed","post_password":"","post_name":"san-pablo-comunicacion","to_ping":"","pinged":"","post_modified":"2022-07-28 17:50:26","post_modified_gmt":"2022-07-28 15:50:26","post_content_filtered":"","post_parent":0,"guid":"http:\/\/dev.claret.cat\/editorial\/san-pablo-comunicacion\/","menu_order":0,"post_type":"editorial","post_mime_type":"","comment_count":"0","filter":"raw"}]},"aioseo_notices":[],"_links":{"self":[{"href":"https:\/\/www.claret.cat\/es\/wp-json\/wp\/v2\/product\/1097175","targetHints":{"allow":["GET"]}}],"collection":[{"href":"https:\/\/www.claret.cat\/es\/wp-json\/wp\/v2\/product"}],"about":[{"href":"https:\/\/www.claret.cat\/es\/wp-json\/wp\/v2\/types\/product"}],"wp:featuredmedia":[{"embeddable":true,"href":"https:\/\/www.claret.cat\/es\/wp-json\/wp\/v2\/media\/1097281"}],"wp:attachment":[{"href":"https:\/\/www.claret.cat\/es\/wp-json\/wp\/v2\/media?parent=1097175"}],"wp:term":[{"taxonomy":"product_brand","embeddable":true,"href":"https:\/\/www.claret.cat\/es\/wp-json\/wp\/v2\/product_brand?post=1097175"},{"taxonomy":"product_cat","embeddable":true,"href":"https:\/\/www.claret.cat\/es\/wp-json\/wp\/v2\/product_cat?post=1097175"},{"taxonomy":"product_tag","embeddable":true,"href":"https:\/\/www.claret.cat\/es\/wp-json\/wp\/v2\/product_tag?post=1097175"}],"curies":[{"name":"wp","href":"https:\/\/api.w.org\/{rel}","templated":true}]}}