{"id":1097234,"date":"2026-04-16T12:25:25","date_gmt":"2026-04-16T10:25:25","guid":{"rendered":"https:\/\/www.claret.cat\/llibre\/preparar-y-celebrar-el-matrimonio-en-la-iglesia-9788417459888\/"},"modified":"2026-04-17T15:50:07","modified_gmt":"2026-04-17T13:50:07","slug":"preparar-y-celebrar-el-matrimonio-en-la-iglesia-9788417459888","status":"publish","type":"product","link":"https:\/\/www.claret.cat\/es\/libro\/preparar-y-celebrar-el-matrimonio-en-la-iglesia-9788417459888\/","title":{"rendered":"PREPARAR Y CELEBRAR EL MATRIMONIO EN LA IGLESIA"},"content":{"rendered":"<h4 class='ql-align-center'><strong>La presente edici\u00f3n de este subsidio ha sido preparada por los secretariados de la&nbsp;<\/strong><\/h4>\n<h4 class='ql-align-center'><strong>Comisi\u00f3n Episcopal para la Liturgia y de la Subcomisi\u00f3n Episcopal para la Familia<\/strong><\/h4>\n<h4 class='ql-align-center'><strong>y la Defensa de la Vida<\/strong>&nbsp;<strong>de la Conferencia Episcopal Espa\u00f1ola<\/strong><\/h4>\n<p>Esta gu\u00eda es una ayuda para preparar y celebrar adecuadamente el sacramento del matrimonio, de forma que los novios puedan vivirlo en plenitud. Este subsidio recorre las partes fundamentales de la celebraci\u00f3n del sacramento, ofrece los diferentes textos lit\u00fargicos para preparar el rito y, adem\u00e1s, presenta unas orientaciones sobre la preparaci\u00f3n de la ceremonia en todos los aspectos. Es una gu\u00eda muy \u00fatil para trabajar en los cursillos prematrimoniales. Tambi\u00e9n para ayudar a los novios a comprender mejor el sacramento que van a celebrar.<\/p>\n","protected":false},"excerpt":{"rendered":"<p> SECRETARIADO DE LA COMISI\u00d3N EPISCOPAL PARA LA LITURGIA<\/p>\n","protected":false},"featured_media":1097324,"template":"","meta":{"_acf_changed":false,"om_disable_all_campaigns":false,"rs_blank_template":"","rs_page_bg_color":"","slide_template_v7":"","inline_featured_image":false,"_monsterinsights_skip_tracking":false,"_monsterinsights_sitenote_active":false,"_monsterinsights_sitenote_note":"","_monsterinsights_sitenote_category":0},"product_brand":[],"product_cat":[250,397],"product_tag":[],"class_list":{"0":"post-1097234","1":"product","2":"type-product","3":"status-publish","4":"has-post-thumbnail","6":"product_cat-matrimoni","7":"product_cat-matrimonio","9":"first","10":"instock","11":"taxable","12":"shipping-taxable","13":"purchasable","14":"product-type-simple"},"acf":{"autor":" SECRETARIADO DE LA COMISI\u00d3N EPISCOPAL PARA LA LITURGIA","codart":"841745988","libros-coleccion":"LIBROS LITURGICOS","ediciones":"1","encuadernacion":"R\u00fastica","fecha_de_publicacion":"16\/04\/2026","novedad":"1","paginas":"120","subtitulo":"GU\u00cdA PARA COMPRENDER Y VIVIR EL SACRAMENTO DEL MATRIMONIO","orden":"999","portada":"1","idioma":"spa","booktrailer":"","resenas":"","editorial":[{"ID":147509,"post_author":"3","post_date":"2022-10-14 11:51:07","post_date_gmt":"2022-10-14 09:51:07","post_content":"","post_title":"B.A.C.","post_excerpt":"","post_status":"publish","comment_status":"closed","ping_status":"closed","post_password":"","post_name":"b-a-c","to_ping":"","pinged":"","post_modified":"2022-10-14 11:51:07","post_modified_gmt":"2022-10-14 09:51:07","post_content_filtered":"","post_parent":0,"guid":"http:\/\/dev.claret.cat\/editorial\/b-a-c\/","menu_order":0,"post_type":"editorial","post_mime_type":"","comment_count":"0","filter":"raw"}]},"aioseo_notices":[],"_links":{"self":[{"href":"https:\/\/www.claret.cat\/es\/wp-json\/wp\/v2\/product\/1097234","targetHints":{"allow":["GET"]}}],"collection":[{"href":"https:\/\/www.claret.cat\/es\/wp-json\/wp\/v2\/product"}],"about":[{"href":"https:\/\/www.claret.cat\/es\/wp-json\/wp\/v2\/types\/product"}],"wp:featuredmedia":[{"embeddable":true,"href":"https:\/\/www.claret.cat\/es\/wp-json\/wp\/v2\/media\/1097324"}],"wp:attachment":[{"href":"https:\/\/www.claret.cat\/es\/wp-json\/wp\/v2\/media?parent=1097234"}],"wp:term":[{"taxonomy":"product_brand","embeddable":true,"href":"https:\/\/www.claret.cat\/es\/wp-json\/wp\/v2\/product_brand?post=1097234"},{"taxonomy":"product_cat","embeddable":true,"href":"https:\/\/www.claret.cat\/es\/wp-json\/wp\/v2\/product_cat?post=1097234"},{"taxonomy":"product_tag","embeddable":true,"href":"https:\/\/www.claret.cat\/es\/wp-json\/wp\/v2\/product_tag?post=1097234"}],"curies":[{"name":"wp","href":"https:\/\/api.w.org\/{rel}","templated":true}]}}