{"id":1097236,"date":"2026-04-16T12:25:47","date_gmt":"2026-04-16T10:25:47","guid":{"rendered":"https:\/\/www.claret.cat\/llibre\/lecturas-diarias-para-la-vida-contemplativa-9788422024330\/"},"modified":"2026-04-16T12:30:35","modified_gmt":"2026-04-16T10:30:35","slug":"lecturas-diarias-para-la-vida-contemplativa-9788422024330","status":"publish","type":"product","link":"https:\/\/www.claret.cat\/es\/libro\/lecturas-diarias-para-la-vida-contemplativa-9788422024330\/","title":{"rendered":"LECTURAS DIARIAS PARA LA VIDA CONTEMPLATIVA"},"content":{"rendered":"<p><span>He aqu\u00ed una recopilaci\u00f3n antol\u00f3gica de las ense\u00f1anzas del monje Thomas Keating, dise\u00f1ada como un manual pr\u00e1ctico para integrar la oraci\u00f3n contemplativa en la rutina diaria. El texto se estructura siguiendo el calendario anual, donde cada mes aborda un tema espiritual distinto \u2014como la purificaci\u00f3n interior o el autoconocimiento\u2014 a trav\u00e9s de breves reflexiones extra\u00eddas de sus libros y conferencias. El prop\u00f3sito central es guiar al lector hacia la Oraci\u00f3n Centrante, un m\u00e9todo de silencio profundo que busca desmantelar el falso yo y sus programas emocionales inconscientes para permitir el surgimiento del verdadero ser en Dios. Mediante un lenguaje sencillo y accesible, Keating nos ense\u00f1a que la madurez espiritual consiste en pasar de una relaci\u00f3n sentimental a una uni\u00f3n divina constante y silenciosa, transformando as\u00ed la vida cotidiana en un&nbsp;servicio inspirado por el Esp\u00edritu Santo.<\/span><\/p>\n","protected":false},"excerpt":{"rendered":"<p>KEATING, THOMAS<\/p>\n","protected":false},"featured_media":0,"template":"","meta":{"_acf_changed":false,"om_disable_all_campaigns":false,"rs_blank_template":"","rs_page_bg_color":"","slide_template_v7":"","inline_featured_image":false,"_monsterinsights_skip_tracking":false,"_monsterinsights_sitenote_active":false,"_monsterinsights_sitenote_note":"","_monsterinsights_sitenote_category":0},"product_brand":[],"product_cat":[90,540],"product_tag":[],"class_list":{"0":"post-1097236","1":"product","2":"type-product","3":"status-publish","5":"product_cat-altres","6":"product_cat-otros","8":"first","9":"instock","10":"taxable","11":"shipping-taxable","12":"purchasable","13":"product-type-simple"},"acf":{"autor":"KEATING, THOMAS","codart":"842202433","libros-coleccion":"BAC Popular","ediciones":"1","encuadernacion":"R\u00fastica","fecha_de_publicacion":"16\/04\/2026","novedad":"0","paginas":"312","subtitulo":"","orden":"999","portada":"0","idioma":"spa","booktrailer":"","resenas":"","editorial":[{"ID":147509,"post_author":"3","post_date":"2022-10-14 11:51:07","post_date_gmt":"2022-10-14 09:51:07","post_content":"","post_title":"B.A.C.","post_excerpt":"","post_status":"publish","comment_status":"closed","ping_status":"closed","post_password":"","post_name":"b-a-c","to_ping":"","pinged":"","post_modified":"2022-10-14 11:51:07","post_modified_gmt":"2022-10-14 09:51:07","post_content_filtered":"","post_parent":0,"guid":"http:\/\/dev.claret.cat\/editorial\/b-a-c\/","menu_order":0,"post_type":"editorial","post_mime_type":"","comment_count":"0","filter":"raw"}]},"aioseo_notices":[],"_links":{"self":[{"href":"https:\/\/www.claret.cat\/es\/wp-json\/wp\/v2\/product\/1097236","targetHints":{"allow":["GET"]}}],"collection":[{"href":"https:\/\/www.claret.cat\/es\/wp-json\/wp\/v2\/product"}],"about":[{"href":"https:\/\/www.claret.cat\/es\/wp-json\/wp\/v2\/types\/product"}],"wp:attachment":[{"href":"https:\/\/www.claret.cat\/es\/wp-json\/wp\/v2\/media?parent=1097236"}],"wp:term":[{"taxonomy":"product_brand","embeddable":true,"href":"https:\/\/www.claret.cat\/es\/wp-json\/wp\/v2\/product_brand?post=1097236"},{"taxonomy":"product_cat","embeddable":true,"href":"https:\/\/www.claret.cat\/es\/wp-json\/wp\/v2\/product_cat?post=1097236"},{"taxonomy":"product_tag","embeddable":true,"href":"https:\/\/www.claret.cat\/es\/wp-json\/wp\/v2\/product_tag?post=1097236"}],"curies":[{"name":"wp","href":"https:\/\/api.w.org\/{rel}","templated":true}]}}