{"id":1097237,"date":"2026-04-16T12:35:02","date_gmt":"2026-04-16T10:35:02","guid":{"rendered":"https:\/\/www.claret.cat\/llibre\/a-por-el-mundial-2026-9788482898087\/"},"modified":"2026-04-16T14:20:29","modified_gmt":"2026-04-16T12:20:29","slug":"a-por-el-mundial-2026-9788482898087","status":"publish","type":"product","link":"https:\/\/www.claret.cat\/es\/libro\/a-por-el-mundial-2026-9788482898087\/","title":{"rendered":"A POR EL MUNDIAL 2026"},"content":{"rendered":"<p>El libro imprescindible para los fans del f\u00fatbol.<\/p>\n<p> Descubre las selecciones, las grandes estrellas y todas las sedes del torneo m\u00e1s espectacular del planeta. Aprende curiosidades sorprendentes, conoce a los jugadores m\u00e1s importantes y convi\u00e9rtete en un aut\u00e9ntico experto en f\u00fatbol.<\/p>\n<p> Incluye m\u00e1s de 500 pegatinas con las banderas de los pa\u00edses participantes para personalizar el libro y seguir la competici\u00f3n partido a partido.<\/p>\n<p> Un libro interactivo perfecto para ni\u00f1os y ni\u00f1as a partir de 7 a\u00f1os apasionados por el f\u00fatbol.<\/p>\n","protected":false},"excerpt":{"rendered":"<p>IKER BIGURI<\/p>\n","protected":false},"featured_media":1097238,"template":"","meta":{"_acf_changed":false,"om_disable_all_campaigns":false,"rs_blank_template":"","rs_page_bg_color":"","slide_template_v7":"","inline_featured_image":false,"_monsterinsights_skip_tracking":false,"_monsterinsights_sitenote_active":false,"_monsterinsights_sitenote_note":"","_monsterinsights_sitenote_category":0},"product_brand":[],"product_cat":[131,361],"product_tag":[],"class_list":{"0":"post-1097237","1":"product","2":"type-product","3":"status-publish","4":"has-post-thumbnail","6":"product_cat-contes-per-infants-0-6-anys","7":"product_cat-cuentos-para-ninos-0-6-anos","9":"first","10":"instock","11":"taxable","12":"shipping-taxable","13":"purchasable","14":"product-type-simple"},"acf":{"autor":"IKER BIGURI","codart":"848289808","libros-coleccion":"","ediciones":"1","encuadernacion":"R\u00fastica","fecha_de_publicacion":"01\/04\/2026","novedad":"1","paginas":"45","subtitulo":"","orden":"0","portada":"0","idioma":"spa","booktrailer":"","resenas":"","editorial":[{"ID":147686,"post_author":"3","post_date":"2022-10-14 11:52:28","post_date_gmt":"2022-10-14 09:52:28","post_content":"","post_title":"CUMIO","post_excerpt":"","post_status":"publish","comment_status":"closed","ping_status":"closed","post_password":"","post_name":"cumio","to_ping":"","pinged":"","post_modified":"2022-10-14 11:52:28","post_modified_gmt":"2022-10-14 09:52:28","post_content_filtered":"","post_parent":0,"guid":"http:\/\/dev.claret.cat\/editorial\/cumio\/","menu_order":0,"post_type":"editorial","post_mime_type":"","comment_count":"0","filter":"raw"}]},"aioseo_notices":[],"_links":{"self":[{"href":"https:\/\/www.claret.cat\/es\/wp-json\/wp\/v2\/product\/1097237","targetHints":{"allow":["GET"]}}],"collection":[{"href":"https:\/\/www.claret.cat\/es\/wp-json\/wp\/v2\/product"}],"about":[{"href":"https:\/\/www.claret.cat\/es\/wp-json\/wp\/v2\/types\/product"}],"wp:featuredmedia":[{"embeddable":true,"href":"https:\/\/www.claret.cat\/es\/wp-json\/wp\/v2\/media\/1097238"}],"wp:attachment":[{"href":"https:\/\/www.claret.cat\/es\/wp-json\/wp\/v2\/media?parent=1097237"}],"wp:term":[{"taxonomy":"product_brand","embeddable":true,"href":"https:\/\/www.claret.cat\/es\/wp-json\/wp\/v2\/product_brand?post=1097237"},{"taxonomy":"product_cat","embeddable":true,"href":"https:\/\/www.claret.cat\/es\/wp-json\/wp\/v2\/product_cat?post=1097237"},{"taxonomy":"product_tag","embeddable":true,"href":"https:\/\/www.claret.cat\/es\/wp-json\/wp\/v2\/product_tag?post=1097237"}],"curies":[{"name":"wp","href":"https:\/\/api.w.org\/{rel}","templated":true}]}}