{"id":1097242,"date":"2026-04-16T12:40:35","date_gmt":"2026-04-16T10:40:35","guid":{"rendered":"https:\/\/www.claret.cat\/llibre\/escribe-y-borra-preparados-para-infantil-pizarrarotulador-9781773886756\/"},"modified":"2026-04-16T14:20:24","modified_gmt":"2026-04-16T12:20:24","slug":"escribe-y-borra-preparados-para-infantil-pizarrarotulador-9781773886756","status":"publish","type":"product","link":"https:\/\/www.claret.cat\/es\/libro\/escribe-y-borra-preparados-para-infantil-pizarrarotulador-9781773886756\/","title":{"rendered":"ESCRIBE Y BORRA &#8211; PREPARADOS PARA INFANTIL (PIZARRA+ROTULADOR)"},"content":{"rendered":"<p>Con este libro aprender\u00e1n:\u00f2 C\u00f3mo sujetar el l\u00e1piz\u00f2 A dibujar sobre l\u00edneas de puntos\u00f2 Las letras de la A a la Z\u00f2 Los n\u00fameros del 1 al 20 \u00f2 Los colores y las formas<\/p>\n","protected":false},"excerpt":{"rendered":"<p>AA.VV.<\/p>\n","protected":false},"featured_media":1097304,"template":"","meta":{"_acf_changed":false,"om_disable_all_campaigns":false,"rs_blank_template":"","rs_page_bg_color":"","slide_template_v7":"","inline_featured_image":false,"_monsterinsights_skip_tracking":false,"_monsterinsights_sitenote_active":false,"_monsterinsights_sitenote_note":"","_monsterinsights_sitenote_category":0},"product_brand":[],"product_cat":[131,361],"product_tag":[],"class_list":{"0":"post-1097242","1":"product","2":"type-product","3":"status-publish","4":"has-post-thumbnail","6":"product_cat-contes-per-infants-0-6-anys","7":"product_cat-cuentos-para-ninos-0-6-anos","9":"first","10":"instock","11":"taxable","12":"shipping-taxable","13":"purchasable","14":"product-type-simple"},"acf":{"autor":"AA.VV.","codart":"177388675","libros-coleccion":"","ediciones":"1","encuadernacion":"Carton\u00e9","fecha_de_publicacion":"16\/04\/2026","novedad":"1","paginas":"56","subtitulo":"","orden":"0","portada":"0","idioma":"spa","booktrailer":"","resenas":"","editorial":[{"ID":148813,"post_author":"3","post_date":"2022-10-14 12:01:11","post_date_gmt":"2022-10-14 10:01:11","post_content":"","post_title":"SHOEBOX MEDIA","post_excerpt":"","post_status":"publish","comment_status":"closed","ping_status":"closed","post_password":"","post_name":"shoebox-media","to_ping":"","pinged":"","post_modified":"2022-10-14 12:01:11","post_modified_gmt":"2022-10-14 10:01:11","post_content_filtered":"","post_parent":0,"guid":"http:\/\/dev.claret.cat\/editorial\/shoebox-media\/","menu_order":0,"post_type":"editorial","post_mime_type":"","comment_count":"0","filter":"raw"}]},"aioseo_notices":[],"_links":{"self":[{"href":"https:\/\/www.claret.cat\/es\/wp-json\/wp\/v2\/product\/1097242","targetHints":{"allow":["GET"]}}],"collection":[{"href":"https:\/\/www.claret.cat\/es\/wp-json\/wp\/v2\/product"}],"about":[{"href":"https:\/\/www.claret.cat\/es\/wp-json\/wp\/v2\/types\/product"}],"wp:featuredmedia":[{"embeddable":true,"href":"https:\/\/www.claret.cat\/es\/wp-json\/wp\/v2\/media\/1097304"}],"wp:attachment":[{"href":"https:\/\/www.claret.cat\/es\/wp-json\/wp\/v2\/media?parent=1097242"}],"wp:term":[{"taxonomy":"product_brand","embeddable":true,"href":"https:\/\/www.claret.cat\/es\/wp-json\/wp\/v2\/product_brand?post=1097242"},{"taxonomy":"product_cat","embeddable":true,"href":"https:\/\/www.claret.cat\/es\/wp-json\/wp\/v2\/product_cat?post=1097242"},{"taxonomy":"product_tag","embeddable":true,"href":"https:\/\/www.claret.cat\/es\/wp-json\/wp\/v2\/product_tag?post=1097242"}],"curies":[{"name":"wp","href":"https:\/\/api.w.org\/{rel}","templated":true}]}}