{"id":1097251,"date":"2026-04-16T12:50:02","date_gmt":"2026-04-16T10:50:02","guid":{"rendered":"https:\/\/www.claret.cat\/llibre\/mr-bongo-busca-a-su-banda-9791387501556\/"},"modified":"2026-04-16T14:20:04","modified_gmt":"2026-04-16T12:20:04","slug":"mr-bongo-busca-a-su-banda-9791387501556","status":"publish","type":"product","link":"https:\/\/www.claret.cat\/es\/libro\/mr-bongo-busca-a-su-banda-9791387501556\/","title":{"rendered":"MR. BONGO BUSCA A SU BANDA"},"content":{"rendered":"<p>Mr. Bongo est\u00e1 a punto de dar un concierto\u2026 pero su banda ha desaparecido.<\/p>\n<p> Con la ayuda del lector, recorrer\u00e1 un parque lleno de escenas sorprendentes para encontrar a cada m\u00fasico antes de que empiece el espect\u00e1culo.<\/p>\n<p> En cada doble p\u00e1gina se esconde un nuevo reto: un flamenco con una guitarra roja, un tuc\u00e1n con una trompeta amarilla, una iguana con una bater\u00eda rosa\u2026 entre cientos de personajes y situaciones divertid\u00edsimas.<\/p>\n<p> Un libro de busca y encuentra que invita a observar, jugar y compartir, ideal para desarrollar la atenci\u00f3n, la concentraci\u00f3n y el gusto por la lectura visual.<\/p>\n<p> Con ilustraciones llenas de color, humor y detalles, Jim Stoten crea un universo \u00fanico que se descubre una y otra vez.<\/p>\n<p> Perfecto para leer en familia, en el aula o para jugar en grupo.<\/p>\n","protected":false},"excerpt":{"rendered":"<p>JIM STOTEN<\/p>\n","protected":false},"featured_media":1097252,"template":"","meta":{"_acf_changed":false,"om_disable_all_campaigns":false,"rs_blank_template":"","rs_page_bg_color":"","slide_template_v7":"","inline_featured_image":false,"_monsterinsights_skip_tracking":false,"_monsterinsights_sitenote_active":false,"_monsterinsights_sitenote_note":"","_monsterinsights_sitenote_category":0},"product_brand":[],"product_cat":[131,361],"product_tag":[],"class_list":{"0":"post-1097251","1":"product","2":"type-product","3":"status-publish","4":"has-post-thumbnail","6":"product_cat-contes-per-infants-0-6-anys","7":"product_cat-cuentos-para-ninos-0-6-anos","9":"first","10":"instock","11":"taxable","12":"shipping-taxable","13":"purchasable","14":"product-type-simple"},"acf":{"autor":"JIM STOTEN","codart":"138750155","libros-coleccion":"","ediciones":"1","encuadernacion":"Carton\u00e9","fecha_de_publicacion":"01\/04\/2026","novedad":"1","paginas":"48","subtitulo":"UN DIVERTIDO LIBRO DE BUSCA Y ENCUENTRA LLENO DE M\u00daSICA Y COLOR","orden":"0","portada":"0","idioma":"spa","booktrailer":"","resenas":"","editorial":[{"ID":988051,"post_author":"3","post_date":"2024-10-24 12:30:41","post_date_gmt":"2024-10-24 10:30:41","post_content":"","post_title":"Triqueta VerdeU","post_excerpt":"","post_status":"publish","comment_status":"closed","ping_status":"closed","post_password":"","post_name":"triqueta-verdeu","to_ping":"","pinged":"","post_modified":"2024-10-24 12:30:41","post_modified_gmt":"2024-10-24 10:30:41","post_content_filtered":"","post_parent":0,"guid":"https:\/\/www.claret.cat\/editorial\/triqueta-verdeu\/","menu_order":0,"post_type":"editorial","post_mime_type":"","comment_count":"0","filter":"raw"}]},"aioseo_notices":[],"_links":{"self":[{"href":"https:\/\/www.claret.cat\/es\/wp-json\/wp\/v2\/product\/1097251","targetHints":{"allow":["GET"]}}],"collection":[{"href":"https:\/\/www.claret.cat\/es\/wp-json\/wp\/v2\/product"}],"about":[{"href":"https:\/\/www.claret.cat\/es\/wp-json\/wp\/v2\/types\/product"}],"wp:featuredmedia":[{"embeddable":true,"href":"https:\/\/www.claret.cat\/es\/wp-json\/wp\/v2\/media\/1097252"}],"wp:attachment":[{"href":"https:\/\/www.claret.cat\/es\/wp-json\/wp\/v2\/media?parent=1097251"}],"wp:term":[{"taxonomy":"product_brand","embeddable":true,"href":"https:\/\/www.claret.cat\/es\/wp-json\/wp\/v2\/product_brand?post=1097251"},{"taxonomy":"product_cat","embeddable":true,"href":"https:\/\/www.claret.cat\/es\/wp-json\/wp\/v2\/product_cat?post=1097251"},{"taxonomy":"product_tag","embeddable":true,"href":"https:\/\/www.claret.cat\/es\/wp-json\/wp\/v2\/product_tag?post=1097251"}],"curies":[{"name":"wp","href":"https:\/\/api.w.org\/{rel}","templated":true}]}}