{"id":1097259,"date":"2026-04-16T12:51:16","date_gmt":"2026-04-16T10:51:16","guid":{"rendered":"https:\/\/www.claret.cat\/llibre\/que-es-la-verdad-2a-edicion-9791388176036\/"},"modified":"2026-04-16T12:55:59","modified_gmt":"2026-04-16T10:55:59","slug":"que-es-la-verdad-2a-edicion-9791388176036","status":"publish","type":"product","link":"https:\/\/www.claret.cat\/es\/libro\/que-es-la-verdad-2a-edicion-9791388176036\/","title":{"rendered":"\u00bfQU\u00c9 ES LA VERDAD? 2\u00aa EDICI\u00d3N"},"content":{"rendered":"<p>Fabrice Hadjadj, conocid\u00edsimo fil\u00f3sofo cat\u00f3lico, y su tocayo Fabrice Midal, pensador budista, nos regalan un libro que bien merece la pena. No porque nos vaya a dar la respuesta al interrogante que ha conturbado al hombre de todas las \u00e9pocas, tampoco porq<\/p>\n","protected":false},"excerpt":{"rendered":"<p>HADJADJ, FABRICE\/MIDAL, FABRICE<\/p>\n","protected":false},"featured_media":1097269,"template":"","meta":{"_acf_changed":false,"om_disable_all_campaigns":false,"rs_blank_template":"","rs_page_bg_color":"","slide_template_v7":"","inline_featured_image":false,"_monsterinsights_skip_tracking":false,"_monsterinsights_sitenote_active":false,"_monsterinsights_sitenote_note":"","_monsterinsights_sitenote_category":0},"product_brand":[],"product_cat":[373,166,374,167],"product_tag":[],"class_list":{"0":"post-1097259","1":"product","2":"type-product","3":"status-publish","4":"has-post-thumbnail","6":"product_cat-autores","7":"product_cat-autors-filosofia","8":"product_cat-metafisica-filosofia-2_humanidades","9":"product_cat-metafisica","11":"first","12":"instock","13":"taxable","14":"shipping-taxable","15":"purchasable","16":"product-type-simple"},"acf":{"autor":"HADJADJ, FABRICE\/MIDAL, FABRICE","codart":"138817603","libros-coleccion":"","ediciones":"1","encuadernacion":"R\u00fastica","fecha_de_publicacion":"01\/02\/2026","novedad":"1","paginas":"116","subtitulo":"H","orden":"0","portada":"0","idioma":"spa","booktrailer":"","resenas":"","editorial":[{"ID":6144,"post_author":"3","post_date":"2022-07-28 17:45:50","post_date_gmt":"2022-07-28 15:45:50","post_content":"","post_title":"BIBLIOTHECA HOMO LEGENS","post_excerpt":"","post_status":"publish","comment_status":"closed","ping_status":"closed","post_password":"","post_name":"bibliotheca-homo-legens","to_ping":"","pinged":"","post_modified":"2022-07-28 17:45:50","post_modified_gmt":"2022-07-28 15:45:50","post_content_filtered":"","post_parent":0,"guid":"http:\/\/dev.claret.cat\/editorial\/bibliotheca-homo-legens\/","menu_order":0,"post_type":"editorial","post_mime_type":"","comment_count":"0","filter":"raw"}]},"aioseo_notices":[],"_links":{"self":[{"href":"https:\/\/www.claret.cat\/es\/wp-json\/wp\/v2\/product\/1097259","targetHints":{"allow":["GET"]}}],"collection":[{"href":"https:\/\/www.claret.cat\/es\/wp-json\/wp\/v2\/product"}],"about":[{"href":"https:\/\/www.claret.cat\/es\/wp-json\/wp\/v2\/types\/product"}],"wp:featuredmedia":[{"embeddable":true,"href":"https:\/\/www.claret.cat\/es\/wp-json\/wp\/v2\/media\/1097269"}],"wp:attachment":[{"href":"https:\/\/www.claret.cat\/es\/wp-json\/wp\/v2\/media?parent=1097259"}],"wp:term":[{"taxonomy":"product_brand","embeddable":true,"href":"https:\/\/www.claret.cat\/es\/wp-json\/wp\/v2\/product_brand?post=1097259"},{"taxonomy":"product_cat","embeddable":true,"href":"https:\/\/www.claret.cat\/es\/wp-json\/wp\/v2\/product_cat?post=1097259"},{"taxonomy":"product_tag","embeddable":true,"href":"https:\/\/www.claret.cat\/es\/wp-json\/wp\/v2\/product_tag?post=1097259"}],"curies":[{"name":"wp","href":"https:\/\/api.w.org\/{rel}","templated":true}]}}