{"id":1097306,"date":"2026-04-16T14:25:02","date_gmt":"2026-04-16T12:25:02","guid":{"rendered":"https:\/\/www.claret.cat\/llibre\/el-futuro-que-nos-aguarda-en-el-siglo-xxi-9788410286542\/"},"modified":"2026-04-16T16:05:39","modified_gmt":"2026-04-16T14:05:39","slug":"el-futuro-que-nos-aguarda-en-el-siglo-xxi-9788410286542","status":"publish","type":"product","link":"https:\/\/www.claret.cat\/es\/libro\/el-futuro-que-nos-aguarda-en-el-siglo-xxi-9788410286542\/","title":{"rendered":"EL FUTURO QUE NOS AGUARDA EN EL SIGLO XXI"},"content":{"rendered":"<p>EL FUTURO QUE NOS AGUARDA explora los grandes desaf\u00edos que definir\u00e1n el destino de la humanidad en el siglo XXI. A partir de un enfoque divulgativo y reflexivo, la obra analiza amenazas globales como el crecimiento demogr\u00e1fico, el cambio clim\u00e1tico, la crisis energ\u00e9tica, los conflictos geopol\u00edticos, el terrorismo, las desigualdades econ\u00f3micas y el riesgo nuclear.<\/p>\n<p> El autor examina c\u00f3mo el desarrollo tecnol\u00f3gico, los modelos econ\u00f3micos y las decisiones pol\u00edticas est\u00e1n transformando el planeta y condicionando nuestro porvenir. Frente a un mundo cada vez m\u00e1s interconectado y vulnerable, el libro invita a reflexionar sobre la sostenibilidad, la justicia social y la responsabilidad colectiva.<\/p>\n<p> Lejos del catastrofismo, esta obra propone comprender la realidad actual para anticipar los riesgos del futuro y construir una humanidad m\u00e1s consciente, solidaria y preparada para los retos que ya est\u00e1n en marcha.<\/p>\n","protected":false},"excerpt":{"rendered":"<p>ANTOINE O. PALLMALL<\/p>\n","protected":false},"featured_media":1097318,"template":"","meta":{"_acf_changed":false,"om_disable_all_campaigns":false,"rs_blank_template":"","rs_page_bg_color":"","slide_template_v7":"","inline_featured_image":false,"_monsterinsights_skip_tracking":false,"_monsterinsights_sitenote_active":false,"_monsterinsights_sitenote_note":"","_monsterinsights_sitenote_category":0},"product_brand":[],"product_cat":[434,159,162,436],"product_tag":[],"class_list":{"0":"post-1097306","1":"product","2":"type-product","3":"status-publish","4":"has-post-thumbnail","6":"product_cat-autores-sociologia-2_humanidades","7":"product_cat-autors","8":"product_cat-economica-i-politica","9":"product_cat-economica-y-politica","11":"first","12":"instock","13":"taxable","14":"shipping-taxable","15":"purchasable","16":"product-type-simple"},"acf":{"autor":"ANTOINE O. PALLMALL","codart":"841028654","libros-coleccion":"","ediciones":"1","encuadernacion":"R\u00fastica","fecha_de_publicacion":"01\/03\/2026","novedad":"1","paginas":"695","subtitulo":"SITUACI\u00d3N ACTUAL Y FUTURO DE LA HUMANIDAD","orden":"0","portada":"0","idioma":"spa","booktrailer":"","resenas":"","editorial":[{"ID":1064418,"post_author":"3","post_date":"2025-11-06 16:35:17","post_date_gmt":"2025-11-06 15:35:17","post_content":"","post_title":"Ediciones Alfar S.A.","post_excerpt":"","post_status":"publish","comment_status":"closed","ping_status":"closed","post_password":"","post_name":"ediciones-alfar-s-a","to_ping":"","pinged":"","post_modified":"2025-11-06 16:35:17","post_modified_gmt":"2025-11-06 15:35:17","post_content_filtered":"","post_parent":0,"guid":"https:\/\/www.claret.cat\/editorial\/ediciones-alfar-s-a\/","menu_order":0,"post_type":"editorial","post_mime_type":"","comment_count":"0","filter":"raw"}]},"aioseo_notices":[],"_links":{"self":[{"href":"https:\/\/www.claret.cat\/es\/wp-json\/wp\/v2\/product\/1097306","targetHints":{"allow":["GET"]}}],"collection":[{"href":"https:\/\/www.claret.cat\/es\/wp-json\/wp\/v2\/product"}],"about":[{"href":"https:\/\/www.claret.cat\/es\/wp-json\/wp\/v2\/types\/product"}],"wp:featuredmedia":[{"embeddable":true,"href":"https:\/\/www.claret.cat\/es\/wp-json\/wp\/v2\/media\/1097318"}],"wp:attachment":[{"href":"https:\/\/www.claret.cat\/es\/wp-json\/wp\/v2\/media?parent=1097306"}],"wp:term":[{"taxonomy":"product_brand","embeddable":true,"href":"https:\/\/www.claret.cat\/es\/wp-json\/wp\/v2\/product_brand?post=1097306"},{"taxonomy":"product_cat","embeddable":true,"href":"https:\/\/www.claret.cat\/es\/wp-json\/wp\/v2\/product_cat?post=1097306"},{"taxonomy":"product_tag","embeddable":true,"href":"https:\/\/www.claret.cat\/es\/wp-json\/wp\/v2\/product_tag?post=1097306"}],"curies":[{"name":"wp","href":"https:\/\/api.w.org\/{rel}","templated":true}]}}